{"id":718832,"date":"2025-08-27T18:14:20","date_gmt":"2025-08-27T15:14:20","guid":{"rendered":"https:\/\/roveyayinevi.com.tr\/index.php\/urun\/mukemmel-degil-cesur-ol\/"},"modified":"2026-04-13T02:33:17","modified_gmt":"2026-04-12T23:33:17","slug":"mukemmel-degil-cesur-ol","status":"publish","type":"product","link":"https:\/\/roveyayinevi.com.tr\/index.php\/urun\/mukemmel-degil-cesur-ol\/","title":{"rendered":"M\u00fckemmel De\u011fil Cesur Ol"},"content":{"rendered":"<p>Elma Yay\u0131nevi, Reshma Saujani\u2019nin bir\u00e7ok \u00fclkede yay\u0131mlanan ve \u201cUluslararas\u0131 \u00c7ok Satan\u201d listelerine giren kitab\u0131, M\u00fckemmel De\u011fil Cesur Ol adl\u0131 eserini okuyucuyla bulu\u015fturuyor.  \u201cKod Yazan K\u0131zlar\u201d hareketiyle ba\u015flayan ve \u201cM\u00fckemmel De\u011fil Cesur Ol\u201d mesaj\u0131yla b\u00fcy\u00fcyen toplumsal bir de\u011fi\u015fimi anlat\u0131yor yazar, \u201cBu kitab\u0131 yazd\u0131m \u00e7\u00fcnk\u00fc her birimizin en b\u00fcy\u00fck hayallerimize ula\u015fmak i\u00e7in yeterince cesur olmay\u0131 \u00f6\u011frenebilece\u011fine inan\u0131yorum. Bu hayal bir milyarder olmak, Everest\u2019e t\u0131rmanmak ya da ele\u015ftirilme korkusundan uzak ya\u015famak olsun; bunun yolu kafam\u0131zdaki kusursuz kad\u0131n alg\u0131s\u0131n\u0131 yeniden kodlay\u0131p yerine cesaretli olmay\u0131 koymaktan ge\u00e7iyor. \u2026Her \u015feyin \u00fcstesinden gelmek m\u00fckem mellik gerektirmez, cesaret ister. Kontrol\u00fc b\u0131rakmak ve devretmek, %100&#8217;\u00fc hedeflemek, ancak %90&#8217;a da girseniz iyi olmak, hata yapmak ve utanmadan buna sahip \u00e7\u0131kmak cesaret ister.\u201d (Kitab\u0131n i\u00e7inden Yazar Hakk\u0131nda: Reshma Saujani, Uganda\u2019dadaki diktat\u00f6rl\u00fckten ka\u00e7arak Amerika\u2019ya g\u00f6\u00e7m\u00fc\u015f Hintli bir ailenin k\u0131z\u0131. \u00c7ocukluk, gen\u00e7 k\u0131zl\u0131k d\u00f6neminde Amerika\u2019da ya\u015fayan her g\u00f6\u00e7men ailenin ya\u015fad\u0131\u011f\u0131 s\u0131k\u0131nt\u0131lara benzer s\u0131k\u0131nt\u0131lar ya\u015f\u0131yor. Buna ra\u011fmen sonuna kadar direniyor, istedi\u011fi e\u011fitimi al\u0131yor ve kendisine bir hayat kuruyor. \u015eimdi de kendini Hint as\u0131ll\u0131 Amerikal\u0131 bir kad\u0131n olarak tan\u0131ml\u0131yor Reshma. Ayn\u0131 zamanda \u201cKod Yazan K\u0131zlar\u201d\u0131n CEO\u2019su.<\/p>\n","protected":false},"excerpt":{"rendered":"<p>Elma Yay\u0131nevi, Reshma Saujani\u2019nin bir\u00e7ok \u00fclkede yay\u0131mlanan ve \u201cUluslararas\u0131 \u00c7ok Satan\u201d listelerine giren kitab\u0131, M\u00fckemmel De\u011fil Cesur Ol adl\u0131 eserini okuyucuyla bulu\u015fturuyor. \u201cKod Yazan K\u0131zlar\u201d hareketiyle<span class=\"excerpt-hellip\"> [\u2026]<\/span><\/p>\n","protected":false},"featured_media":0,"template":"","meta":{"_monsterinsights_skip_tracking":false,"_monsterinsights_sitenote_active":false,"_monsterinsights_sitenote_note":"","_monsterinsights_sitenote_category":0},"product_brand":[],"product_cat":[12364,12376],"product_tag":[],"class_list":{"0":"post-718832","1":"product","2":"type-product","3":"status-publish","5":"product_cat-genel-konular","6":"product_cat-kisisel-gelisim","7":"pa_cilt-ciltsiz","8":"pa_tur-kitap","9":"pa_yayinevi-elma-yayinevi","10":"pa_yazar-reshma-saujani","12":"first","13":"instock","14":"sale","15":"shipping-taxable","16":"purchasable","17":"product-type-simple"},"_links":{"self":[{"href":"https:\/\/roveyayinevi.com.tr\/index.php\/wp-json\/wp\/v2\/product\/718832","targetHints":{"allow":["GET"]}}],"collection":[{"href":"https:\/\/roveyayinevi.com.tr\/index.php\/wp-json\/wp\/v2\/product"}],"about":[{"href":"https:\/\/roveyayinevi.com.tr\/index.php\/wp-json\/wp\/v2\/types\/product"}],"wp:attachment":[{"href":"https:\/\/roveyayinevi.com.tr\/index.php\/wp-json\/wp\/v2\/media?parent=718832"}],"wp:term":[{"taxonomy":"product_brand","embeddable":true,"href":"https:\/\/roveyayinevi.com.tr\/index.php\/wp-json\/wp\/v2\/product_brand?post=718832"},{"taxonomy":"product_cat","embeddable":true,"href":"https:\/\/roveyayinevi.com.tr\/index.php\/wp-json\/wp\/v2\/product_cat?post=718832"},{"taxonomy":"product_tag","embeddable":true,"href":"https:\/\/roveyayinevi.com.tr\/index.php\/wp-json\/wp\/v2\/product_tag?post=718832"}],"curies":[{"name":"wp","href":"https:\/\/api.w.org\/{rel}","templated":true}]}}