{"id":718831,"date":"2025-08-27T18:14:19","date_gmt":"2025-08-27T15:14:19","guid":{"rendered":"https:\/\/roveyayinevi.com.tr\/index.php\/urun\/nazimin-harp-okulu-ve-donanma-davalari\/"},"modified":"2026-04-16T02:26:51","modified_gmt":"2026-04-15T23:26:51","slug":"nazimin-harp-okulu-ve-donanma-davalari","status":"publish","type":"product","link":"https:\/\/roveyayinevi.com.tr\/index.php\/urun\/nazimin-harp-okulu-ve-donanma-davalari\/","title":{"rendered":"Naz\u0131m&#8217;\u0131n Harp Okulu ve Donanma Davalar\u0131"},"content":{"rendered":"<p>Bundan tam 81 y\u0131l \u00f6nce, T\u00fcrk ordusuna ilk kumpas nas\u0131l kuruldu?  1938 Harp Okulu ve Donanma davalar\u0131n\u0131n, Ergenekon, Balyoz, Poyrazk\u00f6y, vb. tertiplerle benzerli\u011fi neydi? Bu davalarla, T\u00fcrkiye sosyalist hareketi nas\u0131l hedef al\u0131nd\u0131? N\u00e2z\u0131m Hikmet\u2019in 13 y\u0131l hapiste kalmas\u0131na neden olan gerek\u00e7eler\u2026  Harp Okulu\u2019nda kitap okumak nas\u0131l su\u00e7 oldu? Bu tertiplerde Genelkurmay Ba\u015fkan\u0131 Mare\u015fal Fevzi \u00c7akmak\u2019\u0131n rol\u00fc\u2026 \u201cMilli \u015eef\u201d y\u00f6netimindeki T\u00fcrkiye\u2026 <\/p>\n","protected":false},"excerpt":{"rendered":"<p>Bundan tam 81 y\u0131l \u00f6nce, T\u00fcrk ordusuna ilk kumpas nas\u0131l kuruldu? 1938 Harp Okulu ve Donanma davalar\u0131n\u0131n, Ergenekon, Balyoz, Poyrazk\u00f6y, vb. tertiplerle benzerli\u011fi neydi? Bu davalarla,<span class=\"excerpt-hellip\"> [\u2026]<\/span><\/p>\n","protected":false},"featured_media":0,"template":"","meta":{"_monsterinsights_skip_tracking":false,"_monsterinsights_sitenote_active":false,"_monsterinsights_sitenote_note":"","_monsterinsights_sitenote_category":0},"product_brand":[],"product_cat":[12370,12304],"product_tag":[],"class_list":{"0":"post-718831","1":"product","2":"type-product","3":"status-publish","5":"product_cat-arastirma-inceleme","6":"product_cat-tarih","7":"pa_cilt-ciltsiz","8":"pa_tur-kitap","9":"pa_yayinevi-kirmizi-kedi-yayinevi","10":"pa_yazar-hikmet-cicek","12":"first","13":"instock","14":"sale","15":"shipping-taxable","16":"purchasable","17":"product-type-simple"},"_links":{"self":[{"href":"https:\/\/roveyayinevi.com.tr\/index.php\/wp-json\/wp\/v2\/product\/718831","targetHints":{"allow":["GET"]}}],"collection":[{"href":"https:\/\/roveyayinevi.com.tr\/index.php\/wp-json\/wp\/v2\/product"}],"about":[{"href":"https:\/\/roveyayinevi.com.tr\/index.php\/wp-json\/wp\/v2\/types\/product"}],"wp:attachment":[{"href":"https:\/\/roveyayinevi.com.tr\/index.php\/wp-json\/wp\/v2\/media?parent=718831"}],"wp:term":[{"taxonomy":"product_brand","embeddable":true,"href":"https:\/\/roveyayinevi.com.tr\/index.php\/wp-json\/wp\/v2\/product_brand?post=718831"},{"taxonomy":"product_cat","embeddable":true,"href":"https:\/\/roveyayinevi.com.tr\/index.php\/wp-json\/wp\/v2\/product_cat?post=718831"},{"taxonomy":"product_tag","embeddable":true,"href":"https:\/\/roveyayinevi.com.tr\/index.php\/wp-json\/wp\/v2\/product_tag?post=718831"}],"curies":[{"name":"wp","href":"https:\/\/api.w.org\/{rel}","templated":true}]}}