{"id":718830,"date":"2025-08-27T18:14:18","date_gmt":"2025-08-27T15:14:18","guid":{"rendered":"https:\/\/roveyayinevi.com.tr\/index.php\/urun\/medeni-cumhuriyet-katilimci-hayatin-sosyolojisi\/"},"modified":"2026-04-16T02:26:51","modified_gmt":"2026-04-15T23:26:51","slug":"medeni-cumhuriyet-katilimci-hayatin-sosyolojisi","status":"publish","type":"product","link":"https:\/\/roveyayinevi.com.tr\/index.php\/urun\/medeni-cumhuriyet-katilimci-hayatin-sosyolojisi\/","title":{"rendered":"Medeni Cumhuriyet  Kat\u0131l\u0131mc\u0131 Hayat\u0131n Sosyolojisi"},"content":{"rendered":"<p>Cumhuriyet\u00e7ili\u011fi kendisine temel ilke edinmi\u015f bir \u00fclkenin halk\u0131 olarak cumhuriyet denen \u015fey hakk\u0131nda olduk\u00e7a az bilgi sahibiyiz. Medeni Cumhuriyet, bu bo\u015fluu doldururken yak\u0131n siyasi ve k\u00fclt\u00fcrel tarihimizin bir de\u011ferlendirmesini sunuyor ve cumhuriyet\u00e7ili\u011fin gelece\u011fine dair \u00f6nemli tezler \u00f6ne s\u00fcr\u00fcyor. 1950 ve 60\u2019lar\u0131n \u015fiir \u00e7evirilerinden Bo\u011fazi\u00e7i \u00dcniversitesi\u2019nin tarihine, Yunan ve orta\u00e7a\u011f \u015fehir devletlerinin kurulu\u015fundan g\u00fcn\u00fcm\u00fcz\u00fcn yerel deneyimlerine uzanan geni\u015f bir yelpaze i\u00e7erisinde cumhuriyet\u00e7ili\u011fin tarihsel ve g\u00fcncel bir arkeolojisini yap\u0131yor. T\u00fcrkiye\u2019de ve d\u00fcnyada ger\u00e7ek cumhuriyeterin geli\u015ftirilmesi i\u00e7in mevcut imkan ve k\u0131s\u0131tlar\u0131 ortaya koyan B\u00fcy\u00fckokutan\u2019a g\u00f6re cumhuriyet, Bir do\u011frudan kat\u0131l\u0131m i\u015fidir ve burada bahsedilen sadece ulusal siyasi hayata kat\u0131l\u0131m de\u011fildir. Cumhuriyet\u00e7ili\u011fin sivil toplumu romantize etmeden ciddiye al\u0131nmas\u0131. A\u015fa\u011f\u0131dan yukar\u0131ya do\u011fru i\u015flemesi ve ekmek sorununu \u00e7\u00f6zmesi gerekir. Bar\u0131\u015f B\u00fcy\u00fckokutan, sosyoloji alan\u0131ndaki doktoras\u0131n\u0131 2010\u2019da Michigan \u00dcniversitesi\u2019nde tamamlad\u0131ktan sonra Bo\u011fazi\u00e7i \u00dcniversitesi\u2019ne kat\u0131ld\u0131. 2017\u2019den beri Ko\u00e7 \u00dcniversitesi sosyoloji B\u00f6l\u00fcm\u00fc\u2019nde \u00f6\u011fretim \u00fcyesidir. 2018\u2019de Bilim kademisi Gen\u00e7 Bilm \u0130nsanlar\u0131 \u00d6d\u00fcl\u00fc\u2019ne (BAGEP) lay\u0131k g\u00f6r\u00fclm\u00fc\u015ft\u00fcr. <\/p>\n","protected":false},"excerpt":{"rendered":"<p>Cumhuriyet\u00e7ili\u011fi kendisine temel ilke edinmi\u015f bir \u00fclkenin halk\u0131 olarak cumhuriyet denen \u015fey hakk\u0131nda olduk\u00e7a az bilgi sahibiyiz. Medeni Cumhuriyet, bu bo\u015fluu doldururken yak\u0131n siyasi ve k\u00fclt\u00fcrel<span class=\"excerpt-hellip\"> [\u2026]<\/span><\/p>\n","protected":false},"featured_media":0,"template":"","meta":{"_monsterinsights_skip_tracking":false,"_monsterinsights_sitenote_active":false,"_monsterinsights_sitenote_note":"","_monsterinsights_sitenote_category":0},"product_brand":[],"product_cat":[12351,12324],"product_tag":[],"class_list":{"0":"post-718830","1":"product","2":"type-product","3":"status-publish","5":"product_cat-siyaset-sosyolojisi","6":"product_cat-sosyoloji","7":"pa_cilt-ciltsiz","8":"pa_tur-kitap","9":"pa_yayinevi-koc-universitesi-yayinlari","10":"pa_yazar-baris-buyukokutan","12":"first","13":"instock","14":"sale","15":"shipping-taxable","16":"purchasable","17":"product-type-simple"},"_links":{"self":[{"href":"https:\/\/roveyayinevi.com.tr\/index.php\/wp-json\/wp\/v2\/product\/718830","targetHints":{"allow":["GET"]}}],"collection":[{"href":"https:\/\/roveyayinevi.com.tr\/index.php\/wp-json\/wp\/v2\/product"}],"about":[{"href":"https:\/\/roveyayinevi.com.tr\/index.php\/wp-json\/wp\/v2\/types\/product"}],"wp:attachment":[{"href":"https:\/\/roveyayinevi.com.tr\/index.php\/wp-json\/wp\/v2\/media?parent=718830"}],"wp:term":[{"taxonomy":"product_brand","embeddable":true,"href":"https:\/\/roveyayinevi.com.tr\/index.php\/wp-json\/wp\/v2\/product_brand?post=718830"},{"taxonomy":"product_cat","embeddable":true,"href":"https:\/\/roveyayinevi.com.tr\/index.php\/wp-json\/wp\/v2\/product_cat?post=718830"},{"taxonomy":"product_tag","embeddable":true,"href":"https:\/\/roveyayinevi.com.tr\/index.php\/wp-json\/wp\/v2\/product_tag?post=718830"}],"curies":[{"name":"wp","href":"https:\/\/api.w.org\/{rel}","templated":true}]}}