{"id":718829,"date":"2025-08-27T18:14:08","date_gmt":"2025-08-27T15:14:08","guid":{"rendered":"https:\/\/roveyayinevi.com.tr\/index.php\/urun\/kisa-turk-tiyatrosu-tarihi\/"},"modified":"2026-04-16T02:26:51","modified_gmt":"2026-04-15T23:26:51","slug":"kisa-turk-tiyatrosu-tarihi","status":"publish","type":"product","link":"https:\/\/roveyayinevi.com.tr\/index.php\/urun\/kisa-turk-tiyatrosu-tarihi\/","title":{"rendered":"K\u0131sa T\u00fcrk Tiyatrosu Tarihi"},"content":{"rendered":"<p>\u0130lk bak\u0131\u015fta T\u00fcrk tiyatrosu deyince T\u00fcrk\u00e7e konu\u015fan budunlar\u0131n tiyatrosu anla\u015f\u0131lmak gerekir. Ancak biz burada \u00e7a\u011f ve yer bak\u0131m\u0131ndan s\u0131n\u0131rlamalara gittik, yaln\u0131z Anadolu\u2019ya yerle\u015fen T\u00fcrkiye T\u00fcrklerinin tiyatrosunu ele ald\u0131k. Anadolu Sel\u00e7uklular\u0131ndan ba\u015flayarak Beylikler, Osmanl\u0131 \u0130mparatorlu\u011fu ve T\u00fcrkiye Cumhuriyeti\u2019nin tiyatrosunu g\u00f6z \u00f6n\u00fcnde tuttuk&#8230; \u00d6mr\u00fcn\u00fc tiyatromuzun her evresini ara\u015ft\u0131rmaya adam\u0131\u015f Metin And\u2019\u0131n bize b\u0131rakt\u0131\u011f\u0131 \u00e7ok de\u011ferli kaynaklardan biri. Geleneksel T\u00fcrk Tiyatrosu, Tanzimat ve \u0130stibdat Tiyatrosu, Me\u015frutiyet Tiyatrosu, Cumhuriyet Tiyatrosu olmak \u00fczere d\u00f6rt b\u00f6l\u00fcmden olu\u015fan kitap; d\u00f6nemlere g\u00f6re tiyatro anlay\u0131\u015f\u0131, halk\u0131n ve y\u00f6netimlerin yakla\u015f\u0131m\u0131, yasaklar, destekler, ba\u015fl\u0131ca tiyatro topluluklar\u0131, yazarlar\u0131, kurumlar\u0131, oyunlar\u0131, oyuncular\u0131yla adeta bir ge\u00e7it t\u00f6reni niteli\u011finde. Seyirlik k\u00f6y oyunlar\u0131ndan T\u00fcrk tiyatrosunun d\u00fcnya tiyatrosundaki yerine, Metin And tiyatro tarihimize \u0131\u015f\u0131k tutmaya devam ediyor. <\/p>\n","protected":false},"excerpt":{"rendered":"<p>\u0130lk bak\u0131\u015fta T\u00fcrk tiyatrosu deyince T\u00fcrk\u00e7e konu\u015fan budunlar\u0131n tiyatrosu anla\u015f\u0131lmak gerekir. Ancak biz burada \u00e7a\u011f ve yer bak\u0131m\u0131ndan s\u0131n\u0131rlamalara gittik, yaln\u0131z Anadolu\u2019ya yerle\u015fen T\u00fcrkiye T\u00fcrklerinin tiyatrosunu<span class=\"excerpt-hellip\"> [\u2026]<\/span><\/p>\n","protected":false},"featured_media":0,"template":"","meta":{"_monsterinsights_skip_tracking":false,"_monsterinsights_sitenote_active":false,"_monsterinsights_sitenote_note":"","_monsterinsights_sitenote_category":0},"product_brand":[],"product_cat":[12409,12408],"product_tag":[],"class_list":{"0":"post-718829","1":"product","2":"type-product","3":"status-publish","5":"product_cat-fotograf-sinema-tiyatro","6":"product_cat-sanat","7":"pa_cilt-ciltsiz","8":"pa_tur-kitap","9":"pa_yayinevi-yapi-kredi-yayinlari","10":"pa_yazar-metin-and","12":"first","13":"instock","14":"sale","15":"shipping-taxable","16":"purchasable","17":"product-type-simple"},"_links":{"self":[{"href":"https:\/\/roveyayinevi.com.tr\/index.php\/wp-json\/wp\/v2\/product\/718829","targetHints":{"allow":["GET"]}}],"collection":[{"href":"https:\/\/roveyayinevi.com.tr\/index.php\/wp-json\/wp\/v2\/product"}],"about":[{"href":"https:\/\/roveyayinevi.com.tr\/index.php\/wp-json\/wp\/v2\/types\/product"}],"wp:attachment":[{"href":"https:\/\/roveyayinevi.com.tr\/index.php\/wp-json\/wp\/v2\/media?parent=718829"}],"wp:term":[{"taxonomy":"product_brand","embeddable":true,"href":"https:\/\/roveyayinevi.com.tr\/index.php\/wp-json\/wp\/v2\/product_brand?post=718829"},{"taxonomy":"product_cat","embeddable":true,"href":"https:\/\/roveyayinevi.com.tr\/index.php\/wp-json\/wp\/v2\/product_cat?post=718829"},{"taxonomy":"product_tag","embeddable":true,"href":"https:\/\/roveyayinevi.com.tr\/index.php\/wp-json\/wp\/v2\/product_tag?post=718829"}],"curies":[{"name":"wp","href":"https:\/\/api.w.org\/{rel}","templated":true}]}}