{"id":718828,"date":"2025-08-27T18:14:07","date_gmt":"2025-08-27T15:14:07","guid":{"rendered":"https:\/\/roveyayinevi.com.tr\/index.php\/urun\/askin-metafizigi-2\/"},"modified":"2026-04-16T02:26:50","modified_gmt":"2026-04-15T23:26:50","slug":"askin-metafizigi-2","status":"publish","type":"product","link":"https:\/\/roveyayinevi.com.tr\/index.php\/urun\/askin-metafizigi-2\/","title":{"rendered":"A\u015fk\u0131n Metafizi\u011fi"},"content":{"rendered":"<p>Arthur Schopenhauer, A\u015fk\u0131n Metafizi\u011fi\u2019nde sevgi ve a\u015fk\u0131n olu\u015fumunu, insan ili\u015fkileri i\u00e7indeki g\u00f6r\u00fcn\u00fcrl\u00fc\u011f\u00fcn\u00fc ve i\u015flevlerini kendi \u00f6zg\u00fcn felsefesi i\u00e7inde inceliyor. A\u015fk\u0131n Metafizi\u011fi\u2019ne Schopenhauer\u2019\u0131n se\u00e7me metinleri ve kitab\u0131n \u00e7evirmeni Selahattin Hilav\u2019\u0131n Schopenhauer\u2019\u0131n felsefesine dair incelikli de\u011ferlendirmesi e\u015flik ediyor. \u201c\u2026hayat\u0131n g\u00fcr\u00fclt\u00fc pat\u0131rt\u0131s\u0131na g\u00f6z atacak olursak, b\u00fct\u00fcn insanlar\u0131n, ya\u015faman\u0131n gerekleri ve zavall\u0131l\u0131klar\u0131 ile u\u011fra\u015ft\u0131klar\u0131n\u0131, b\u00fct\u00fcn g\u00fc\u00e7leriyle bu ya\u015faman\u0131n bitmek t\u00fckenmek bilmeyen gereksinimlerini gidermeye ve \u00e7e\u015fitli ac\u0131lar\u0131n\u0131 uzakla\u015ft\u0131rmaya \u00e7al\u0131\u015ft\u0131klar\u0131n\u0131 ve buna kar\u015f\u0131l\u0131k, bu ac\u0131 \u00e7eken varl\u0131\u011f\u0131 daha bir s\u00fcre devam ettirmekten ba\u015fka bir \u015feyi ummaya bile kalk\u0131\u015fmad\u0131klar\u0131n\u0131 g\u00f6r\u00fcr\u00fcz. Bununla birlikte, bu g\u00fcr\u00fclt\u00fc pat\u0131rt\u0131n\u0131n i\u00e7inde \u00e2\u015f\u0131klar\u0131n, istek dolu bak\u0131\u015flarla birbirlerini s\u00fczd\u00fcklerini de g\u00f6r\u00fcr\u00fcz. Peki, bu bak\u0131\u015flar ni\u00e7in gizli, \u00fcrkek ve ka\u00e7amakt\u0131r? \u00c7\u00fcnk\u00fc \u00e2\u015f\u0131klar, b\u00fct\u00fcn bu yoksunlu\u011fu ve d\u00fc\u015fk\u00fcnl\u00fc\u011f\u00fc s\u00fcrd\u00fcrmek isteyen hainlerdir; onlar olmasa, yoksunluk ve d\u00fc\u015fk\u00fcnl\u00fck sona erer. \u00c2\u015f\u0131klar\u0131n bo\u015fa \u00e7\u0131karmak istedi\u011fi, t\u0131pk\u0131 kendilerinden \u00f6ncekilerin \u00e7\u0131kard\u0131\u011f\u0131 bu sona eri\u015ftir i\u015fte!\u201d <\/p>\n","protected":false},"excerpt":{"rendered":"<p>Arthur Schopenhauer, A\u015fk\u0131n Metafizi\u011fi\u2019nde sevgi ve a\u015fk\u0131n olu\u015fumunu, insan ili\u015fkileri i\u00e7indeki g\u00f6r\u00fcn\u00fcrl\u00fc\u011f\u00fcn\u00fc ve i\u015flevlerini kendi \u00f6zg\u00fcn felsefesi i\u00e7inde inceliyor. A\u015fk\u0131n Metafizi\u011fi\u2019ne Schopenhauer\u2019\u0131n se\u00e7me metinleri ve kitab\u0131n<span class=\"excerpt-hellip\"> [\u2026]<\/span><\/p>\n","protected":false},"featured_media":0,"template":"","meta":{"_monsterinsights_skip_tracking":false,"_monsterinsights_sitenote_active":false,"_monsterinsights_sitenote_note":"","_monsterinsights_sitenote_category":0},"product_brand":[],"product_cat":[12389,12388],"product_tag":[],"class_list":{"0":"post-718828","1":"product","2":"type-product","3":"status-publish","5":"product_cat-diger-felsefe","6":"product_cat-felsefe","7":"pa_cilt-ciltsiz","8":"pa_tur-kitap","9":"pa_yayinevi-yapi-kredi-yayinlari","10":"pa_yazar-arthur-schopenhauer","12":"first","13":"instock","14":"sale","15":"shipping-taxable","16":"purchasable","17":"product-type-simple"},"_links":{"self":[{"href":"https:\/\/roveyayinevi.com.tr\/index.php\/wp-json\/wp\/v2\/product\/718828","targetHints":{"allow":["GET"]}}],"collection":[{"href":"https:\/\/roveyayinevi.com.tr\/index.php\/wp-json\/wp\/v2\/product"}],"about":[{"href":"https:\/\/roveyayinevi.com.tr\/index.php\/wp-json\/wp\/v2\/types\/product"}],"wp:attachment":[{"href":"https:\/\/roveyayinevi.com.tr\/index.php\/wp-json\/wp\/v2\/media?parent=718828"}],"wp:term":[{"taxonomy":"product_brand","embeddable":true,"href":"https:\/\/roveyayinevi.com.tr\/index.php\/wp-json\/wp\/v2\/product_brand?post=718828"},{"taxonomy":"product_cat","embeddable":true,"href":"https:\/\/roveyayinevi.com.tr\/index.php\/wp-json\/wp\/v2\/product_cat?post=718828"},{"taxonomy":"product_tag","embeddable":true,"href":"https:\/\/roveyayinevi.com.tr\/index.php\/wp-json\/wp\/v2\/product_tag?post=718828"}],"curies":[{"name":"wp","href":"https:\/\/api.w.org\/{rel}","templated":true}]}}