{"id":718827,"date":"2025-08-27T18:14:06","date_gmt":"2025-08-27T15:14:06","guid":{"rendered":"https:\/\/roveyayinevi.com.tr\/index.php\/urun\/konus-ki-goreyim-seni-radyo-oyunu-uyarlamalari-i\/"},"modified":"2026-04-16T02:26:50","modified_gmt":"2026-04-15T23:26:50","slug":"konus-ki-goreyim-seni-radyo-oyunu-uyarlamalari-i","status":"publish","type":"product","link":"https:\/\/roveyayinevi.com.tr\/index.php\/urun\/konus-ki-goreyim-seni-radyo-oyunu-uyarlamalari-i\/","title":{"rendered":"Konu\u015f ki G\u00f6reyim Seni \u2013 Radyo Oyunu Uyarlamalar\u0131 I"},"content":{"rendered":"<p>Bu kitapta Beh\u00e7et Necatigil\u2019in 1966-1977 y\u0131llar\u0131 aras\u0131nda radyoda yay\u0131nlanan on iki uyarlamas\u0131 yer al\u0131yor. Ge\u00e7mi\u015f edebiyat\u0131m\u0131z\u0131n \u00e7e\u015fitli d\u00f6nemlerinden se\u00e7ti\u011fi bu eserlerle birlikte, radyolarda yay\u0131nlanan Necatigil oyunlar\u0131n\u0131n \u00e7eviriler d\u0131\u015f\u0131nda tamam\u0131 b\u00f6ylece kitapla\u015fm\u0131\u015f oldu. Ahmet Mithat Efendi, Fatma Aliye, Aziz Efendi ya da N\u00e2biz\u00e2de N\u00e2z\u0131m gibi yazarlardan uyarlad\u0131\u011f\u0131 eserlerin yan\u0131 s\u0131ra Kerem ile Asl\u0131, Melik\u015fah ile G\u00fcll\u00fchan, Tayyarz\u00e2de gibi halk hik\u00e2yelerinden mikrofona konan bu oyunlar Necatigil\u2019in beslendi\u011fi kaynaklar\u0131 g\u00f6rmek bak\u0131m\u0131ndan da birer ipucu de\u011feri ta\u015f\u0131yor. Radyo oyununu \u015fiire en yak\u0131n t\u00fcr olarak g\u00f6ren Necatigil, iyi kurulmu\u015f, diyaloglar\u0131 iyi ayarlanm\u0131\u015f radyo oyununun bir \u015fiir yorumu oldu\u011funu s\u00f6yler. Radyo oyununda her \u015fey kulakla, kulak yoluyla g\u00f6r\u00fcl\u00fcr ve karanl\u0131k, yanan l\u00e2mbalarla de\u011fil, konu\u015fmalar, i\u00e7 monologlar, sesler ve hayalde b\u00fct\u00fcnle\u015fmelerle a\u00e7\u0131l\u0131r, a\u011far\u0131r. <\/p>\n","protected":false},"excerpt":{"rendered":"<p>Bu kitapta Beh\u00e7et Necatigil\u2019in 1966-1977 y\u0131llar\u0131 aras\u0131nda radyoda yay\u0131nlanan on iki uyarlamas\u0131 yer al\u0131yor. Ge\u00e7mi\u015f edebiyat\u0131m\u0131z\u0131n \u00e7e\u015fitli d\u00f6nemlerinden se\u00e7ti\u011fi bu eserlerle birlikte, radyolarda yay\u0131nlanan Necatigil oyunlar\u0131n\u0131n<span class=\"excerpt-hellip\"> [\u2026]<\/span><\/p>\n","protected":false},"featured_media":0,"template":"","meta":{"_monsterinsights_skip_tracking":false,"_monsterinsights_sitenote_active":false,"_monsterinsights_sitenote_note":"","_monsterinsights_sitenote_category":0},"product_brand":[],"product_cat":[12291,15566],"product_tag":[],"class_list":{"0":"post-718827","1":"product","2":"type-product","3":"status-publish","5":"product_cat-edebiyat","6":"product_cat-oyun","7":"pa_cilt-ciltsiz","8":"pa_tur-kitap","9":"pa_yayinevi-yapi-kredi-yayinlari","10":"pa_yazar-behcet-necatigil","12":"first","13":"instock","14":"sale","15":"shipping-taxable","16":"purchasable","17":"product-type-simple"},"_links":{"self":[{"href":"https:\/\/roveyayinevi.com.tr\/index.php\/wp-json\/wp\/v2\/product\/718827","targetHints":{"allow":["GET"]}}],"collection":[{"href":"https:\/\/roveyayinevi.com.tr\/index.php\/wp-json\/wp\/v2\/product"}],"about":[{"href":"https:\/\/roveyayinevi.com.tr\/index.php\/wp-json\/wp\/v2\/types\/product"}],"wp:attachment":[{"href":"https:\/\/roveyayinevi.com.tr\/index.php\/wp-json\/wp\/v2\/media?parent=718827"}],"wp:term":[{"taxonomy":"product_brand","embeddable":true,"href":"https:\/\/roveyayinevi.com.tr\/index.php\/wp-json\/wp\/v2\/product_brand?post=718827"},{"taxonomy":"product_cat","embeddable":true,"href":"https:\/\/roveyayinevi.com.tr\/index.php\/wp-json\/wp\/v2\/product_cat?post=718827"},{"taxonomy":"product_tag","embeddable":true,"href":"https:\/\/roveyayinevi.com.tr\/index.php\/wp-json\/wp\/v2\/product_tag?post=718827"}],"curies":[{"name":"wp","href":"https:\/\/api.w.org\/{rel}","templated":true}]}}