{"id":718826,"date":"2025-08-27T18:14:05","date_gmt":"2025-08-27T15:14:05","guid":{"rendered":"https:\/\/roveyayinevi.com.tr\/index.php\/urun\/kirli-agustos\/"},"modified":"2026-04-16T02:26:50","modified_gmt":"2026-04-15T23:26:50","slug":"kirli-agustos","status":"publish","type":"product","link":"https:\/\/roveyayinevi.com.tr\/index.php\/urun\/kirli-agustos\/","title":{"rendered":"Kirli A\u011fustos"},"content":{"rendered":"<p>\u0130lk kez 1970 y\u0131l\u0131nda De Yay\u0131nevi\u2019nden \u00e7\u0131kan Kirli A\u011fustos, 49 y\u0131l sonra ayr\u0131 bask\u0131 olarak \u015fimdi Yap\u0131 Kredi Yay\u0131nlar\u0131\u2019nda. \u0130lkel bir ac\u0131 gibi D\u00fc\u015f\u00fcverdi ilk bak\u0131\u015f g\u00f6zlerinden Kaskat\u0131. Ve belirdi sanki y\u00fcz\u00fcnde G\u00f6r\u00fcn\u00fcrdeki tek \u015fey: daha sonra da olmak \u00c7\u0131kard\u0131 birden \u015fapkas\u0131n\u0131 ve \u00e7\u0131kard\u0131 \u015fapkas\u0131n\u0131, \u015fapkas\u0131n\u0131 \u015eapka m\u0131, de\u011fil mi, bir \u015fapka hayaleti mi belki Bir bira i\u00e7ti ve vurup gitti kap\u0131y\u0131 ard\u0131ndan Y\u00fcr\u00fcd\u00fc, ge\u00e7ti, kuru otlar Yapraklar yak\u0131lan bir caddeyi. Peki, \u00f6len kimdi. <\/p>\n","protected":false},"excerpt":{"rendered":"<p>\u0130lk kez 1970 y\u0131l\u0131nda De Yay\u0131nevi\u2019nden \u00e7\u0131kan Kirli A\u011fustos, 49 y\u0131l sonra ayr\u0131 bask\u0131 olarak \u015fimdi Yap\u0131 Kredi Yay\u0131nlar\u0131\u2019nda. \u0130lkel bir ac\u0131 gibi D\u00fc\u015f\u00fcverdi ilk bak\u0131\u015f<span class=\"excerpt-hellip\"> [\u2026]<\/span><\/p>\n","protected":false},"featured_media":0,"template":"","meta":{"_monsterinsights_skip_tracking":false,"_monsterinsights_sitenote_active":false,"_monsterinsights_sitenote_note":"","_monsterinsights_sitenote_category":0},"product_brand":[],"product_cat":[12291,12509],"product_tag":[],"class_list":{"0":"post-718826","1":"product","2":"type-product","3":"status-publish","5":"product_cat-edebiyat","6":"product_cat-siir","7":"pa_cilt-ciltsiz","8":"pa_tur-kitap","9":"pa_yayinevi-yapi-kredi-yayinlari","10":"pa_yazar-edip-cansever","12":"first","13":"instock","14":"sale","15":"shipping-taxable","16":"purchasable","17":"product-type-simple"},"_links":{"self":[{"href":"https:\/\/roveyayinevi.com.tr\/index.php\/wp-json\/wp\/v2\/product\/718826","targetHints":{"allow":["GET"]}}],"collection":[{"href":"https:\/\/roveyayinevi.com.tr\/index.php\/wp-json\/wp\/v2\/product"}],"about":[{"href":"https:\/\/roveyayinevi.com.tr\/index.php\/wp-json\/wp\/v2\/types\/product"}],"wp:attachment":[{"href":"https:\/\/roveyayinevi.com.tr\/index.php\/wp-json\/wp\/v2\/media?parent=718826"}],"wp:term":[{"taxonomy":"product_brand","embeddable":true,"href":"https:\/\/roveyayinevi.com.tr\/index.php\/wp-json\/wp\/v2\/product_brand?post=718826"},{"taxonomy":"product_cat","embeddable":true,"href":"https:\/\/roveyayinevi.com.tr\/index.php\/wp-json\/wp\/v2\/product_cat?post=718826"},{"taxonomy":"product_tag","embeddable":true,"href":"https:\/\/roveyayinevi.com.tr\/index.php\/wp-json\/wp\/v2\/product_tag?post=718826"}],"curies":[{"name":"wp","href":"https:\/\/api.w.org\/{rel}","templated":true}]}}