{"id":718824,"date":"2025-08-27T18:14:04","date_gmt":"2025-08-27T15:14:04","guid":{"rendered":"https:\/\/roveyayinevi.com.tr\/index.php\/urun\/hayat-farkindan-sonra-baslar\/"},"modified":"2026-04-08T02:34:09","modified_gmt":"2026-04-07T23:34:09","slug":"hayat-farkindan-sonra-baslar","status":"publish","type":"product","link":"https:\/\/roveyayinevi.com.tr\/index.php\/urun\/hayat-farkindan-sonra-baslar\/","title":{"rendered":"Hayat Fark\u0131ndan Sonra Ba\u015flar"},"content":{"rendered":"<p>Bo\u015f g\u00f6rme, ho\u015f g\u00f6r! Yaz mevsiminde k\u0131\u015fa, k\u0131\u015fta yaza \u00f6zlem duyan ve hayat\u0131ndaki mevsimleri ya\u015fayamayan, \u00e2n\u0131 \u0131skalayanlar\u0131n say\u0131s\u0131 o kadar \u00e7ok ki&#8230; \u0130leride a\u00e7, susuz kalabilirim endi\u015fesi i\u00e7inde, bir yudum sudaki mucizelerin fark\u0131na varamadan t\u00fckenen \u00f6m\u00fcrler o kadar fazla ki&#8230; Oysa mutluluk veya mutsuzluk, \u00f6m\u00fcr yolculu\u011fundaki fark\u0131ndal\u0131\u011f\u0131m\u0131zla in\u015fa ediliyor.Bunun sorumlulu\u011fu da bize ait. Evren konu\u015fuyor, yery\u00fcz\u00fc konu\u015fuyor, g\u00f6ky\u00fcz\u00fc konu\u015fuyor, bedenimiz konu\u015fuyor, yeter ki i\u015fitmeye niyet edelim. Adnan \u015eim\u015fek, kendinin ve evrenin fark\u0131nda olmak, Yaratan\u2019\u0131n fark\u0131nda olmakt\u0131r, diyor. Fark\u0131nda olmak, yani; \u201cdo\u011f-b\u00fcy\u00fc-\u00f6l\u201d d\u00f6ng\u00fcs\u00fcn\u00fc k\u0131rmak.Mutlulu\u011fu, hayat\u0131n anlam\u0131n\u0131, varolu\u015fun \u00f6nem ve de\u011ferini sorguluyorsan\u0131z, hiyeroglif bir yaz\u0131 gibi \u00f6n\u00fcm\u00fczde duran evrenin s\u0131rlarla dolu alfabesini \u00e7\u00f6zmek, al\u0131\u015fkanl\u0131klar perdesini aralamak istiyorsan\u0131z bu kitap size g\u00f6re&#8230; <\/p>\n","protected":false},"excerpt":{"rendered":"<p>Bo\u015f g\u00f6rme, ho\u015f g\u00f6r! Yaz mevsiminde k\u0131\u015fa, k\u0131\u015fta yaza \u00f6zlem duyan ve hayat\u0131ndaki mevsimleri ya\u015fayamayan, \u00e2n\u0131 \u0131skalayanlar\u0131n say\u0131s\u0131 o kadar \u00e7ok ki&#8230; \u0130leride a\u00e7, susuz kalabilirim<span class=\"excerpt-hellip\"> [\u2026]<\/span><\/p>\n","protected":false},"featured_media":0,"template":"","meta":{"_monsterinsights_skip_tracking":false,"_monsterinsights_sitenote_active":false,"_monsterinsights_sitenote_note":"","_monsterinsights_sitenote_category":0},"product_brand":[],"product_cat":[12364,12376],"product_tag":[],"class_list":{"0":"post-718824","1":"product","2":"type-product","3":"status-publish","5":"product_cat-genel-konular","6":"product_cat-kisisel-gelisim","7":"pa_cilt-ciltsiz","8":"pa_tur-kitap","9":"pa_yayinevi-hayykitap","10":"pa_yazar-adnan-simsek","12":"first","13":"instock","14":"sale","15":"shipping-taxable","16":"purchasable","17":"product-type-simple"},"_links":{"self":[{"href":"https:\/\/roveyayinevi.com.tr\/index.php\/wp-json\/wp\/v2\/product\/718824","targetHints":{"allow":["GET"]}}],"collection":[{"href":"https:\/\/roveyayinevi.com.tr\/index.php\/wp-json\/wp\/v2\/product"}],"about":[{"href":"https:\/\/roveyayinevi.com.tr\/index.php\/wp-json\/wp\/v2\/types\/product"}],"wp:attachment":[{"href":"https:\/\/roveyayinevi.com.tr\/index.php\/wp-json\/wp\/v2\/media?parent=718824"}],"wp:term":[{"taxonomy":"product_brand","embeddable":true,"href":"https:\/\/roveyayinevi.com.tr\/index.php\/wp-json\/wp\/v2\/product_brand?post=718824"},{"taxonomy":"product_cat","embeddable":true,"href":"https:\/\/roveyayinevi.com.tr\/index.php\/wp-json\/wp\/v2\/product_cat?post=718824"},{"taxonomy":"product_tag","embeddable":true,"href":"https:\/\/roveyayinevi.com.tr\/index.php\/wp-json\/wp\/v2\/product_tag?post=718824"}],"curies":[{"name":"wp","href":"https:\/\/api.w.org\/{rel}","templated":true}]}}