{"id":718822,"date":"2025-08-27T18:14:02","date_gmt":"2025-08-27T15:14:02","guid":{"rendered":"https:\/\/roveyayinevi.com.tr\/index.php\/urun\/gozyaslarinin-kalesi\/"},"modified":"2026-04-16T02:26:50","modified_gmt":"2026-04-15T23:26:50","slug":"gozyaslarinin-kalesi","status":"publish","type":"product","link":"https:\/\/roveyayinevi.com.tr\/index.php\/urun\/gozyaslarinin-kalesi\/","title":{"rendered":"G\u00f6zya\u015flar\u0131n\u0131n Kalesi"},"content":{"rendered":"<p>Yapt\u0131\u011f\u0131m\u0131z tek bir k\u00f6t\u00fcl\u00fck, ka\u00e7 insan\u0131n hayat\u0131n\u0131 mahveder?Bir annenin \u00f6mr\u00fcn\u00fcn sonuna dek dudaklar\u0131n\u0131 m\u00fch\u00fcrleyen, ondan b\u00fct\u00fcn hayat\u0131n\u0131, evlad\u0131n\u0131 \u00e7alan yak\u0131c\u0131 bir s\u0131r\u2026 Her \u015feyine mal olacak olsa da o s\u0131rr\u0131n pe\u015finden gitmeye kararl\u0131 bir k\u0131z\u2026Hannah Sterling, hayat\u0131 boyunca anne s\u0131cakl\u0131\u011f\u0131na \u00f6zlem duymu\u015ftur. Annesi Lieselotte hayattayken bile, annesiz bir \u00e7ocuk gibi b\u00fcy\u00fcm\u00fc\u015f olmak kalbinde \u00e2deta s\u00fcrekli kanayan bir yara b\u0131rakm\u0131\u015ft\u0131r. Bu y\u00fczden annesinin \u00f6l\u00fcm\u00fcnden hemen sonra, yak\u0131ndayken uza\u011f\u0131nda kalan ve hi\u00e7 tan\u0131yamad\u0131\u011f\u0131 annesinin s\u0131rlar\u0131n\u0131n pe\u015fine d\u00fc\u015fmeye karar verir. \u00c7\u0131kt\u0131\u011f\u0131 bu yolculuk onu, varl\u0131\u011f\u0131ndan bile haberdar olmad\u0131\u011f\u0131, Almanya\u2019da ya\u015fayan b\u00fcy\u00fckbabas\u0131na g\u00f6t\u00fcrecektir.Otuz y\u0131l \u00f6nce, tam da \u0130kinci D\u00fcnya Sava\u015f\u0131\u2019n\u0131n ortas\u0131nda Lieselotte Sommer\u2019in y\u00fcre\u011fine ise bir yang\u0131n d\u00fc\u015fm\u00fc\u015ft\u00fcr. Kap\u0131 kom\u015fusu ve gizli gizli Nazilere kar\u015f\u0131 \u00e7al\u0131\u015fan Lukas\u2019a g\u00f6nl\u00fcn\u00fc kapt\u0131rm\u0131\u015ft\u0131r. Ancak babas\u0131 Nazi Partisi\u2019nde y\u00fckselmekte olan bir memurdur. K\u0131z\u0131n\u0131n y\u00fcre\u011finin g\u00f6t\u00fcrd\u00fc\u011f\u00fc yere gitmesine ne kadar m\u00fcsaade edecektir?Bir anneyle k\u0131z\u0131n\u0131n i\u00e7 i\u00e7e ge\u00e7en kaderi her sayfada y\u00fcre\u011finize biraz daha i\u015flerken, s\u0131rlarla dolu ge\u00e7mi\u015fin a\u011f\u0131rl\u0131\u011f\u0131 affetmenin iyile\u015ftirici g\u00fcc\u00fcne ve inanc\u0131n b\u00fcy\u00fcs\u00fcne teslim oluyor. G\u00f6zya\u015flar\u0131n\u0131n Kalesi, uzun s\u00fcre haf\u0131zalar\u0131n\u0131zdan silinmeyecek.<\/p>\n","protected":false},"excerpt":{"rendered":"<p>Yapt\u0131\u011f\u0131m\u0131z tek bir k\u00f6t\u00fcl\u00fck, ka\u00e7 insan\u0131n hayat\u0131n\u0131 mahveder?Bir annenin \u00f6mr\u00fcn\u00fcn sonuna dek dudaklar\u0131n\u0131 m\u00fch\u00fcrleyen, ondan b\u00fct\u00fcn hayat\u0131n\u0131, evlad\u0131n\u0131 \u00e7alan yak\u0131c\u0131 bir s\u0131r\u2026 Her \u015feyine mal olacak<span class=\"excerpt-hellip\"> [\u2026]<\/span><\/p>\n","protected":false},"featured_media":0,"template":"","meta":{"_monsterinsights_skip_tracking":false,"_monsterinsights_sitenote_active":false,"_monsterinsights_sitenote_note":"","_monsterinsights_sitenote_category":0},"product_brand":[],"product_cat":[12291,12711],"product_tag":[],"class_list":{"0":"post-718822","1":"product","2":"type-product","3":"status-publish","5":"product_cat-edebiyat","6":"product_cat-roman-oyku","7":"pa_cilt-ciltsiz","8":"pa_tur-kitap","9":"pa_yayinevi-arkadya-yayinlari","10":"pa_yazar-cathy-gohlke","12":"first","13":"instock","14":"sale","15":"shipping-taxable","16":"purchasable","17":"product-type-simple"},"_links":{"self":[{"href":"https:\/\/roveyayinevi.com.tr\/index.php\/wp-json\/wp\/v2\/product\/718822","targetHints":{"allow":["GET"]}}],"collection":[{"href":"https:\/\/roveyayinevi.com.tr\/index.php\/wp-json\/wp\/v2\/product"}],"about":[{"href":"https:\/\/roveyayinevi.com.tr\/index.php\/wp-json\/wp\/v2\/types\/product"}],"wp:attachment":[{"href":"https:\/\/roveyayinevi.com.tr\/index.php\/wp-json\/wp\/v2\/media?parent=718822"}],"wp:term":[{"taxonomy":"product_brand","embeddable":true,"href":"https:\/\/roveyayinevi.com.tr\/index.php\/wp-json\/wp\/v2\/product_brand?post=718822"},{"taxonomy":"product_cat","embeddable":true,"href":"https:\/\/roveyayinevi.com.tr\/index.php\/wp-json\/wp\/v2\/product_cat?post=718822"},{"taxonomy":"product_tag","embeddable":true,"href":"https:\/\/roveyayinevi.com.tr\/index.php\/wp-json\/wp\/v2\/product_tag?post=718822"}],"curies":[{"name":"wp","href":"https:\/\/api.w.org\/{rel}","templated":true}]}}