{"id":718820,"date":"2025-08-27T18:14:01","date_gmt":"2025-08-27T15:14:01","guid":{"rendered":"https:\/\/roveyayinevi.com.tr\/index.php\/urun\/neseli-cizgiler-egitici-ogretici\/"},"modified":"2026-04-16T02:26:50","modified_gmt":"2026-04-15T23:26:50","slug":"neseli-cizgiler-egitici-ogretici","status":"publish","type":"product","link":"https:\/\/roveyayinevi.com.tr\/index.php\/urun\/neseli-cizgiler-egitici-ogretici\/","title":{"rendered":"Ne\u015feli \u00c7izgiler &#8211; E\u011fitici \u00d6\u011fretici"},"content":{"rendered":"<p>Yeni Okul \u00d6ncesi Program\u0131na uygun haz\u0131rlad\u0131\u011f\u0131m\u0131z \u201cE\u011fitici-\u00d6\u011fretici Ne\u015feli \u00c7izgiler\u201d kitaplar\u0131m\u0131z\u0131 0-4 ya\u015f aras\u0131 \u00e7ocuklar\u0131m\u0131z \u00e7ok sevecek. Kalem kullanmaya yeni ba\u015flayan \u00e7ocuklar; \u00e7izerek, silerek ve yap\u0131\u015ft\u0131rarak bu sayfalarla e\u011flenerek \u00f6\u011frenecekler. Kalem kullanmay\u0131 en do\u011fru \u015fekilde \u00f6\u011frenen \u00e7ocuklar ilkokul i\u00e7in gereken temel becerilerin en \u00f6nemlisini kazanacaklar.Okulda ve evde keyifli vakitler ge\u00e7irecek \u00e7ocuklar, hayata \u00f6nde ba\u015flam\u0131\u015f olacaklar. \u201cE\u011fitici-\u00d6\u011fretici Ne\u015feli \u00c7izgiler\u201d kitab\u0131m\u0131z, kendilerini tan\u0131yan, fark\u0131ndal\u0131\u011f\u0131 olu\u015fmu\u015f, ho\u015fg\u00f6r\u00fc sahibi, gelece\u011fimizi emanet etti\u011fimiz \u00e7ocuklar\u0131m\u0131z\u0131n geli\u015fimlerine b\u00fcy\u00fck katk\u0131 sa\u011flayacak. \u00c7ocuklar\u0131m\u0131z, bulmaca sayfalar\u0131, nokta birle\u015ftirme, say\u0131lar\u0131 tan\u0131ma, harfleri \u00f6\u011frenme, labirent, e\u015fle\u015ftirme gibi etkinlikleri keyifle yapacaklar.<\/p>\n","protected":false},"excerpt":{"rendered":"<p>Yeni Okul \u00d6ncesi Program\u0131na uygun haz\u0131rlad\u0131\u011f\u0131m\u0131z \u201cE\u011fitici-\u00d6\u011fretici Ne\u015feli \u00c7izgiler\u201d kitaplar\u0131m\u0131z\u0131 0-4 ya\u015f aras\u0131 \u00e7ocuklar\u0131m\u0131z \u00e7ok sevecek. Kalem kullanmaya yeni ba\u015flayan \u00e7ocuklar; \u00e7izerek, silerek ve yap\u0131\u015ft\u0131rarak bu<span class=\"excerpt-hellip\"> [\u2026]<\/span><\/p>\n","protected":false},"featured_media":0,"template":"","meta":{"_monsterinsights_skip_tracking":false,"_monsterinsights_sitenote_active":false,"_monsterinsights_sitenote_note":"","_monsterinsights_sitenote_category":0},"product_brand":[],"product_cat":[12274,12518],"product_tag":[],"class_list":{"0":"post-718820","1":"product","2":"type-product","3":"status-publish","5":"product_cat-cocuk-ve-genclik-kitaplari","6":"product_cat-okul-oncesi-kitaplar","7":"pa_cilt-ciltsiz","8":"pa_tur-kitap","9":"pa_yayinevi-beyaz-balina-yayinlari","10":"pa_yazar-kolektif","12":"first","13":"instock","14":"sale","15":"shipping-taxable","16":"purchasable","17":"product-type-simple"},"_links":{"self":[{"href":"https:\/\/roveyayinevi.com.tr\/index.php\/wp-json\/wp\/v2\/product\/718820","targetHints":{"allow":["GET"]}}],"collection":[{"href":"https:\/\/roveyayinevi.com.tr\/index.php\/wp-json\/wp\/v2\/product"}],"about":[{"href":"https:\/\/roveyayinevi.com.tr\/index.php\/wp-json\/wp\/v2\/types\/product"}],"wp:attachment":[{"href":"https:\/\/roveyayinevi.com.tr\/index.php\/wp-json\/wp\/v2\/media?parent=718820"}],"wp:term":[{"taxonomy":"product_brand","embeddable":true,"href":"https:\/\/roveyayinevi.com.tr\/index.php\/wp-json\/wp\/v2\/product_brand?post=718820"},{"taxonomy":"product_cat","embeddable":true,"href":"https:\/\/roveyayinevi.com.tr\/index.php\/wp-json\/wp\/v2\/product_cat?post=718820"},{"taxonomy":"product_tag","embeddable":true,"href":"https:\/\/roveyayinevi.com.tr\/index.php\/wp-json\/wp\/v2\/product_tag?post=718820"}],"curies":[{"name":"wp","href":"https:\/\/api.w.org\/{rel}","templated":true}]}}