{"id":718819,"date":"2025-08-27T18:14:00","date_gmt":"2025-08-27T15:14:00","guid":{"rendered":"https:\/\/roveyayinevi.com.tr\/index.php\/urun\/uzum-surunun-en-kucuk-inegi-ciltli\/"},"modified":"2026-04-16T02:26:50","modified_gmt":"2026-04-15T23:26:50","slug":"uzum-surunun-en-kucuk-inegi-ciltli","status":"publish","type":"product","link":"https:\/\/roveyayinevi.com.tr\/index.php\/urun\/uzum-surunun-en-kucuk-inegi-ciltli\/","title":{"rendered":"\u00dcz\u00fcm &#8211; S\u00fcr\u00fcn\u00fcn En K\u00fc\u00e7\u00fck \u0130ne\u011fi (Ciltli)"},"content":{"rendered":"<p>\u00dcz\u00fcm, s\u00fcr\u00fcn\u00fcn en k\u00fc\u00e7\u00fck ine\u011fi ve bundan \u00e7ok memnun. \u00c7\u00fcnk\u00fc b\u00fcy\u00fck inekler onun \u00fczerine titriyor, bir dedi\u011fini iki etmiyorlar. Ama bir g\u00fcn \u00dcz\u00fcm\u2019\u00fcn hi\u00e7 beklemedi\u011fi bir \u015fey oluyor: Annesi k\u00fc\u00e7\u00fck bir inek daha do\u011furuyor! \u00dcstelik bu, ondan da k\u00fc\u00e7\u00fck bir inek. Art\u0131k s\u00fcr\u00fcn\u00fcn en k\u00fc\u00e7\u00fck ine\u011fi olmayan \u00dcz\u00fcm b\u00fcy\u00fck ineklerin onunla de\u011fil de bu yeni gelen ufakl\u0131kla ilgilenmesinden hi\u00e7 de memnun de\u011fil. Ka\u00e7\u0131p J\u00fcpiter\u2019e gitmeyi bile d\u00fc\u015f\u00fcnen \u00dcz\u00fcm fikrini de\u011fi\u015ftirecek mi acaba?<\/p>\n","protected":false},"excerpt":{"rendered":"<p>\u00dcz\u00fcm, s\u00fcr\u00fcn\u00fcn en k\u00fc\u00e7\u00fck ine\u011fi ve bundan \u00e7ok memnun. \u00c7\u00fcnk\u00fc b\u00fcy\u00fck inekler onun \u00fczerine titriyor, bir dedi\u011fini iki etmiyorlar. Ama bir g\u00fcn \u00dcz\u00fcm\u2019\u00fcn hi\u00e7 beklemedi\u011fi bir<span class=\"excerpt-hellip\"> [\u2026]<\/span><\/p>\n","protected":false},"featured_media":0,"template":"","meta":{"_monsterinsights_skip_tracking":false,"_monsterinsights_sitenote_active":false,"_monsterinsights_sitenote_note":"","_monsterinsights_sitenote_category":0},"product_brand":[],"product_cat":[12913,12274],"product_tag":[],"class_list":{"0":"post-718819","1":"product","2":"type-product","3":"status-publish","5":"product_cat-3-6-yas-kitaplari","6":"product_cat-cocuk-ve-genclik-kitaplari","7":"pa_cilt-ciltli","8":"pa_tur-kitap","9":"pa_yayinevi-beyaz-balina-yayinlari","10":"pa_yazar-miriam-busch","12":"first","13":"instock","14":"sale","15":"shipping-taxable","16":"purchasable","17":"product-type-simple"},"_links":{"self":[{"href":"https:\/\/roveyayinevi.com.tr\/index.php\/wp-json\/wp\/v2\/product\/718819","targetHints":{"allow":["GET"]}}],"collection":[{"href":"https:\/\/roveyayinevi.com.tr\/index.php\/wp-json\/wp\/v2\/product"}],"about":[{"href":"https:\/\/roveyayinevi.com.tr\/index.php\/wp-json\/wp\/v2\/types\/product"}],"wp:attachment":[{"href":"https:\/\/roveyayinevi.com.tr\/index.php\/wp-json\/wp\/v2\/media?parent=718819"}],"wp:term":[{"taxonomy":"product_brand","embeddable":true,"href":"https:\/\/roveyayinevi.com.tr\/index.php\/wp-json\/wp\/v2\/product_brand?post=718819"},{"taxonomy":"product_cat","embeddable":true,"href":"https:\/\/roveyayinevi.com.tr\/index.php\/wp-json\/wp\/v2\/product_cat?post=718819"},{"taxonomy":"product_tag","embeddable":true,"href":"https:\/\/roveyayinevi.com.tr\/index.php\/wp-json\/wp\/v2\/product_tag?post=718819"}],"curies":[{"name":"wp","href":"https:\/\/api.w.org\/{rel}","templated":true}]}}