{"id":718818,"date":"2025-08-27T18:14:00","date_gmt":"2025-08-27T15:14:00","guid":{"rendered":"https:\/\/roveyayinevi.com.tr\/index.php\/urun\/yalniz-sultan-ii-abdulhamit\/"},"modified":"2026-04-16T02:26:50","modified_gmt":"2026-04-15T23:26:50","slug":"yalniz-sultan-ii-abdulhamit","status":"publish","type":"product","link":"https:\/\/roveyayinevi.com.tr\/index.php\/urun\/yalniz-sultan-ii-abdulhamit\/","title":{"rendered":"Yaln\u0131z Sultan II. Abd\u00fclhamit"},"content":{"rendered":"<p>Onlar sadece T\u00fcrklerin de\u011fil, d\u00fcnyan\u0131n gelece\u011fine y\u00f6n vermi\u015f liderlerdi. Ba\u015far\u0131lar\u0131yla tarihe isimlerini alt\u0131n harflerle yazd\u0131rd\u0131lar. \u0130\u015fte b\u00fct\u00fcn y\u00f6nleriyle tarihte iz b\u0131rakanlar.  II. Abd\u00fclhamit tahta \u00e7\u0131kt\u0131\u011f\u0131nda Osmanl\u0131 Devleti b\u00fcy\u00fck bir bunal\u0131m i\u00e7indeydi.  \u0130lk Osmanl\u0131 anayasas\u0131 olan Kanunuesasi\u2019yi ilan eden Abd\u00fclhamit,  devletin istikrar\u0131 i\u00e7in I. Me\u015frutiyet\u2019i de ilan ederek ilk meclisi a\u00e7t\u0131.  II. Abd\u00fclhamit, i\u00e7eride isyanlarla, d\u0131\u015far\u0131da sava\u015flarla ge\u00e7en otuz \u00fc\u00e7 y\u0131ll\u0131k saltanat\u0131 boyunca  da\u011f\u0131lmak \u00fczere olan Osmanl\u0131 Devleti\u2019ni ayakta tutmaya \u00e7al\u0131\u015ft\u0131.  <\/p>\n","protected":false},"excerpt":{"rendered":"<p>Onlar sadece T\u00fcrklerin de\u011fil, d\u00fcnyan\u0131n gelece\u011fine y\u00f6n vermi\u015f liderlerdi. Ba\u015far\u0131lar\u0131yla tarihe isimlerini alt\u0131n harflerle yazd\u0131rd\u0131lar. \u0130\u015fte b\u00fct\u00fcn y\u00f6nleriyle tarihte iz b\u0131rakanlar. II. Abd\u00fclhamit tahta \u00e7\u0131kt\u0131\u011f\u0131nda Osmanl\u0131<span class=\"excerpt-hellip\"> [\u2026]<\/span><\/p>\n","protected":false},"featured_media":0,"template":"","meta":{"_monsterinsights_skip_tracking":false,"_monsterinsights_sitenote_active":false,"_monsterinsights_sitenote_note":"","_monsterinsights_sitenote_category":0},"product_brand":[],"product_cat":[13517,12304],"product_tag":[],"class_list":{"0":"post-718818","1":"product","2":"type-product","3":"status-publish","5":"product_cat-osmanli-tarihi","6":"product_cat-tarih","7":"pa_cilt-ciltsiz","8":"pa_tur-kitap","9":"pa_yayinevi-beyaz-balina-yayinlari","10":"pa_yazar-tuna-duran","12":"first","13":"instock","14":"sale","15":"shipping-taxable","16":"purchasable","17":"product-type-simple"},"_links":{"self":[{"href":"https:\/\/roveyayinevi.com.tr\/index.php\/wp-json\/wp\/v2\/product\/718818","targetHints":{"allow":["GET"]}}],"collection":[{"href":"https:\/\/roveyayinevi.com.tr\/index.php\/wp-json\/wp\/v2\/product"}],"about":[{"href":"https:\/\/roveyayinevi.com.tr\/index.php\/wp-json\/wp\/v2\/types\/product"}],"wp:attachment":[{"href":"https:\/\/roveyayinevi.com.tr\/index.php\/wp-json\/wp\/v2\/media?parent=718818"}],"wp:term":[{"taxonomy":"product_brand","embeddable":true,"href":"https:\/\/roveyayinevi.com.tr\/index.php\/wp-json\/wp\/v2\/product_brand?post=718818"},{"taxonomy":"product_cat","embeddable":true,"href":"https:\/\/roveyayinevi.com.tr\/index.php\/wp-json\/wp\/v2\/product_cat?post=718818"},{"taxonomy":"product_tag","embeddable":true,"href":"https:\/\/roveyayinevi.com.tr\/index.php\/wp-json\/wp\/v2\/product_tag?post=718818"}],"curies":[{"name":"wp","href":"https:\/\/api.w.org\/{rel}","templated":true}]}}