{"id":718817,"date":"2025-08-27T18:13:59","date_gmt":"2025-08-27T15:13:59","guid":{"rendered":"https:\/\/roveyayinevi.com.tr\/index.php\/urun\/bagdat-fatihi-iv-murad\/"},"modified":"2026-04-16T02:26:50","modified_gmt":"2026-04-15T23:26:50","slug":"bagdat-fatihi-iv-murad","status":"publish","type":"product","link":"https:\/\/roveyayinevi.com.tr\/index.php\/urun\/bagdat-fatihi-iv-murad\/","title":{"rendered":"Ba\u011fdat Fatihi IV . Murad"},"content":{"rendered":"<p>Onlar sadece T\u00fcrklerin de\u011fil, d\u00fcnyan\u0131n gelece\u011fine y\u00f6n vermi\u015f liderlerdi. Ba\u015far\u0131lar\u0131yla tarihe isimlerini alt\u0131n harflerle yazd\u0131rd\u0131lar. \u0130\u015fte b\u00fct\u00fcn y\u00f6nleriyle tarihte iz b\u0131rakanlar.  \u00c7ocuk ya\u015fta tahta \u00e7\u0131kan ve isyanlarla ba\u015f etmek zorunda kalan IV. Murad,  yirmili ya\u015flar\u0131na geldi\u011finde \u00fclke i\u00e7indeki sorunlar\u0131 \u00e7\u00f6z\u00fcp seferlere \u00e7\u0131kmaya ba\u015flad\u0131.  Ba\u011fdat ve Revan Fatihi IV. Murad, askerin ba\u015f\u0131nda bizzat seferlere kat\u0131l\u0131p  \u00f6nemli zaferler elde etti. Onun d\u00f6neminde bir\u00e7ok bilim insan\u0131 ve sanat\u00e7\u0131 yeti\u015fmi\u015f  olup \u00f6nemli eserler \u00fcretmi\u015flerdir.  <\/p>\n","protected":false},"excerpt":{"rendered":"<p>Onlar sadece T\u00fcrklerin de\u011fil, d\u00fcnyan\u0131n gelece\u011fine y\u00f6n vermi\u015f liderlerdi. Ba\u015far\u0131lar\u0131yla tarihe isimlerini alt\u0131n harflerle yazd\u0131rd\u0131lar. \u0130\u015fte b\u00fct\u00fcn y\u00f6nleriyle tarihte iz b\u0131rakanlar. \u00c7ocuk ya\u015fta tahta \u00e7\u0131kan ve<span class=\"excerpt-hellip\"> [\u2026]<\/span><\/p>\n","protected":false},"featured_media":0,"template":"","meta":{"_monsterinsights_skip_tracking":false,"_monsterinsights_sitenote_active":false,"_monsterinsights_sitenote_note":"","_monsterinsights_sitenote_category":0},"product_brand":[],"product_cat":[13517,12304],"product_tag":[],"class_list":{"0":"post-718817","1":"product","2":"type-product","3":"status-publish","5":"product_cat-osmanli-tarihi","6":"product_cat-tarih","7":"pa_cilt-ciltsiz","8":"pa_tur-kitap","9":"pa_yayinevi-beyaz-balina-yayinlari","10":"pa_yazar-tuna-duran","12":"first","13":"instock","14":"sale","15":"shipping-taxable","16":"purchasable","17":"product-type-simple"},"_links":{"self":[{"href":"https:\/\/roveyayinevi.com.tr\/index.php\/wp-json\/wp\/v2\/product\/718817","targetHints":{"allow":["GET"]}}],"collection":[{"href":"https:\/\/roveyayinevi.com.tr\/index.php\/wp-json\/wp\/v2\/product"}],"about":[{"href":"https:\/\/roveyayinevi.com.tr\/index.php\/wp-json\/wp\/v2\/types\/product"}],"wp:attachment":[{"href":"https:\/\/roveyayinevi.com.tr\/index.php\/wp-json\/wp\/v2\/media?parent=718817"}],"wp:term":[{"taxonomy":"product_brand","embeddable":true,"href":"https:\/\/roveyayinevi.com.tr\/index.php\/wp-json\/wp\/v2\/product_brand?post=718817"},{"taxonomy":"product_cat","embeddable":true,"href":"https:\/\/roveyayinevi.com.tr\/index.php\/wp-json\/wp\/v2\/product_cat?post=718817"},{"taxonomy":"product_tag","embeddable":true,"href":"https:\/\/roveyayinevi.com.tr\/index.php\/wp-json\/wp\/v2\/product_tag?post=718817"}],"curies":[{"name":"wp","href":"https:\/\/api.w.org\/{rel}","templated":true}]}}