{"id":718815,"date":"2025-08-27T18:13:58","date_gmt":"2025-08-27T15:13:58","guid":{"rendered":"https:\/\/roveyayinevi.com.tr\/index.php\/urun\/din-ve-teror\/"},"modified":"2026-04-16T02:26:50","modified_gmt":"2026-04-15T23:26:50","slug":"din-ve-teror","status":"publish","type":"product","link":"https:\/\/roveyayinevi.com.tr\/index.php\/urun\/din-ve-teror\/","title":{"rendered":"Din ve Ter\u00f6r"},"content":{"rendered":"<p>G\u00fcn\u00fcm\u00fczde ter\u00f6r\u00fcn s\u0131cak bir \u015fekilde cereyan etti\u011fi co\u011frafyalar genel anlamda, \u0130slam\u2019\u0131n h\u00e2kim oldu\u011fu Ortado\u011fu ve Orta-G\u00fcney Asya b\u00f6lgeleri olarak \u00f6n plana \u00e7\u0131kmaktad\u0131r. A\u011f\u0131rl\u0131kl\u0131 olarak bu b\u00f6lgelerde varl\u0131\u011f\u0131n\u0131 s\u00fcrd\u00fcren ter\u00f6r \u00f6rg\u00fctleri, destek\u00e7ileri olan emperyalist g\u00fc\u00e7lerin belirledi\u011fi ama\u00e7lar u\u011fruna \u0130slam dinini istismar etmeye devam etmektedirler. Bunun sonucunda \u00f6zellikle Bat\u0131 kamuoyunda, \u0130slam ile ter\u00f6r\u00fcn yan yana kullan\u0131lmas\u0131, bilin\u00e7li, planl\u0131 ve programl\u0131 olarak idame ettirilmeye ba\u015flam\u0131\u015ft\u0131r. H\u00e2lbuki \u0130slam dini ba\u015fta olmak \u00fczere hi\u00e7bir ilahi dinin, ter\u00f6r d\u00e2hil her t\u00fcrl\u00fc haks\u0131zl\u0131k, zul\u00fcm, bask\u0131, \u015fiddet vb. durumlara izin vermedi\u011fi a\u015fik\u00e2rd\u0131r. Dolay\u0131yla Taliban Hareketi ve benzeri dini motifli ter\u00f6r \u00f6rg\u00fctlerinin, yapt\u0131klar\u0131 ve izledikleri ter\u00f6r men\u015feli politikayla \u0130slam\u2019a zarar verdikleri g\u00f6r\u00fclmektedir. Taliban gibi dini, kendine \u00f6zg\u00fc bir anlay\u0131\u015fla kitlelere dikte eden illegal \u00f6rg\u00fctlenmelerin, din ve dini de\u011ferlerle uzaktan yak\u0131ndan alakalar\u0131 olmad\u0131\u011f\u0131 gibi din ad\u0131na y\u00fcr\u00fctt\u00fckleri eylemleri ve s\u00f6ylemleri de hamilerinin menfaatleri ve direktifleri ile s\u00fcrd\u00fcr\u00fclmektedir.Son d\u00f6nemlerde Afganistan \u00fczerine yap\u0131lan \u00e7al\u0131\u015fmalar, yay\u0131nlanan makale, kitap ve internet ortam\u0131nda yap\u0131lan payla\u015f\u0131mlar ve \u015fiddet i\u00e7erikli baz\u0131 g\u00f6r\u00fcnt\u00fclere bak\u0131ld\u0131\u011f\u0131nda ter\u00f6r ve ter\u00f6rizmin, binlerce masum insan\u0131n can\u0131n\u0131 ald\u0131\u011f\u0131 ve y\u00fczlerce aileyi peri\u015fan etti\u011fi g\u00f6r\u00fclmektedir. Ter\u00f6rist eylemcilerin s\u00f6nen ya\u015famlar ve da\u011f\u0131lan ailelerin d\u00fc\u015f\u00fcr\u00fcld\u00fc\u011f\u00fc duruma ald\u0131r\u0131\u015f etmeden eylemlerine her g\u00fcn bir yenisini eklemekten de geri durmad\u0131klar\u0131n\u0131 g\u00f6rmenin art\u0131k neredeyse ola\u011fan bir durum halini ald\u0131\u011f\u0131 m\u00fc\u015fahede edilmektedir. \u00dcstelik bunu yaparken \u0130slam dini ad\u0131na yapt\u0131klar\u0131n\u0131 iddia etmeleri ise bir M\u00fcsl\u00fcman g\u00f6z\u00fcyle bak\u0131ld\u0131\u011f\u0131nda olduk\u00e7a d\u00fc\u015f\u00fcnd\u00fcr\u00fcc\u00fc, endi\u015fe verici ve ac\u0131 verici bir durumdur. Kurbanlar\u0131n\u0131 \u00f6zellikle toplumun \u00f6nde gelen ayd\u0131n, din \u00e2limi ve kendilerine muhalefet edebilecek nitelikteki ki\u015filerden se\u00e7meleri ise bir ba\u015fka d\u00fc\u015f\u00fcnd\u00fcr\u00fcc\u00fc husustur. En ac\u0131s\u0131 da bu eylemlere alet olanlar\u0131n \u00e7o\u011funlu\u011funun \u00f6zellikle geleneksel din e\u011fitiminin yap\u0131ld\u0131\u011f\u0131 medreselerde okumakta olan \u00f6\u011frencilerin olmas\u0131, onlar\u0131n \u015fiddet eylemlerine alet edilmesidir.<\/p>\n","protected":false},"excerpt":{"rendered":"<p>G\u00fcn\u00fcm\u00fczde ter\u00f6r\u00fcn s\u0131cak bir \u015fekilde cereyan etti\u011fi co\u011frafyalar genel anlamda, \u0130slam\u2019\u0131n h\u00e2kim oldu\u011fu Ortado\u011fu ve Orta-G\u00fcney Asya b\u00f6lgeleri olarak \u00f6n plana \u00e7\u0131kmaktad\u0131r. A\u011f\u0131rl\u0131kl\u0131 olarak bu b\u00f6lgelerde<span class=\"excerpt-hellip\"> [\u2026]<\/span><\/p>\n","protected":false},"featured_media":0,"template":"","meta":{"_monsterinsights_skip_tracking":false,"_monsterinsights_sitenote_active":false,"_monsterinsights_sitenote_note":"","_monsterinsights_sitenote_category":0},"product_brand":[],"product_cat":[13590,12337],"product_tag":[],"class_list":{"0":"post-718815","1":"product","2":"type-product","3":"status-publish","5":"product_cat-arastirma-inceleme-politika-siyaset","6":"product_cat-politika-siyaset","7":"pa_cilt-ciltsiz","8":"pa_tur-kitap","9":"pa_yayinevi-karakum-yayinevi","10":"pa_yazar-muhammed-naim-naimi","12":"first","13":"instock","14":"sale","15":"shipping-taxable","16":"purchasable","17":"product-type-simple"},"_links":{"self":[{"href":"https:\/\/roveyayinevi.com.tr\/index.php\/wp-json\/wp\/v2\/product\/718815","targetHints":{"allow":["GET"]}}],"collection":[{"href":"https:\/\/roveyayinevi.com.tr\/index.php\/wp-json\/wp\/v2\/product"}],"about":[{"href":"https:\/\/roveyayinevi.com.tr\/index.php\/wp-json\/wp\/v2\/types\/product"}],"wp:attachment":[{"href":"https:\/\/roveyayinevi.com.tr\/index.php\/wp-json\/wp\/v2\/media?parent=718815"}],"wp:term":[{"taxonomy":"product_brand","embeddable":true,"href":"https:\/\/roveyayinevi.com.tr\/index.php\/wp-json\/wp\/v2\/product_brand?post=718815"},{"taxonomy":"product_cat","embeddable":true,"href":"https:\/\/roveyayinevi.com.tr\/index.php\/wp-json\/wp\/v2\/product_cat?post=718815"},{"taxonomy":"product_tag","embeddable":true,"href":"https:\/\/roveyayinevi.com.tr\/index.php\/wp-json\/wp\/v2\/product_tag?post=718815"}],"curies":[{"name":"wp","href":"https:\/\/api.w.org\/{rel}","templated":true}]}}