{"id":718814,"date":"2025-08-27T18:13:57","date_gmt":"2025-08-27T15:13:57","guid":{"rendered":"https:\/\/roveyayinevi.com.tr\/index.php\/urun\/stres-testi-ve-banklarda-risk-entegrasyonu\/"},"modified":"2026-04-16T02:26:50","modified_gmt":"2026-04-15T23:26:50","slug":"stres-testi-ve-banklarda-risk-entegrasyonu","status":"publish","type":"product","link":"https:\/\/roveyayinevi.com.tr\/index.php\/urun\/stres-testi-ve-banklarda-risk-entegrasyonu\/","title":{"rendered":"Stres Testi ve Banklarda Risk Entegrasyonu"},"content":{"rendered":"<p>1. STRES TEST\u0130NE VE R\u0130SK ENTEGRASYONUNA G\u0130R\u0130\u015e 2. B\u0130R BANKA PERSPEKT\u0130F\u0130NDEN MAKROEKONOM\u0130K SENARYO ANAL\u0130Z\u0130 3. AKT\u0130F VE PAS\u0130F Y\u00d6NET\u0130M\u0130 VE R\u0130SKE MARUZ DE\u011eER 4. PORTF\u00d6Y KRED\u0130 R\u0130SK\u0130 MODELLEMES\u0130 5. B\u0130LAN\u00c7O VE KAR ZARAR STRES TEST\u0130 TAHM\u0130NLER\u0130 6. STRES UYGULAMASINDA D\u00dcZENLEY\u0130C\u0130 SERMAYE, R\u0130SK A\u011eIRLIKLI VARLIKLAR, KALDIRA\u00c7 VE L\u0130K\u0130D\u0130TE KO\u015eULLARI  7. R\u0130SK ENTEGRASYONU 8. GER\u0130 STRES TEST\u0130   <\/p>\n","protected":false},"excerpt":{"rendered":"<p>1. STRES TEST\u0130NE VE R\u0130SK ENTEGRASYONUNA G\u0130R\u0130\u015e 2. B\u0130R BANKA PERSPEKT\u0130F\u0130NDEN MAKROEKONOM\u0130K SENARYO ANAL\u0130Z\u0130 3. AKT\u0130F VE PAS\u0130F Y\u00d6NET\u0130M\u0130 VE R\u0130SKE MARUZ DE\u011eER 4. PORTF\u00d6Y KRED\u0130<span class=\"excerpt-hellip\"> [\u2026]<\/span><\/p>\n","protected":false},"featured_media":0,"template":"","meta":{"_monsterinsights_skip_tracking":false,"_monsterinsights_sitenote_active":false,"_monsterinsights_sitenote_note":"","_monsterinsights_sitenote_category":0},"product_brand":[],"product_cat":[17249,13043],"product_tag":[],"class_list":{"0":"post-718814","1":"product","2":"type-product","3":"status-publish","5":"product_cat-borsa-finans","6":"product_cat-ekonomi","7":"pa_cilt-ciltsiz","8":"pa_tur-kitap","9":"pa_yayinevi-gazi-kitabevi","10":"pa_yazar-tiziano-bellini","12":"first","13":"instock","14":"sale","15":"shipping-taxable","16":"purchasable","17":"product-type-simple"},"_links":{"self":[{"href":"https:\/\/roveyayinevi.com.tr\/index.php\/wp-json\/wp\/v2\/product\/718814","targetHints":{"allow":["GET"]}}],"collection":[{"href":"https:\/\/roveyayinevi.com.tr\/index.php\/wp-json\/wp\/v2\/product"}],"about":[{"href":"https:\/\/roveyayinevi.com.tr\/index.php\/wp-json\/wp\/v2\/types\/product"}],"wp:attachment":[{"href":"https:\/\/roveyayinevi.com.tr\/index.php\/wp-json\/wp\/v2\/media?parent=718814"}],"wp:term":[{"taxonomy":"product_brand","embeddable":true,"href":"https:\/\/roveyayinevi.com.tr\/index.php\/wp-json\/wp\/v2\/product_brand?post=718814"},{"taxonomy":"product_cat","embeddable":true,"href":"https:\/\/roveyayinevi.com.tr\/index.php\/wp-json\/wp\/v2\/product_cat?post=718814"},{"taxonomy":"product_tag","embeddable":true,"href":"https:\/\/roveyayinevi.com.tr\/index.php\/wp-json\/wp\/v2\/product_tag?post=718814"}],"curies":[{"name":"wp","href":"https:\/\/api.w.org\/{rel}","templated":true}]}}