{"id":718811,"date":"2025-08-27T18:13:55","date_gmt":"2025-08-27T15:13:55","guid":{"rendered":"https:\/\/roveyayinevi.com.tr\/index.php\/urun\/ciftlikteki-tarim-makineleri\/"},"modified":"2026-04-16T02:26:50","modified_gmt":"2026-04-15T23:26:50","slug":"ciftlikteki-tarim-makineleri","status":"publish","type":"product","link":"https:\/\/roveyayinevi.com.tr\/index.php\/urun\/ciftlikteki-tarim-makineleri\/","title":{"rendered":"\u00c7iftlikteki Tar\u0131m Makineleri"},"content":{"rendered":"<p>Mert \u00e7iftlikte ya\u015fayan day\u0131s\u0131n\u0131 s\u0131k\u00e7a ziyaret ederdi.  \u00c7iftlikte neredeyse t\u00fcm y\u0131l yapacak \u00e7ok i\u015f olurdu.  Mert\u2019in day\u0131s\u0131 i\u015flerini \u00e7e\u015fitli tar\u0131m makineleriyle yapard\u0131. Pulluktan tutun da bi\u00e7erd\u00f6vere kadar bir s\u00fcr\u00fc makine vard\u0131. Mert\u2019in en sevdi\u011fi ise day\u0131s\u0131n\u0131n s\u00fcrekli kulland\u0131\u011f\u0131 trakt\u00f6rd\u00fc. <\/p>\n","protected":false},"excerpt":{"rendered":"<p>Mert \u00e7iftlikte ya\u015fayan day\u0131s\u0131n\u0131 s\u0131k\u00e7a ziyaret ederdi. \u00c7iftlikte neredeyse t\u00fcm y\u0131l yapacak \u00e7ok i\u015f olurdu. Mert\u2019in day\u0131s\u0131 i\u015flerini \u00e7e\u015fitli tar\u0131m makineleriyle yapard\u0131. Pulluktan tutun da bi\u00e7erd\u00f6vere<span class=\"excerpt-hellip\"> [\u2026]<\/span><\/p>\n","protected":false},"featured_media":0,"template":"","meta":{"_monsterinsights_skip_tracking":false,"_monsterinsights_sitenote_active":false,"_monsterinsights_sitenote_note":"","_monsterinsights_sitenote_category":0},"product_brand":[],"product_cat":[12274,12518],"product_tag":[],"class_list":{"0":"post-718811","1":"product","2":"type-product","3":"status-publish","5":"product_cat-cocuk-ve-genclik-kitaplari","6":"product_cat-okul-oncesi-kitaplar","7":"pa_cilt-ciltsiz","8":"pa_tur-kitap","9":"pa_yayinevi-is-bankasi-kultur-yayinlari","10":"pa_yazar-monika-wittmann","12":"first","13":"instock","14":"sale","15":"shipping-taxable","16":"purchasable","17":"product-type-simple"},"_links":{"self":[{"href":"https:\/\/roveyayinevi.com.tr\/index.php\/wp-json\/wp\/v2\/product\/718811","targetHints":{"allow":["GET"]}}],"collection":[{"href":"https:\/\/roveyayinevi.com.tr\/index.php\/wp-json\/wp\/v2\/product"}],"about":[{"href":"https:\/\/roveyayinevi.com.tr\/index.php\/wp-json\/wp\/v2\/types\/product"}],"wp:attachment":[{"href":"https:\/\/roveyayinevi.com.tr\/index.php\/wp-json\/wp\/v2\/media?parent=718811"}],"wp:term":[{"taxonomy":"product_brand","embeddable":true,"href":"https:\/\/roveyayinevi.com.tr\/index.php\/wp-json\/wp\/v2\/product_brand?post=718811"},{"taxonomy":"product_cat","embeddable":true,"href":"https:\/\/roveyayinevi.com.tr\/index.php\/wp-json\/wp\/v2\/product_cat?post=718811"},{"taxonomy":"product_tag","embeddable":true,"href":"https:\/\/roveyayinevi.com.tr\/index.php\/wp-json\/wp\/v2\/product_tag?post=718811"}],"curies":[{"name":"wp","href":"https:\/\/api.w.org\/{rel}","templated":true}]}}