{"id":718810,"date":"2025-08-27T18:13:54","date_gmt":"2025-08-27T15:13:54","guid":{"rendered":"https:\/\/roveyayinevi.com.tr\/index.php\/urun\/mutfak-cadisi-yaz-tatiline-cikiyor-ciltli\/"},"modified":"2026-04-16T02:26:50","modified_gmt":"2026-04-15T23:26:50","slug":"mutfak-cadisi-yaz-tatiline-cikiyor-ciltli","status":"publish","type":"product","link":"https:\/\/roveyayinevi.com.tr\/index.php\/urun\/mutfak-cadisi-yaz-tatiline-cikiyor-ciltli\/","title":{"rendered":"Mutfak Cad\u0131s\u0131 Yaz Tatiline \u00c7\u0131k\u0131yor (Ciltli)"},"content":{"rendered":"<p>Merhaba, ben Mutfak Cad\u0131s\u0131! \u0130lk kitab\u0131mda sana a\u015f\u00e7\u0131l\u0131k ser\u00fcvenimi anlatm\u0131\u015ft\u0131m; yemek yapmaya nas\u0131l merak sard\u0131\u011f\u0131m\u0131, ustalar\u0131m\u0131, onlardan \u00f6\u011frendi\u011fim yemek tariflerini aktarm\u0131\u015ft\u0131m. \u015eimdi bu kitab\u0131mda yaz tatilinde neler yapt\u0131\u011f\u0131m\u0131, dondurmadan ba\u015flayarak \u00f6\u011frendi\u011fim tarifleri, yaz\u0131n sonlar\u0131na do\u011fru k\u0131\u015fa nas\u0131l haz\u0131rland\u0131\u011f\u0131m\u0131 anlat\u0131yorum. Elbette sadece yemeklerden de\u011fil, \u00f6zellikle tatil arkada\u015f\u0131m Ate\u015f\u2019le oynad\u0131\u011f\u0131m\u0131z oyunlardan, ba\u015f\u0131m\u0131za gelenlerden de bahsettim. Ben \u00e7ok e\u011flendim. Umar\u0131m sen de okurken hem e\u011flenecek hem gerek geleneksel, gerekse ad\u0131n\u0131 az duydu\u011fun yemek tarifleri \u00f6\u011freneceksin. Dondurma ve sorbe tariflerine \u00f6zellikle dikkatini \u00e7ekerim. Hadi, i\u015f ba\u015f\u0131na! <\/p>\n","protected":false},"excerpt":{"rendered":"<p>Merhaba, ben Mutfak Cad\u0131s\u0131! \u0130lk kitab\u0131mda sana a\u015f\u00e7\u0131l\u0131k ser\u00fcvenimi anlatm\u0131\u015ft\u0131m; yemek yapmaya nas\u0131l merak sard\u0131\u011f\u0131m\u0131, ustalar\u0131m\u0131, onlardan \u00f6\u011frendi\u011fim yemek tariflerini aktarm\u0131\u015ft\u0131m. \u015eimdi bu kitab\u0131mda yaz tatilinde<span class=\"excerpt-hellip\"> [\u2026]<\/span><\/p>\n","protected":false},"featured_media":0,"template":"","meta":{"_monsterinsights_skip_tracking":false,"_monsterinsights_sitenote_active":false,"_monsterinsights_sitenote_note":"","_monsterinsights_sitenote_category":0},"product_brand":[],"product_cat":[12274,12518],"product_tag":[],"class_list":{"0":"post-718810","1":"product","2":"type-product","3":"status-publish","5":"product_cat-cocuk-ve-genclik-kitaplari","6":"product_cat-okul-oncesi-kitaplar","7":"pa_cilt-ciltli","8":"pa_tur-kitap","9":"pa_yayinevi-is-bankasi-kultur-yayinlari","10":"pa_yazar-turgut-yasalar","12":"first","13":"instock","14":"sale","15":"shipping-taxable","16":"purchasable","17":"product-type-simple"},"_links":{"self":[{"href":"https:\/\/roveyayinevi.com.tr\/index.php\/wp-json\/wp\/v2\/product\/718810","targetHints":{"allow":["GET"]}}],"collection":[{"href":"https:\/\/roveyayinevi.com.tr\/index.php\/wp-json\/wp\/v2\/product"}],"about":[{"href":"https:\/\/roveyayinevi.com.tr\/index.php\/wp-json\/wp\/v2\/types\/product"}],"wp:attachment":[{"href":"https:\/\/roveyayinevi.com.tr\/index.php\/wp-json\/wp\/v2\/media?parent=718810"}],"wp:term":[{"taxonomy":"product_brand","embeddable":true,"href":"https:\/\/roveyayinevi.com.tr\/index.php\/wp-json\/wp\/v2\/product_brand?post=718810"},{"taxonomy":"product_cat","embeddable":true,"href":"https:\/\/roveyayinevi.com.tr\/index.php\/wp-json\/wp\/v2\/product_cat?post=718810"},{"taxonomy":"product_tag","embeddable":true,"href":"https:\/\/roveyayinevi.com.tr\/index.php\/wp-json\/wp\/v2\/product_tag?post=718810"}],"curies":[{"name":"wp","href":"https:\/\/api.w.org\/{rel}","templated":true}]}}