{"id":718809,"date":"2025-08-27T18:13:54","date_gmt":"2025-08-27T15:13:54","guid":{"rendered":"https:\/\/roveyayinevi.com.tr\/index.php\/urun\/cagdas-yonetim-yaklasimlari\/"},"modified":"2026-04-16T02:26:50","modified_gmt":"2026-04-15T23:26:50","slug":"cagdas-yonetim-yaklasimlari","status":"publish","type":"product","link":"https:\/\/roveyayinevi.com.tr\/index.php\/urun\/cagdas-yonetim-yaklasimlari\/","title":{"rendered":"\u00c7a\u011fda\u015f Y\u00f6netim Yakla\u015f\u0131mlar\u0131"},"content":{"rendered":"<p>Birinci B\u00f6l\u00fcm -Performans Y\u00f6netimi \u0130kinci B\u00f6l\u00fcm -Kurumsal Motivasyon Y\u00f6netimi \u00dc\u00e7\u00fcnc\u00fc B\u00f6l\u00fcm -\u00c7at\u0131\u015fma Y\u00f6netimi D\u00f6rd\u00fcnc\u00fc B\u00f6l\u00fcm -Kurumsal \u0130maj Y\u00f6netimi Be\u015finci B\u00f6l\u00fcm -Liderlik Alt\u0131nc\u0131 B\u00f6l\u00fcm -Bilgi Y\u00f6netimi Yedinci B\u00f6l\u00fcm -Yenilik Y\u00f6netimi Sekizinci B\u00f6l\u00fcm -\u0130\u015fletmelerde Sosyal Sorumluluk Y\u00f6netimi Dokuzuncu B\u00f6l\u00fcm -Kriz Y\u00f6netimi Onuncu B\u00f6l\u00fcm -Proje Y\u00f6netimi Onbirinci B\u00f6l\u00fcm  -Sosyal Sermayenin Y\u00f6netimi Onikinci B\u00f6l\u00fcm -Stres Y\u00f6netimi <\/p>\n","protected":false},"excerpt":{"rendered":"<p>Birinci B\u00f6l\u00fcm -Performans Y\u00f6netimi \u0130kinci B\u00f6l\u00fcm -Kurumsal Motivasyon Y\u00f6netimi \u00dc\u00e7\u00fcnc\u00fc B\u00f6l\u00fcm -\u00c7at\u0131\u015fma Y\u00f6netimi D\u00f6rd\u00fcnc\u00fc B\u00f6l\u00fcm -Kurumsal \u0130maj Y\u00f6netimi Be\u015finci B\u00f6l\u00fcm -Liderlik Alt\u0131nc\u0131 B\u00f6l\u00fcm -Bilgi Y\u00f6netimi Yedinci<span class=\"excerpt-hellip\"> [\u2026]<\/span><\/p>\n","protected":false},"featured_media":0,"template":"","meta":{"_monsterinsights_skip_tracking":false,"_monsterinsights_sitenote_active":false,"_monsterinsights_sitenote_note":"","_monsterinsights_sitenote_category":0},"product_brand":[],"product_cat":[20333,13043],"product_tag":[],"class_list":{"0":"post-718809","1":"product","2":"type-product","3":"status-publish","5":"product_cat-diger-ekonomi","6":"product_cat-ekonomi","7":"pa_cilt-ciltsiz","8":"pa_tur-kitap","9":"pa_yayinevi-gazi-kitabevi","10":"pa_yazar-kolektif","12":"first","13":"instock","14":"sale","15":"shipping-taxable","16":"purchasable","17":"product-type-simple"},"_links":{"self":[{"href":"https:\/\/roveyayinevi.com.tr\/index.php\/wp-json\/wp\/v2\/product\/718809","targetHints":{"allow":["GET"]}}],"collection":[{"href":"https:\/\/roveyayinevi.com.tr\/index.php\/wp-json\/wp\/v2\/product"}],"about":[{"href":"https:\/\/roveyayinevi.com.tr\/index.php\/wp-json\/wp\/v2\/types\/product"}],"wp:attachment":[{"href":"https:\/\/roveyayinevi.com.tr\/index.php\/wp-json\/wp\/v2\/media?parent=718809"}],"wp:term":[{"taxonomy":"product_brand","embeddable":true,"href":"https:\/\/roveyayinevi.com.tr\/index.php\/wp-json\/wp\/v2\/product_brand?post=718809"},{"taxonomy":"product_cat","embeddable":true,"href":"https:\/\/roveyayinevi.com.tr\/index.php\/wp-json\/wp\/v2\/product_cat?post=718809"},{"taxonomy":"product_tag","embeddable":true,"href":"https:\/\/roveyayinevi.com.tr\/index.php\/wp-json\/wp\/v2\/product_tag?post=718809"}],"curies":[{"name":"wp","href":"https:\/\/api.w.org\/{rel}","templated":true}]}}