{"id":718807,"date":"2025-08-27T18:13:53","date_gmt":"2025-08-27T15:13:53","guid":{"rendered":"https:\/\/roveyayinevi.com.tr\/index.php\/urun\/fiziksel-performans-olcumunde-sik-kullanilan-bazi-testler-ve-hesaplama-programlari\/"},"modified":"2026-04-16T02:26:50","modified_gmt":"2026-04-15T23:26:50","slug":"fiziksel-performans-olcumunde-sik-kullanilan-bazi-testler-ve-hesaplama-programlari","status":"publish","type":"product","link":"https:\/\/roveyayinevi.com.tr\/index.php\/urun\/fiziksel-performans-olcumunde-sik-kullanilan-bazi-testler-ve-hesaplama-programlari\/","title":{"rendered":"Fiziksel Performans \u00d6l\u00e7\u00fcm\u00fcnde S\u0131k Kullan\u0131lan Baz\u0131 Testler ve Hesaplama Programlar\u0131"},"content":{"rendered":"<p>1- V\u00fccut Kompozisyonu 2- Somatotip 3- Bacak Hacim ve K\u00fctle Hesaplama 4- Anaerobik G\u00fc\u00e7 \u00d6l\u00e7\u00fcm\u00fc (Dikey S\u0131\u00e7rama Testi) 5- Esneklik \u00d6l\u00e7\u00fcm\u00fc 6- MAXVO2 \u00d6l\u00e7\u00fcm\u00fc 7- \u0130vmelenme \u00d6l\u00e7\u00fcm\u00fc 8- El Pen\u00e7e ve S\u0131rt Bacak Kuvvet \u00d6l\u00e7\u00fcm\u00fc 9- Y\u00fcklenme Yo\u011funlu\u011funun Hesapalanmas\u0131 CD ilaveli<\/p>\n","protected":false},"excerpt":{"rendered":"<p>1- V\u00fccut Kompozisyonu 2- Somatotip 3- Bacak Hacim ve K\u00fctle Hesaplama 4- Anaerobik G\u00fc\u00e7 \u00d6l\u00e7\u00fcm\u00fc (Dikey S\u0131\u00e7rama Testi) 5- Esneklik \u00d6l\u00e7\u00fcm\u00fc 6- MAXVO2 \u00d6l\u00e7\u00fcm\u00fc 7- \u0130vmelenme<span class=\"excerpt-hellip\"> [\u2026]<\/span><\/p>\n","protected":false},"featured_media":0,"template":"","meta":{"_monsterinsights_skip_tracking":false,"_monsterinsights_sitenote_active":false,"_monsterinsights_sitenote_note":"","_monsterinsights_sitenote_category":0},"product_brand":[],"product_cat":[13005,37328],"product_tag":[],"class_list":{"0":"post-718807","1":"product","2":"type-product","3":"status-publish","5":"product_cat-bilim-muhendislik","6":"product_cat-diger-bilim-muhendislik","7":"pa_cilt-ciltsiz","8":"pa_tur-kitap","9":"pa_yayinevi-gazi-kitabevi","10":"pa_yazar-irfan-marangoz","12":"first","13":"instock","14":"sale","15":"shipping-taxable","16":"purchasable","17":"product-type-simple"},"_links":{"self":[{"href":"https:\/\/roveyayinevi.com.tr\/index.php\/wp-json\/wp\/v2\/product\/718807","targetHints":{"allow":["GET"]}}],"collection":[{"href":"https:\/\/roveyayinevi.com.tr\/index.php\/wp-json\/wp\/v2\/product"}],"about":[{"href":"https:\/\/roveyayinevi.com.tr\/index.php\/wp-json\/wp\/v2\/types\/product"}],"wp:attachment":[{"href":"https:\/\/roveyayinevi.com.tr\/index.php\/wp-json\/wp\/v2\/media?parent=718807"}],"wp:term":[{"taxonomy":"product_brand","embeddable":true,"href":"https:\/\/roveyayinevi.com.tr\/index.php\/wp-json\/wp\/v2\/product_brand?post=718807"},{"taxonomy":"product_cat","embeddable":true,"href":"https:\/\/roveyayinevi.com.tr\/index.php\/wp-json\/wp\/v2\/product_cat?post=718807"},{"taxonomy":"product_tag","embeddable":true,"href":"https:\/\/roveyayinevi.com.tr\/index.php\/wp-json\/wp\/v2\/product_tag?post=718807"}],"curies":[{"name":"wp","href":"https:\/\/api.w.org\/{rel}","templated":true}]}}