{"id":718805,"date":"2025-08-27T18:13:51","date_gmt":"2025-08-27T15:13:51","guid":{"rendered":"https:\/\/roveyayinevi.com.tr\/index.php\/urun\/falaka-11\/"},"modified":"2026-04-16T02:26:50","modified_gmt":"2026-04-15T23:26:50","slug":"falaka-11","status":"publish","type":"product","link":"https:\/\/roveyayinevi.com.tr\/index.php\/urun\/falaka-11\/","title":{"rendered":"Falaka"},"content":{"rendered":"<p>Osmanl\u0131\u2019da \u00e7ocuk olmak ne demekti? \u00c7ocuklar nas\u0131l yeti\u015ftirilir, nas\u0131l okula ba\u015flar ve nas\u0131l bir e\u011fitim al\u0131rlard\u0131? Ahmet Rasim Falaka\u2019da kendisinin \u00e7ocukluktan ilk gen\u00e7li\u011fine uzanan hat\u0131ralar\u0131 e\u015fli\u011finde bu sorular\u0131n cevaplar\u0131n\u0131 verir. Fatih\u2019teki Sofular Mektebi\u2019nde ba\u015flad\u0131\u011f\u0131 ve Dar\u00fc\u015f\u015fafaka\u2019da tamamlad\u0131\u011f\u0131 e\u011fitimini anlat\u0131rken bir yandan da 19. y\u00fczy\u0131l \u0130stanbul\u2019unun g\u00fcndelik hayat\u0131n\u0131 ve \u00e7ocuklu\u011funu tasvir eder. Re\u015fat Ekrem Ko\u00e7u\u2019nun ifadesiyle, Ahmet Rasim\u2019in yaz\u0131lar\u0131nda \u0130stanbul, manzaralar\u0131 ve insanlar\u0131yla sesli ve renkli bir film halinde akar. Falaka da bu filmin en renkli sahnelerini bar\u0131nd\u0131r\u0131yor. Ahmet Rasim (1865-1932)\u0130stanbul \u00fczerine yazd\u0131\u011f\u0131 yaz\u0131lar\u0131yla \u201c\u015eehir Mektup\u00e7usu\u201d unvan\u0131n\u0131 alan Ahmet Rasim, T\u00fcrk edebiyat ve gazetecili\u011finin olduk\u00e7a \u00fcretken ve \u015f\u00f6hretli simalar\u0131ndand\u0131r. \u0130stanbul\u2019da do\u011fan Ahmet Rasim, babas\u0131 hen\u00fcz o do\u011fmadan evi terk etti\u011finden annesi Nevber Han\u0131m taraf\u0131ndan ve eni\u015ftesinin de yard\u0131mlar\u0131yla olduk\u00e7a zor \u015fartlarda yeti\u015ftirildi. Mahalle mekteplerinde ba\u015flayan \u00f6\u011frenim hayat\u0131n\u0131 Dar\u00fc\u015f\u015fafaka\u2019da tamamlad\u0131. Kendi \u00e7abas\u0131yla Frans\u0131zca \u00f6\u011frendi. Posta ve Telgraf Nezareti\u2019nde memur olarak \u00e7al\u0131\u015f\u0131rken bir yandan da Ahmet Mithat\u2019\u0131n gazetesi Terc\u00fcman-\u0131 Hakikat\u2019te yazmaya ba\u015flad\u0131. H\u00fcseyin Rahmi\u2019yle Bo\u015fbo\u011faz adl\u0131 mizah dergisini \u00e7\u0131kard\u0131lar. Sava\u015f muhabirli\u011fi de yapan Ahmet Rasim, Balkan Sava\u015f\u0131 s\u0131ras\u0131nda Sofya\u2019ya, Birinci D\u00fcnya Sava\u015f\u0131\u2019nda da Romanya cephesine gitti. 1927\u2019de \u0130stanbul milletvekili olarak TBMM\u2019ye girdi. K\u00fc\u00e7\u00fck ya\u015flardan beri ilgi duydu\u011fu m\u00fczi\u011fi Dar\u00fc\u015f\u015fafaka\u2019da \u00f6\u011frenciyken Zekai Dede\u2019den ald\u0131\u011f\u0131 musiki dersleriyle geli\u015ftirdi. Pek \u00e7o\u011funun g\u00fcftesi kendisine ait olan altm\u0131\u015ftan fazla \u015fark\u0131 besteledi. Yazarl\u0131k mesle\u011fini hayat\u0131n\u0131n sonuna kadar s\u00fcrd\u00fcren Ahmet Rasim hik\u00e2ye, roman ve hat\u0131ra t\u00fcrlerinden gazete yaz\u0131lar\u0131na, tarih ve okul kitaplar\u0131na kadar \u00e7ok \u00e7e\u015fitli alanlarda eserler ortaya koydu. Herhangi bir edebi ak\u0131ma girmemi\u015f, siyasi ve edebi tart\u0131\u015fmalardan uzak, halk\u0131 bilgilendirmeyi ama\u00e7 edinmi\u015f yazarlardand\u0131r. Ceride-i Havadis, Basiret, Tasvir-i Efk\u00e2r, Sabah,\u0130kdam, Ak\u015fam, Cumhuriyet gibi gazetelerde g\u00f6zleme dayal\u0131, \u0130stanbul hayat\u0131n\u0131 b\u00fct\u00fcn renkleriyle yans\u0131tan, yal\u0131n ve g\u00fczel T\u00fcrk\u00e7esiyle yazd\u0131\u011f\u0131 yaz\u0131larla \u015f\u00f6hret bulmu\u015f, sevilerek takip edilmi\u015ftir. Memleketini, halk\u0131n ruhunu, \u00e2det ve gelenekleri \u00e7ok iyi bilip tan\u0131yan yazar\u0131n se\u00e7me eserlerine T\u00fcrk Edebiyat\u0131 Klasikler Dizimizde yer vermeyi s\u00fcrd\u00fcrece\u011fiz. <\/p>\n","protected":false},"excerpt":{"rendered":"<p>Osmanl\u0131\u2019da \u00e7ocuk olmak ne demekti? \u00c7ocuklar nas\u0131l yeti\u015ftirilir, nas\u0131l okula ba\u015flar ve nas\u0131l bir e\u011fitim al\u0131rlard\u0131? Ahmet Rasim Falaka\u2019da kendisinin \u00e7ocukluktan ilk gen\u00e7li\u011fine uzanan hat\u0131ralar\u0131 e\u015fli\u011finde<span class=\"excerpt-hellip\"> [\u2026]<\/span><\/p>\n","protected":false},"featured_media":0,"template":"","meta":{"_monsterinsights_skip_tracking":false,"_monsterinsights_sitenote_active":false,"_monsterinsights_sitenote_note":"","_monsterinsights_sitenote_category":0},"product_brand":[],"product_cat":[12291,12711],"product_tag":[],"class_list":{"0":"post-718805","1":"product","2":"type-product","3":"status-publish","5":"product_cat-edebiyat","6":"product_cat-roman-oyku","7":"pa_cilt-ciltsiz","8":"pa_tur-kitap","9":"pa_yayinevi-is-bankasi-kultur-yayinlari","10":"pa_yazar-ahmet-rasim","12":"first","13":"instock","14":"sale","15":"shipping-taxable","16":"purchasable","17":"product-type-simple"},"_links":{"self":[{"href":"https:\/\/roveyayinevi.com.tr\/index.php\/wp-json\/wp\/v2\/product\/718805","targetHints":{"allow":["GET"]}}],"collection":[{"href":"https:\/\/roveyayinevi.com.tr\/index.php\/wp-json\/wp\/v2\/product"}],"about":[{"href":"https:\/\/roveyayinevi.com.tr\/index.php\/wp-json\/wp\/v2\/types\/product"}],"wp:attachment":[{"href":"https:\/\/roveyayinevi.com.tr\/index.php\/wp-json\/wp\/v2\/media?parent=718805"}],"wp:term":[{"taxonomy":"product_brand","embeddable":true,"href":"https:\/\/roveyayinevi.com.tr\/index.php\/wp-json\/wp\/v2\/product_brand?post=718805"},{"taxonomy":"product_cat","embeddable":true,"href":"https:\/\/roveyayinevi.com.tr\/index.php\/wp-json\/wp\/v2\/product_cat?post=718805"},{"taxonomy":"product_tag","embeddable":true,"href":"https:\/\/roveyayinevi.com.tr\/index.php\/wp-json\/wp\/v2\/product_tag?post=718805"}],"curies":[{"name":"wp","href":"https:\/\/api.w.org\/{rel}","templated":true}]}}