{"id":718801,"date":"2025-08-27T18:13:47","date_gmt":"2025-08-27T15:13:47","guid":{"rendered":"https:\/\/roveyayinevi.com.tr\/index.php\/urun\/ah-nerelere-gideceksin-bir-bilsen\/"},"modified":"2026-04-16T02:26:50","modified_gmt":"2026-04-15T23:26:50","slug":"ah-nerelere-gideceksin-bir-bilsen","status":"publish","type":"product","link":"https:\/\/roveyayinevi.com.tr\/index.php\/urun\/ah-nerelere-gideceksin-bir-bilsen\/","title":{"rendered":"Ah Nerelere Gideceksin Bir Bilsen!"},"content":{"rendered":"<p>Hayat\u0131n hepimiz i\u00e7in haz\u0131rlad\u0131\u011f\u0131 maceralara e\u011flenceli bir pencereden bakan bu kitapta Dr. Seuss bizleri ya\u015fam\u0131n hem keyifli ve ba\u015far\u0131l\u0131 anlar\u0131nda, hem de ba\u015far\u0131s\u0131z ve zorlu d\u00f6nemlerinde heyecanl\u0131 bir yolculu\u011fa \u00e7\u0131kar\u0131yor.Birbirinden komik \u00f6yk\u00fcler, \u00e7\u0131lg\u0131n karakterler ve e\u011flenceli resimleri birle\u015ftiren Dr. Seuss, kendine \u00f6zg\u00fc uyak, ritim ve tekrar y\u00f6ntemleriyle, okumay\u0131 her ya\u015f ve yetenekte \u00e7ocuklar i\u00e7in kolayla\u015ft\u0131r\u0131yor.Dr. Seuss ile Okumak E\u011flencedir!Arkas\u0131 sar\u0131 kitaplar!Okumay\u0131 s\u00f6km\u00fc\u015f \u00e7ocuklar i\u00e7in ideal! Y\u00fcksek sesle okuyup al\u0131\u015ft\u0131rma yapmas\u0131 da \u00e7ok e\u011flenceli. \u00dcstelik bunlar, k\u00fc\u00e7\u00fck \u00e7ocuklara uyku \u00f6ncesinde okumak i\u00e7in de harika hik\u00e2yeler.<\/p>\n","protected":false},"excerpt":{"rendered":"<p>Hayat\u0131n hepimiz i\u00e7in haz\u0131rlad\u0131\u011f\u0131 maceralara e\u011flenceli bir pencereden bakan bu kitapta Dr. Seuss bizleri ya\u015fam\u0131n hem keyifli ve ba\u015far\u0131l\u0131 anlar\u0131nda, hem de ba\u015far\u0131s\u0131z ve zorlu d\u00f6nemlerinde<span class=\"excerpt-hellip\"> [\u2026]<\/span><\/p>\n","protected":false},"featured_media":0,"template":"","meta":{"_monsterinsights_skip_tracking":false,"_monsterinsights_sitenote_active":false,"_monsterinsights_sitenote_note":"","_monsterinsights_sitenote_category":0},"product_brand":[],"product_cat":[12274,12284],"product_tag":[],"class_list":{"0":"post-718801","1":"product","2":"type-product","3":"status-publish","5":"product_cat-cocuk-ve-genclik-kitaplari","6":"product_cat-hikayeler","7":"pa_cilt-ciltsiz","8":"pa_tur-kitap","9":"pa_yayinevi-epsilon-yayinlari","10":"pa_yazar-dr-seuss","12":"first","13":"instock","14":"sale","15":"shipping-taxable","16":"purchasable","17":"product-type-simple"},"_links":{"self":[{"href":"https:\/\/roveyayinevi.com.tr\/index.php\/wp-json\/wp\/v2\/product\/718801","targetHints":{"allow":["GET"]}}],"collection":[{"href":"https:\/\/roveyayinevi.com.tr\/index.php\/wp-json\/wp\/v2\/product"}],"about":[{"href":"https:\/\/roveyayinevi.com.tr\/index.php\/wp-json\/wp\/v2\/types\/product"}],"wp:attachment":[{"href":"https:\/\/roveyayinevi.com.tr\/index.php\/wp-json\/wp\/v2\/media?parent=718801"}],"wp:term":[{"taxonomy":"product_brand","embeddable":true,"href":"https:\/\/roveyayinevi.com.tr\/index.php\/wp-json\/wp\/v2\/product_brand?post=718801"},{"taxonomy":"product_cat","embeddable":true,"href":"https:\/\/roveyayinevi.com.tr\/index.php\/wp-json\/wp\/v2\/product_cat?post=718801"},{"taxonomy":"product_tag","embeddable":true,"href":"https:\/\/roveyayinevi.com.tr\/index.php\/wp-json\/wp\/v2\/product_tag?post=718801"}],"curies":[{"name":"wp","href":"https:\/\/api.w.org\/{rel}","templated":true}]}}