{"id":718800,"date":"2025-08-27T18:13:46","date_gmt":"2025-08-27T15:13:46","guid":{"rendered":"https:\/\/roveyayinevi.com.tr\/index.php\/urun\/boksor\/"},"modified":"2026-04-16T02:26:50","modified_gmt":"2026-04-15T23:26:50","slug":"boksor","status":"publish","type":"product","link":"https:\/\/roveyayinevi.com.tr\/index.php\/urun\/boksor\/","title":{"rendered":"Boks\u00f6r"},"content":{"rendered":"<p>Soyk\u0131r\u0131mdan kurtulan Hertzko Haft\u2019\u0131n ger\u00e7ek hik\u00e2yesi\u201cBa\u015f\u0131ma gelen onca \u015feyden sonra, boks eldivenleri takm\u0131\u015f bir adam ne yapabilir ki bana?\u201dHertzko HaftPolonya, 1941. On alt\u0131 ya\u015f\u0131ndaki Hertzko, Nazilerin en b\u00fcy\u00fck toplama kamp\u0131 olan Auschwitz\u2019e g\u00f6nderilir. SS subaylar\u0131n\u0131 e\u011flendirmek i\u00e7in di\u011fer mahk\u00fbmlarla sava\u015fmaya zorlanan Haft, ola\u011fan\u00fcst\u00fc bir hayatta kalma kararl\u0131l\u0131\u011f\u0131 g\u00f6sterir. Sava\u015f\u0131n ard\u0131ndan Polonya\u2019dan ABD\u2019ye g\u00f6\u00e7 eder ve ringlerde d\u00f6v\u00fc\u015fmeye ba\u015flar.Usta \u00e7izgi romanc\u0131 Reinhard Kleist\u2019\u0131n insanl\u0131k tarihinin en karanl\u0131k d\u00f6nemlerinden birini betimledi\u011fi bu \u00e7izgi roman\u0131, ayn\u0131 zamanda g\u00fc\u00e7l\u00fc bir a\u015fk\u0131n hik\u00e2yesi.<\/p>\n","protected":false},"excerpt":{"rendered":"<p>Soyk\u0131r\u0131mdan kurtulan Hertzko Haft\u2019\u0131n ger\u00e7ek hik\u00e2yesi\u201cBa\u015f\u0131ma gelen onca \u015feyden sonra, boks eldivenleri takm\u0131\u015f bir adam ne yapabilir ki bana?\u201dHertzko HaftPolonya, 1941. On alt\u0131 ya\u015f\u0131ndaki Hertzko, Nazilerin<span class=\"excerpt-hellip\"> [\u2026]<\/span><\/p>\n","protected":false},"featured_media":0,"template":"","meta":{"_monsterinsights_skip_tracking":false,"_monsterinsights_sitenote_active":false,"_monsterinsights_sitenote_note":"","_monsterinsights_sitenote_category":0},"product_brand":[],"product_cat":[12416,12291],"product_tag":[],"class_list":{"0":"post-718800","1":"product","2":"type-product","3":"status-publish","5":"product_cat-cizgi-roman","6":"product_cat-edebiyat","7":"pa_cilt-ciltsiz","8":"pa_tur-kitap","9":"pa_yayinevi-kara-karga-yayinlari","10":"pa_yazar-reinhard-kleist","12":"first","13":"instock","14":"sale","15":"shipping-taxable","16":"purchasable","17":"product-type-simple"},"_links":{"self":[{"href":"https:\/\/roveyayinevi.com.tr\/index.php\/wp-json\/wp\/v2\/product\/718800","targetHints":{"allow":["GET"]}}],"collection":[{"href":"https:\/\/roveyayinevi.com.tr\/index.php\/wp-json\/wp\/v2\/product"}],"about":[{"href":"https:\/\/roveyayinevi.com.tr\/index.php\/wp-json\/wp\/v2\/types\/product"}],"wp:attachment":[{"href":"https:\/\/roveyayinevi.com.tr\/index.php\/wp-json\/wp\/v2\/media?parent=718800"}],"wp:term":[{"taxonomy":"product_brand","embeddable":true,"href":"https:\/\/roveyayinevi.com.tr\/index.php\/wp-json\/wp\/v2\/product_brand?post=718800"},{"taxonomy":"product_cat","embeddable":true,"href":"https:\/\/roveyayinevi.com.tr\/index.php\/wp-json\/wp\/v2\/product_cat?post=718800"},{"taxonomy":"product_tag","embeddable":true,"href":"https:\/\/roveyayinevi.com.tr\/index.php\/wp-json\/wp\/v2\/product_tag?post=718800"}],"curies":[{"name":"wp","href":"https:\/\/api.w.org\/{rel}","templated":true}]}}