{"id":718793,"date":"2025-08-27T18:13:41","date_gmt":"2025-08-27T15:13:41","guid":{"rendered":"https:\/\/roveyayinevi.com.tr\/index.php\/urun\/adalet-2\/"},"modified":"2026-04-16T02:26:50","modified_gmt":"2026-04-15T23:26:50","slug":"adalet-2","status":"publish","type":"product","link":"https:\/\/roveyayinevi.com.tr\/index.php\/urun\/adalet-2\/","title":{"rendered":"Adalet"},"content":{"rendered":"<p>Adalet, genel adalet konsepti ve ahlak\u00ee muhakeme \u00fczerine, klasik d\u00f6nemden g\u00fcn\u00fcm\u00fczdekilere kadar ba\u015fl\u0131ca filozoflar\u0131n d\u00fc\u015f\u00fcncelerini tart\u0131\u015fmaya a\u00e7ar. Sandel da yorumlar\u0131yla okuyucular\u0131n\u0131n \u00e7e\u015fitli \u00e7a\u011fda\u015f meselelerle y\u00fczle\u015fmesini sa\u011flar. Pozitif ayr\u0131mc\u0131l\u0131k, zorunlu askerlik, gelir da\u011f\u0131l\u0131m\u0131 ve gey haklar\u0131 gibi bir\u00e7ok ahlak\u00ee ikileme ahlak\u00ee, hukuk\u00ee ve siyas\u00ee a\u00e7\u0131lardan bakarken asl\u0131nda siyaset felsefesinin temel sorunlar\u0131na \u00e7\u00f6z\u00fcm arar: ki\u015fisel haklar ve toplumun istekleri, e\u015fitlik ve e\u015fitsizlik, ahlak ve hukuk ve nihayetinde adalet.   Bu kitap, d\u00fc\u015f\u00fcnceler tarihi kitab\u0131 de\u011fildir ama ahlak\u00ee ve siyas\u00ee d\u00fc\u015f\u00fcnceye bir yolculuktur. Bu kitab\u0131n amac\u0131, siyas\u00ee d\u00fc\u015f\u00fcnce tarihinde kimin kimden etkilendi\u011fini g\u00f6stermek de\u011fil; okuyucular\u0131, adalet \u00fczerine kendi g\u00f6r\u00fc\u015flerinin ne oldu\u011funu ve ni\u00e7in b\u00f6yle d\u00fc\u015f\u00fcnd\u00fcklerini \u00e7\u00f6z\u00fcmlemek i\u00e7in ele\u015ftirel incelemeye davet etmektir. Kitap; \u00f6\u011frenciler, akademisyenler ve b\u00fcy\u00fck ahl\u00e2ki tart\u0131\u015fmalar hakk\u0131nda daha fazla bilgi edinmek isteyen herkes i\u00e7in harika bir kaynakt\u0131r. <\/p>\n","protected":false},"excerpt":{"rendered":"<p>Adalet, genel adalet konsepti ve ahlak\u00ee muhakeme \u00fczerine, klasik d\u00f6nemden g\u00fcn\u00fcm\u00fczdekilere kadar ba\u015fl\u0131ca filozoflar\u0131n d\u00fc\u015f\u00fcncelerini tart\u0131\u015fmaya a\u00e7ar. Sandel da yorumlar\u0131yla okuyucular\u0131n\u0131n \u00e7e\u015fitli \u00e7a\u011fda\u015f meselelerle y\u00fczle\u015fmesini sa\u011flar.<span class=\"excerpt-hellip\"> [\u2026]<\/span><\/p>\n","protected":false},"featured_media":0,"template":"","meta":{"_monsterinsights_skip_tracking":false,"_monsterinsights_sitenote_active":false,"_monsterinsights_sitenote_note":"","_monsterinsights_sitenote_category":0},"product_brand":[],"product_cat":[12388,15536],"product_tag":[],"class_list":{"0":"post-718793","1":"product","2":"type-product","3":"status-publish","5":"product_cat-felsefe","6":"product_cat-siyaset-felsefesi","7":"pa_cilt-ciltsiz","8":"pa_tur-kitap","9":"pa_yayinevi-felix-kitap","10":"pa_yazar-michael-j-sandel","12":"first","13":"instock","14":"sale","15":"shipping-taxable","16":"purchasable","17":"product-type-simple"},"_links":{"self":[{"href":"https:\/\/roveyayinevi.com.tr\/index.php\/wp-json\/wp\/v2\/product\/718793","targetHints":{"allow":["GET"]}}],"collection":[{"href":"https:\/\/roveyayinevi.com.tr\/index.php\/wp-json\/wp\/v2\/product"}],"about":[{"href":"https:\/\/roveyayinevi.com.tr\/index.php\/wp-json\/wp\/v2\/types\/product"}],"wp:attachment":[{"href":"https:\/\/roveyayinevi.com.tr\/index.php\/wp-json\/wp\/v2\/media?parent=718793"}],"wp:term":[{"taxonomy":"product_brand","embeddable":true,"href":"https:\/\/roveyayinevi.com.tr\/index.php\/wp-json\/wp\/v2\/product_brand?post=718793"},{"taxonomy":"product_cat","embeddable":true,"href":"https:\/\/roveyayinevi.com.tr\/index.php\/wp-json\/wp\/v2\/product_cat?post=718793"},{"taxonomy":"product_tag","embeddable":true,"href":"https:\/\/roveyayinevi.com.tr\/index.php\/wp-json\/wp\/v2\/product_tag?post=718793"}],"curies":[{"name":"wp","href":"https:\/\/api.w.org\/{rel}","templated":true}]}}