{"id":718791,"date":"2025-08-27T18:13:40","date_gmt":"2025-08-27T15:13:40","guid":{"rendered":"https:\/\/roveyayinevi.com.tr\/index.php\/urun\/yapabilecegimizi-yapmak\/"},"modified":"2025-11-21T05:24:00","modified_gmt":"2025-11-21T02:24:00","slug":"yapabilecegimizi-yapmak","status":"publish","type":"product","link":"https:\/\/roveyayinevi.com.tr\/index.php\/urun\/yapabilecegimizi-yapmak\/","title":{"rendered":"Yapabilece\u011fimizi Yapmak"},"content":{"rendered":"<p>\u201cMin\u00f6r siyaset \u015fiddetsiz, tepkisel olmayan, \u00e7at\u0131\u015fmac\u0131 olmayan, bar\u0131\u015f\u00e7\u0131l, dost\u00e7a ve dolayl\u0131 eylemleri benimseyen bir siyaset. \u0130nsanlar\u0131n ellerinde, zihinlerinde ya da her anlamda zulada silahlar\u0131 yok. (\u2026) \u00d6nyarg\u0131lar\u0131n\u0131 sorgulayabiliyor, ba\u015fka insanlara kar\u015f\u0131 daha dost\u00e7a tav\u0131r tak\u0131nan insanlar haline gelebiliyorlar ve maj\u00f6r kimliklerin belirleyici rol\u00fcn\u00fc azaltabiliyorlar. Bu d\u00f6n\u00fc\u015fme s\u00fcre\u00e7lerini herhangi ideolojik bir projenin zorunlu bir par\u00e7as\u0131 olarak de\u011fil, kendili\u011finden, i\u00e7kin olarak ya\u015f\u0131yorlar.\u201d Min\u00f6r siyaset, farkl\u0131 bir siyaset anlay\u0131\u015f\u0131&#8230; Hayat\u0131n her alan\u0131nda insan\u0131n yap\u0131p etme kudretini geli\u015ftirmeyi hedefleyen, a\u015fk\u0131n de\u011ferlere de\u011fil eylemin i\u00e7kin \u201colu\u015f\u201duna dayanan, farkl\u0131l\u0131k ve e\u015fitlik i\u00e7inde \u00e7oklu\u011fu varsayan, ademimerkeziyet\u00e7i, tahakk\u00fcm ili\u015fkilerinden uzak, \u00e7at\u0131\u015fmac\u0131 ve temsil\u00ee olmaktan ziyade kurucu bir siyaset anlay\u0131\u015f\u0131. Mayas\u0131n\u0131, Onur Eyl\u00fcl Kara\u2019n\u0131n deyi\u015fiyle \u201ctalep etti\u011fi ve ger\u00e7ekten istedi\u011fi bir ya\u015fam\u0131 \u00e7ok k\u00fc\u00e7\u00fck \u00f6l\u00e7ekte de olsa tesis edebilmeye dair bir eylemlilik\u201d olu\u015fturuyor. Spinoza, Nietzsche ve Deleuze ile Guattari\u2019den ilham alan bu anlay\u0131\u015f, siyasal etkinli\u011fe bir g\u00f6n\u00fcldenlik ve \u201cg\u00fcl\u00fcmserlik\u201d katmakla kalmay\u0131p, somut kazan\u0131mlara a\u00e7\u0131l\u0131yor. Teorik \u00e7er\u00e7eve, T\u00fcrkiye\u2019den min\u00f6r siyaset ruhu ta\u015f\u0131yan bir\u00e7ok deneyimin hik\u00e2yesiyle bereketleniyor: G\u00f6\u00e7menlerle dayan\u0131\u015fmadan alternatif e\u011fitim \u00f6rg\u00fctlenmesine, mahpuslarla dayan\u0131\u015fmadan beyaz yakal\u0131 emek\u00e7ilerin dayan\u0131\u015fma a\u011flar\u0131na, ekolojiden yerel g\u00fc\u00e7lenmeye, toplumsal cinsiyet duyarl\u0131l\u0131\u011f\u0131ndan haf\u0131za \u00e7al\u0131\u015fmas\u0131na, yurtta\u015f gazetecili\u011finden medya izleme faaliyetine, patronsuz \u00fcretim kolektifinden alternatif futbol ligine, hayat\u0131n her alan\u0131nda, bir ba\u015fka d\u00fcnyan\u0131n tohumlar\u0131n\u0131 atanlar\u0131n deneyimleri\u2026 <\/p>\n","protected":false},"excerpt":{"rendered":"<p>\u201cMin\u00f6r siyaset \u015fiddetsiz, tepkisel olmayan, \u00e7at\u0131\u015fmac\u0131 olmayan, bar\u0131\u015f\u00e7\u0131l, dost\u00e7a ve dolayl\u0131 eylemleri benimseyen bir siyaset. \u0130nsanlar\u0131n ellerinde, zihinlerinde ya da her anlamda zulada silahlar\u0131 yok. (\u2026)<span class=\"excerpt-hellip\"> [\u2026]<\/span><\/p>\n","protected":false},"featured_media":0,"template":"","meta":{"_monsterinsights_skip_tracking":false,"_monsterinsights_sitenote_active":false,"_monsterinsights_sitenote_note":"","_monsterinsights_sitenote_category":0},"product_brand":[],"product_cat":[13590,12337],"product_tag":[],"class_list":{"0":"post-718791","1":"product","2":"type-product","3":"status-publish","5":"product_cat-arastirma-inceleme-politika-siyaset","6":"product_cat-politika-siyaset","7":"pa_cilt-ciltsiz","8":"pa_tur-kitap","9":"pa_yayinevi-iletisim-yayinlari","10":"pa_yazar-onur-eylul-kara","12":"first","13":"instock","14":"sale","15":"shipping-taxable","16":"purchasable","17":"product-type-simple"},"_links":{"self":[{"href":"https:\/\/roveyayinevi.com.tr\/index.php\/wp-json\/wp\/v2\/product\/718791","targetHints":{"allow":["GET"]}}],"collection":[{"href":"https:\/\/roveyayinevi.com.tr\/index.php\/wp-json\/wp\/v2\/product"}],"about":[{"href":"https:\/\/roveyayinevi.com.tr\/index.php\/wp-json\/wp\/v2\/types\/product"}],"wp:attachment":[{"href":"https:\/\/roveyayinevi.com.tr\/index.php\/wp-json\/wp\/v2\/media?parent=718791"}],"wp:term":[{"taxonomy":"product_brand","embeddable":true,"href":"https:\/\/roveyayinevi.com.tr\/index.php\/wp-json\/wp\/v2\/product_brand?post=718791"},{"taxonomy":"product_cat","embeddable":true,"href":"https:\/\/roveyayinevi.com.tr\/index.php\/wp-json\/wp\/v2\/product_cat?post=718791"},{"taxonomy":"product_tag","embeddable":true,"href":"https:\/\/roveyayinevi.com.tr\/index.php\/wp-json\/wp\/v2\/product_tag?post=718791"}],"curies":[{"name":"wp","href":"https:\/\/api.w.org\/{rel}","templated":true}]}}