{"id":718788,"date":"2025-08-27T18:13:37","date_gmt":"2025-08-27T15:13:37","guid":{"rendered":"https:\/\/roveyayinevi.com.tr\/index.php\/urun\/suleyman-demirel\/"},"modified":"2025-12-30T10:23:48","modified_gmt":"2025-12-30T07:23:48","slug":"suleyman-demirel","status":"publish","type":"product","link":"https:\/\/roveyayinevi.com.tr\/index.php\/urun\/suleyman-demirel\/","title":{"rendered":"S\u00fcleyman Demirel"},"content":{"rendered":"<p>20. y\u00fczy\u0131l T\u00fcrkiye siyasetinin devlet akl\u0131n\u0131, daha do\u011frusu sa\u011fa b\u00fck\u00fclm\u00fc\u015f \u201cidare akl\u0131n\u0131\u201d merak eden birinin S\u00fcleyman Demirel\u2019e u\u011framadan ge\u00e7mesi d\u00fc\u015f\u00fcn\u00fclemez. \u201cT\u00fcrkiye y\u00f6netilmez, idare edilir\u201d diyen Demirel\u2019in siyasi \u201ckariyeri\u201d ayn\u0131 zamanda d\u00f6nemin siyaseti ba\u011flam\u0131nda, T\u00fcrkiye\u2019nin k\u0131rm\u0131z\u0131 \u00e7izgilerini, siyasal alan\u0131n\u0131n s\u0131n\u0131rlar\u0131n\u0131 ve idareci siyaset akl\u0131n\u0131 ortaya koyar. Elinizde tuttu\u011funuz S\u00fcleyman Demirel kitab\u0131, zaman zaman kusursuz bir pragmatizmle \u201cmeselelerin\u201d kenar\u0131ndan dola\u015fan, onlar\u0131 zorlayan, zaman zaman da devlet akl\u0131yla uzla\u015fma arayarak destek g\u00f6rd\u00fc\u011f\u00fc kesimlerin sorunlar\u0131n\u0131 \u00e7\u00f6zmekten ziyade sorunun kayna\u011f\u0131 haline gelen, defalarca h\u00fck\u00fcmet kurmu\u015f ve da\u011f\u0131tm\u0131\u015f bir antikom\u00fcnist \u201cbaba\u201d fig\u00fcr\u00fcn\u00fc resmediyor. Cumhuriyet\u2019in ilk y\u0131llar\u0131ndan 2000\u2019li y\u0131llara dek titizlikle ve dikkat \u00e7ekici ayr\u0131nt\u0131larla ele alarak, bir siyasi biyografinin \u00f6tesine ge\u00e7menin g\u00fczide bir \u00f6rne\u011fini temsil ediyor. \u201cHer \u015feyi olan, insanlar\u0131 m\u00fc\u015fterek de\u011ferlere sahip, milli \u015fuurun rehberli\u011finde, her istedi\u011fini yapabilen, her d\u00fc\u015f\u00fcnd\u00fc\u011f\u00fcn\u00fc s\u00f6yleyebilen bir T\u00fcrkiye\u2019miz olsun istedik. Bu do\u011fru yoldu. B\u00fcy\u00fck T\u00fcrkiye\u2019ye giden yoldu bu. Onun i\u00e7in do\u011fru idi. Do\u011fru birka\u00e7 tane de\u011fildir. Do\u011fru bir tanedir.\u201d <\/p>\n","protected":false},"excerpt":{"rendered":"<p>20. y\u00fczy\u0131l T\u00fcrkiye siyasetinin devlet akl\u0131n\u0131, daha do\u011frusu sa\u011fa b\u00fck\u00fclm\u00fc\u015f \u201cidare akl\u0131n\u0131\u201d merak eden birinin S\u00fcleyman Demirel\u2019e u\u011framadan ge\u00e7mesi d\u00fc\u015f\u00fcn\u00fclemez. \u201cT\u00fcrkiye y\u00f6netilmez, idare edilir\u201d diyen Demirel\u2019in<span class=\"excerpt-hellip\"> [\u2026]<\/span><\/p>\n","protected":false},"featured_media":0,"template":"","meta":{"_monsterinsights_skip_tracking":false,"_monsterinsights_sitenote_active":false,"_monsterinsights_sitenote_note":"","_monsterinsights_sitenote_category":0},"product_brand":[],"product_cat":[14009,12291],"product_tag":[],"class_list":{"0":"post-718788","1":"product","2":"type-product","3":"status-publish","5":"product_cat-biyografi-otobiyografi-edebiyat","6":"product_cat-edebiyat","7":"pa_cilt-ciltsiz","8":"pa_tur-kitap","9":"pa_yayinevi-iletisim-yayinlari","10":"pa_yazar-murat-arslan","12":"first","13":"instock","14":"sale","15":"shipping-taxable","16":"purchasable","17":"product-type-simple"},"_links":{"self":[{"href":"https:\/\/roveyayinevi.com.tr\/index.php\/wp-json\/wp\/v2\/product\/718788","targetHints":{"allow":["GET"]}}],"collection":[{"href":"https:\/\/roveyayinevi.com.tr\/index.php\/wp-json\/wp\/v2\/product"}],"about":[{"href":"https:\/\/roveyayinevi.com.tr\/index.php\/wp-json\/wp\/v2\/types\/product"}],"wp:attachment":[{"href":"https:\/\/roveyayinevi.com.tr\/index.php\/wp-json\/wp\/v2\/media?parent=718788"}],"wp:term":[{"taxonomy":"product_brand","embeddable":true,"href":"https:\/\/roveyayinevi.com.tr\/index.php\/wp-json\/wp\/v2\/product_brand?post=718788"},{"taxonomy":"product_cat","embeddable":true,"href":"https:\/\/roveyayinevi.com.tr\/index.php\/wp-json\/wp\/v2\/product_cat?post=718788"},{"taxonomy":"product_tag","embeddable":true,"href":"https:\/\/roveyayinevi.com.tr\/index.php\/wp-json\/wp\/v2\/product_tag?post=718788"}],"curies":[{"name":"wp","href":"https:\/\/api.w.org\/{rel}","templated":true}]}}