{"id":718786,"date":"2025-08-27T18:13:36","date_gmt":"2025-08-27T15:13:36","guid":{"rendered":"https:\/\/roveyayinevi.com.tr\/index.php\/urun\/dev-ziplak\/"},"modified":"2026-04-16T02:26:50","modified_gmt":"2026-04-15T23:26:50","slug":"dev-ziplak","status":"publish","type":"product","link":"https:\/\/roveyayinevi.com.tr\/index.php\/urun\/dev-ziplak\/","title":{"rendered":"Dev Z\u0131plak"},"content":{"rendered":"<p>Uluslararas\u0131 \u00e7ok satan yazar Julia Donaldson\u2019\u0131n yazd\u0131\u011f\u0131 ve \u00f6d\u00fcll\u00fc ill\u00fcstrat\u00f6r Helen Oxenbury\u2019nin resimledi\u011fi yepyeni bir okul \u00f6ncesi d\u00f6nem klasi\u011fi. Tav\u015fan bir g\u00fcn evine do\u011fru z\u0131plarken deli\u011finden gelen y\u00fcksek bir ses duydu.\u201cBen DEV ZIPLA\u011eIM! Herkese korku salar\u0131m!\u201d Tav\u015fan\u2019\u0131n arkada\u015flar\u0131 Kedi, Ay\u0131 ve Fil yard\u0131ma ko\u015ftular ama delikten gelen sesin kime ait oldu\u011funu \u00f6\u011frenecek cesaretleri yoktu. Peki ama Dev Z\u0131plak da kimdi? <\/p>\n","protected":false},"excerpt":{"rendered":"<p>Uluslararas\u0131 \u00e7ok satan yazar Julia Donaldson\u2019\u0131n yazd\u0131\u011f\u0131 ve \u00f6d\u00fcll\u00fc ill\u00fcstrat\u00f6r Helen Oxenbury\u2019nin resimledi\u011fi yepyeni bir okul \u00f6ncesi d\u00f6nem klasi\u011fi. Tav\u015fan bir g\u00fcn evine do\u011fru z\u0131plarken deli\u011finden<span class=\"excerpt-hellip\"> [\u2026]<\/span><\/p>\n","protected":false},"featured_media":0,"template":"","meta":{"_monsterinsights_skip_tracking":false,"_monsterinsights_sitenote_active":false,"_monsterinsights_sitenote_note":"","_monsterinsights_sitenote_category":0},"product_brand":[],"product_cat":[12274,12518],"product_tag":[],"class_list":{"0":"post-718786","1":"product","2":"type-product","3":"status-publish","5":"product_cat-cocuk-ve-genclik-kitaplari","6":"product_cat-okul-oncesi-kitaplar","7":"pa_cilt-ciltsiz","8":"pa_tur-kitap","9":"pa_yayinevi-hep-kitap","10":"pa_yazar-julia-donaldson","12":"first","13":"instock","14":"sale","15":"shipping-taxable","16":"purchasable","17":"product-type-simple"},"_links":{"self":[{"href":"https:\/\/roveyayinevi.com.tr\/index.php\/wp-json\/wp\/v2\/product\/718786","targetHints":{"allow":["GET"]}}],"collection":[{"href":"https:\/\/roveyayinevi.com.tr\/index.php\/wp-json\/wp\/v2\/product"}],"about":[{"href":"https:\/\/roveyayinevi.com.tr\/index.php\/wp-json\/wp\/v2\/types\/product"}],"wp:attachment":[{"href":"https:\/\/roveyayinevi.com.tr\/index.php\/wp-json\/wp\/v2\/media?parent=718786"}],"wp:term":[{"taxonomy":"product_brand","embeddable":true,"href":"https:\/\/roveyayinevi.com.tr\/index.php\/wp-json\/wp\/v2\/product_brand?post=718786"},{"taxonomy":"product_cat","embeddable":true,"href":"https:\/\/roveyayinevi.com.tr\/index.php\/wp-json\/wp\/v2\/product_cat?post=718786"},{"taxonomy":"product_tag","embeddable":true,"href":"https:\/\/roveyayinevi.com.tr\/index.php\/wp-json\/wp\/v2\/product_tag?post=718786"}],"curies":[{"name":"wp","href":"https:\/\/api.w.org\/{rel}","templated":true}]}}