{"id":718783,"date":"2025-08-27T18:13:34","date_gmt":"2025-08-27T15:13:34","guid":{"rendered":"https:\/\/roveyayinevi.com.tr\/index.php\/urun\/adim-adim-piyano\/"},"modified":"2026-04-16T02:26:49","modified_gmt":"2026-04-15T23:26:49","slug":"adim-adim-piyano","status":"publish","type":"product","link":"https:\/\/roveyayinevi.com.tr\/index.php\/urun\/adim-adim-piyano\/","title":{"rendered":"Ad\u0131m Ad\u0131m Piyano"},"content":{"rendered":"<p>Bu kitap piyano \u00e7almak isteyen sekiz ya\u015f ve \u00fczeri t\u00fcm m\u00fczik severler i\u00e7in \u00fclkemizde kullan\u0131lan ve yurt d\u0131\u015f\u0131nda da b\u00fcy\u00fck ba\u015far\u0131ya ula\u015fan baz\u0131 tan\u0131nm\u0131\u015f seri metotlar\u0131n alternatifi olarak be\u011feninize sunulmu\u015ftur. Yabanc\u0131 piyano metotlar\u0131ndaki \u015fark\u0131lar, yabanc\u0131 k\u00fclt\u00fcrlerinin \u00f6rneklerini yans\u0131tt\u0131\u011f\u0131ndan, bu kitapta ayn\u0131 konulara kendi \u015fark\u0131lar\u0131m\u0131zla ve T\u00fcrk\u00e7e s\u00f6zl\u00fc olarak yer verilmi\u015ftir. Kitab\u0131n piyasadaki benzerlerinden olduk\u00e7a \u00f6nemli bir ba\u015fka farkl\u0131l\u0131\u011f\u0131 da \u201cYoutube Video Destekli\u201d olu\u015fudur. Sayfalarda yer alan QR kodu cep telefonunuza okutarak o par\u00e7an\u0131n nas\u0131l \u00e7al\u0131nd\u0131\u011f\u0131n\u0131 g\u00f6steren videoya an\u0131nda ula\u015fabilir eseri izleyebilir\/dinleyebilirsiniz. QR kod okuyucu \u00fccretsiz cep telefonu uygulamalar\u0131n\u0131 AppStore ya da Google PlayStore ma\u011fazalar\u0131nda bulabilirsiniz. Tamam\u0131 renkli olan kitaptaki konu i\u00e7eriklerinin birbirleri ile ba\u011flan\u0131\u015f\u0131, m\u00fczik c\u00fcmlelerinin \u00e7al\u0131n\u0131rken s\u00f6zleri ile birlikte uygulanmas\u0131, k\u00fc\u00e7\u00fck \u00e7ocuklar\u0131m\u0131z i\u00e7in boyama alanlar\u0131n\u0131n olmas\u0131 ve b\u00fct\u00fcn bunlara ek olarak \u201c\u00f6\u011fretmen e\u015fli\u011fi\u201d piyano \u00e7almay\u0131 daha e\u011flenceli bir hale getirmektedir. Kitab\u0131n sonunda ise sene sonu g\u00f6sterileri i\u00e7in k\u00fc\u00e7\u00fck bir repertuvara yer verilmi\u015ftir. <\/p>\n","protected":false},"excerpt":{"rendered":"<p>Bu kitap piyano \u00e7almak isteyen sekiz ya\u015f ve \u00fczeri t\u00fcm m\u00fczik severler i\u00e7in \u00fclkemizde kullan\u0131lan ve yurt d\u0131\u015f\u0131nda da b\u00fcy\u00fck ba\u015far\u0131ya ula\u015fan baz\u0131 tan\u0131nm\u0131\u015f seri metotlar\u0131n<span class=\"excerpt-hellip\"> [\u2026]<\/span><\/p>\n","protected":false},"featured_media":0,"template":"","meta":{"_monsterinsights_skip_tracking":false,"_monsterinsights_sitenote_active":false,"_monsterinsights_sitenote_note":"","_monsterinsights_sitenote_category":0},"product_brand":[],"product_cat":[14556,20810],"product_tag":[],"class_list":{"0":"post-718783","1":"product","2":"type-product","3":"status-publish","5":"product_cat-muzik","6":"product_cat-ogrenim-kitaplari","7":"pa_cilt-ciltsiz","8":"pa_tur-kitap","9":"pa_yayinevi-muzik-egitimi-yayinlari","10":"pa_yazar-onur-cengiz","12":"first","13":"instock","14":"sale","15":"shipping-taxable","16":"purchasable","17":"product-type-simple"},"_links":{"self":[{"href":"https:\/\/roveyayinevi.com.tr\/index.php\/wp-json\/wp\/v2\/product\/718783","targetHints":{"allow":["GET"]}}],"collection":[{"href":"https:\/\/roveyayinevi.com.tr\/index.php\/wp-json\/wp\/v2\/product"}],"about":[{"href":"https:\/\/roveyayinevi.com.tr\/index.php\/wp-json\/wp\/v2\/types\/product"}],"wp:attachment":[{"href":"https:\/\/roveyayinevi.com.tr\/index.php\/wp-json\/wp\/v2\/media?parent=718783"}],"wp:term":[{"taxonomy":"product_brand","embeddable":true,"href":"https:\/\/roveyayinevi.com.tr\/index.php\/wp-json\/wp\/v2\/product_brand?post=718783"},{"taxonomy":"product_cat","embeddable":true,"href":"https:\/\/roveyayinevi.com.tr\/index.php\/wp-json\/wp\/v2\/product_cat?post=718783"},{"taxonomy":"product_tag","embeddable":true,"href":"https:\/\/roveyayinevi.com.tr\/index.php\/wp-json\/wp\/v2\/product_tag?post=718783"}],"curies":[{"name":"wp","href":"https:\/\/api.w.org\/{rel}","templated":true}]}}