{"id":718782,"date":"2025-08-27T18:13:33","date_gmt":"2025-08-27T15:13:33","guid":{"rendered":"https:\/\/roveyayinevi.com.tr\/index.php\/urun\/bilimin-kisa-tarihi\/"},"modified":"2026-04-16T02:26:49","modified_gmt":"2026-04-15T23:26:49","slug":"bilimin-kisa-tarihi","status":"publish","type":"product","link":"https:\/\/roveyayinevi.com.tr\/index.php\/urun\/bilimin-kisa-tarihi\/","title":{"rendered":"Bilimin K\u0131sa Tarihi"},"content":{"rendered":"<p>\u201cBabillilerle ba\u015flay\u0131p internete kadar geliyor Bynum, bu arada neredeyse her temel bilimsel fikre ve bulu\u015fa yer vermeyi beceriyor.\u00c7ok \u015fey \u00f6\u011frendim, iyi ki okumu\u015fum.\u201dAndrew Robinson, New Scientist\u201cBynum, belirli yan\u0131tlar\u0131 vermek yerine bir ara\u015ft\u0131rmac\u0131 ruhunu ate\u015flemenin daha de\u011ferli oldu\u011funa inanan muhte\u015fem rehberlerden biri.\u201dPatricia Fara, History Today\u201cBynum sizi bilimin ne kadar g\u00fc\u00e7 oldu\u011funu d\u00fc\u015f\u00fcnmeye ve tarihsel hatalar kar\u015f\u0131s\u0131nda daha ba\u011f\u0131\u015flay\u0131c\u0131 olmaya davet ediyor.\u201dSteven Poole, Guardian\u201cBu incelikli kitap cehaletten bilgiye giden ola\u011fan\u00fcst\u00fc yolculu\u011fumuzu herkese hat\u0131rlat\u0131r umar\u0131m.\u201d  Dallas Campbell, BBC Focus<\/p>\n","protected":false},"excerpt":{"rendered":"<p>\u201cBabillilerle ba\u015flay\u0131p internete kadar geliyor Bynum, bu arada neredeyse her temel bilimsel fikre ve bulu\u015fa yer vermeyi beceriyor.\u00c7ok \u015fey \u00f6\u011frendim, iyi ki okumu\u015fum.\u201dAndrew Robinson, New Scientist\u201cBynum,<span class=\"excerpt-hellip\"> [\u2026]<\/span><\/p>\n","protected":false},"featured_media":0,"template":"","meta":{"_monsterinsights_skip_tracking":false,"_monsterinsights_sitenote_active":false,"_monsterinsights_sitenote_note":"","_monsterinsights_sitenote_category":0},"product_brand":[],"product_cat":[13005,37328],"product_tag":[],"class_list":{"0":"post-718782","1":"product","2":"type-product","3":"status-publish","5":"product_cat-bilim-muhendislik","6":"product_cat-diger-bilim-muhendislik","7":"pa_cilt-ciltsiz","8":"pa_tur-kitap","9":"pa_yayinevi-alfa-yayinlari","10":"pa_yazar-william-bynum","12":"first","13":"instock","14":"sale","15":"shipping-taxable","16":"purchasable","17":"product-type-simple"},"_links":{"self":[{"href":"https:\/\/roveyayinevi.com.tr\/index.php\/wp-json\/wp\/v2\/product\/718782","targetHints":{"allow":["GET"]}}],"collection":[{"href":"https:\/\/roveyayinevi.com.tr\/index.php\/wp-json\/wp\/v2\/product"}],"about":[{"href":"https:\/\/roveyayinevi.com.tr\/index.php\/wp-json\/wp\/v2\/types\/product"}],"wp:attachment":[{"href":"https:\/\/roveyayinevi.com.tr\/index.php\/wp-json\/wp\/v2\/media?parent=718782"}],"wp:term":[{"taxonomy":"product_brand","embeddable":true,"href":"https:\/\/roveyayinevi.com.tr\/index.php\/wp-json\/wp\/v2\/product_brand?post=718782"},{"taxonomy":"product_cat","embeddable":true,"href":"https:\/\/roveyayinevi.com.tr\/index.php\/wp-json\/wp\/v2\/product_cat?post=718782"},{"taxonomy":"product_tag","embeddable":true,"href":"https:\/\/roveyayinevi.com.tr\/index.php\/wp-json\/wp\/v2\/product_tag?post=718782"}],"curies":[{"name":"wp","href":"https:\/\/api.w.org\/{rel}","templated":true}]}}