{"id":718781,"date":"2025-08-27T18:13:33","date_gmt":"2025-08-27T15:13:33","guid":{"rendered":"https:\/\/roveyayinevi.com.tr\/index.php\/urun\/badeci-seyhin-sir-odasi\/"},"modified":"2026-04-16T02:26:49","modified_gmt":"2026-04-15T23:26:49","slug":"badeci-seyhin-sir-odasi","status":"publish","type":"product","link":"https:\/\/roveyayinevi.com.tr\/index.php\/urun\/badeci-seyhin-sir-odasi\/","title":{"rendered":"Badeci \u015eeyh&#8217;in S\u0131r Odas\u0131"},"content":{"rendered":"<p>Bu kitapta bir tarikat \u015feyhinin, m\u00fcritlerini ne denli ayk\u0131r\u0131 noktalara s\u00fcr\u00fckleyebildi\u011fini okuyacaks\u0131n\u0131z.Dava belgelerinden \u00f6\u011frenece\u011fiz:Badeci \u015eeyh, erkek ve kad\u0131n m\u00fcritlerini cinsel organ\u0131n\u0131n \u201cnur \u00e7e\u015fmesi\u201d oldu\u011funa, kendisiyle cinsel birlikteli\u011fin ibadet say\u0131laca\u011f\u0131na nas\u0131l inand\u0131rd\u0131?Ak\u0131l, mant\u0131\u011f\u0131n olmad\u0131\u011f\u0131, sadece \u015feyhin s\u00f6zlerinin do\u011fru kabul edildi\u011fi bu d\u00fcnyada hangi kurallar ge\u00e7erli?Vird, zikir ve rab\u0131tayla m\u00fcritler \u015feyhe nas\u0131l \u00e2\u015f\u0131k ediliyor?Zikirlerde kendinden ge\u00e7ti\u011fini anlatan m\u00fcritler, s\u0131r odas\u0131nda neler ya\u015fad\u0131?Ni\u015fanl\u0131s\u0131na, kar\u0131s\u0131na \u015feyh ile cinsel birliktelik ya\u015famas\u0131 i\u00e7in bask\u0131 yapan m\u00fcritler pi\u015fman olmad\u0131klar\u0131n\u0131 ifadelerinde nas\u0131l anlatt\u0131?\u201cBadelenme\u201d ve \u201ctabi olmak\u201d Badeci \u015eeyh\u2019in iddia etti\u011fi gibi tarikatlardaki ge\u00e7mi\u015fi y\u00fczy\u0131llar \u00f6ncesine dayanan fiiller mi?Tarikatta \u015feyh alg\u0131s\u0131 istismarlar\u0131n \u00f6n\u00fcn\u00fc nas\u0131l a\u00e7\u0131yor?Tarihteki \u00f6rnekleri neler?Tamam\u0131 resmi belgelerden yaz\u0131lm\u0131\u015f Badeci \u015eeyh\u2019in S\u0131r Odas\u0131\u2019nda T\u00fcrkiye\u2019yi bekleyen b\u00fcy\u00fck tehlikeyi g\u00f6receksiniz\u2026<\/p>\n","protected":false},"excerpt":{"rendered":"<p>Bu kitapta bir tarikat \u015feyhinin, m\u00fcritlerini ne denli ayk\u0131r\u0131 noktalara s\u00fcr\u00fckleyebildi\u011fini okuyacaks\u0131n\u0131z.Dava belgelerinden \u00f6\u011frenece\u011fiz:Badeci \u015eeyh, erkek ve kad\u0131n m\u00fcritlerini cinsel organ\u0131n\u0131n \u201cnur \u00e7e\u015fmesi\u201d oldu\u011funa, kendisiyle cinsel<span class=\"excerpt-hellip\"> [\u2026]<\/span><\/p>\n","protected":false},"featured_media":0,"template":"","meta":{"_monsterinsights_skip_tracking":false,"_monsterinsights_sitenote_active":false,"_monsterinsights_sitenote_note":"","_monsterinsights_sitenote_category":0},"product_brand":[],"product_cat":[13590,12337],"product_tag":[],"class_list":{"0":"post-718781","1":"product","2":"type-product","3":"status-publish","5":"product_cat-arastirma-inceleme-politika-siyaset","6":"product_cat-politika-siyaset","7":"pa_cilt-ciltsiz","8":"pa_tur-kitap","9":"pa_yayinevi-kirmizi-kedi-yayinevi","10":"pa_yazar-timur-soykan","12":"first","13":"instock","14":"sale","15":"shipping-taxable","16":"purchasable","17":"product-type-simple"},"_links":{"self":[{"href":"https:\/\/roveyayinevi.com.tr\/index.php\/wp-json\/wp\/v2\/product\/718781","targetHints":{"allow":["GET"]}}],"collection":[{"href":"https:\/\/roveyayinevi.com.tr\/index.php\/wp-json\/wp\/v2\/product"}],"about":[{"href":"https:\/\/roveyayinevi.com.tr\/index.php\/wp-json\/wp\/v2\/types\/product"}],"wp:attachment":[{"href":"https:\/\/roveyayinevi.com.tr\/index.php\/wp-json\/wp\/v2\/media?parent=718781"}],"wp:term":[{"taxonomy":"product_brand","embeddable":true,"href":"https:\/\/roveyayinevi.com.tr\/index.php\/wp-json\/wp\/v2\/product_brand?post=718781"},{"taxonomy":"product_cat","embeddable":true,"href":"https:\/\/roveyayinevi.com.tr\/index.php\/wp-json\/wp\/v2\/product_cat?post=718781"},{"taxonomy":"product_tag","embeddable":true,"href":"https:\/\/roveyayinevi.com.tr\/index.php\/wp-json\/wp\/v2\/product_tag?post=718781"}],"curies":[{"name":"wp","href":"https:\/\/api.w.org\/{rel}","templated":true}]}}