{"id":718780,"date":"2025-08-27T18:13:32","date_gmt":"2025-08-27T15:13:32","guid":{"rendered":"https:\/\/roveyayinevi.com.tr\/index.php\/urun\/national-geographic-kids-garip-ama-gercek-seti-4-kitap-takim\/"},"modified":"2026-04-16T02:26:49","modified_gmt":"2026-04-15T23:26:49","slug":"national-geographic-kids-garip-ama-gercek-seti-4-kitap-takim","status":"publish","type":"product","link":"https:\/\/roveyayinevi.com.tr\/index.php\/urun\/national-geographic-kids-garip-ama-gercek-seti-4-kitap-takim\/","title":{"rendered":"National Geographic Kids &#8211; Garip Ama Ger\u00e7ek Seti (4 Kitap Tak\u0131m)"},"content":{"rendered":"<p>National Geographic Kids\u2019in d\u00fcnya \u00e7ap\u0131nda en sevilen yay\u0131nlar\u0131ndan biri olan, \u015fa\u015f\u0131rt\u0131c\u0131 ger\u00e7eklerle dolu Garip ama Ger\u00e7ek! serisinin 4 kitab\u0131n\u0131 bir sette toplad\u0131k.Bilim, hayvanlar \u00e2lemi, yiyecekler, pop\u00fcler k\u00fclt\u00fcr, \u00e7\u0131lg\u0131n bulu\u015flar, iklim, co\u011frafya gibi ba\u015fl\u0131klar alt\u0131nda e\u011flence dolu bir genel k\u00fclt\u00fcr hazinesi. Hayvanlar, s\u0131ra d\u0131\u015f\u0131 mekanlar, \u00e7\u0131lg\u0131n icatlar, uzay, tuhaf yiyecekler, insan v\u00fccudu, robotlar ve daha bir s\u00fcr\u00fc konuda en acayip ger\u00e7ekleri \u00f6\u011frenin! Her sayfa, e\u011flenceli foto\u011fraflar ve \u00e7izimlerle dolu! National Geographic Kids imzas\u0131n\u0131 ta\u015f\u0131yan Garip Ama Ger\u00e7ek! serisi e\u011flence dolu bir genel k\u00fclt\u00fcr hazinesi. Elinizden b\u0131rakamayacaks\u0131n\u0131z&#8230;Tek bir fil di\u015finin ne kadar a\u011f\u0131r oldu\u011funu, milyonlarca y\u0131l \u00f6nce Avustralya \u00e7\u00f6llerinin bir ya\u011fmur orman\u0131 kadar ya\u011f\u0131\u015fl\u0131 oldu\u011funu, hayat\u0131n\u0131z boyunca 600\u2019den fazla kez so\u011fuk alg\u0131nl\u0131\u011f\u0131 ge\u00e7irdi\u011finizi biliyor musunuz?50 yeni olmak \u00fczere 350 m\u00fcthi\u015f ger\u00e7ek ve yeni kapaklar\u0131yla bu kitaplarda..<\/p>\n","protected":false},"excerpt":{"rendered":"<p>National Geographic Kids\u2019in d\u00fcnya \u00e7ap\u0131nda en sevilen yay\u0131nlar\u0131ndan biri olan, \u015fa\u015f\u0131rt\u0131c\u0131 ger\u00e7eklerle dolu Garip ama Ger\u00e7ek! serisinin 4 kitab\u0131n\u0131 bir sette toplad\u0131k.Bilim, hayvanlar \u00e2lemi, yiyecekler, pop\u00fcler<span class=\"excerpt-hellip\"> [\u2026]<\/span><\/p>\n","protected":false},"featured_media":0,"template":"","meta":{"_monsterinsights_skip_tracking":false,"_monsterinsights_sitenote_active":false,"_monsterinsights_sitenote_note":"","_monsterinsights_sitenote_category":0},"product_brand":[],"product_cat":[13829,12274],"product_tag":[],"class_list":{"0":"post-718780","1":"product","2":"type-product","3":"status-publish","5":"product_cat-bilimsel-kitaplar","6":"product_cat-cocuk-ve-genclik-kitaplari","7":"pa_cilt-ciltsiz","8":"pa_tur-kitap","9":"pa_yayinevi-beta-kids","10":"pa_yazar-kolektif","12":"first","13":"instock","14":"sale","15":"shipping-taxable","16":"purchasable","17":"product-type-simple"},"_links":{"self":[{"href":"https:\/\/roveyayinevi.com.tr\/index.php\/wp-json\/wp\/v2\/product\/718780","targetHints":{"allow":["GET"]}}],"collection":[{"href":"https:\/\/roveyayinevi.com.tr\/index.php\/wp-json\/wp\/v2\/product"}],"about":[{"href":"https:\/\/roveyayinevi.com.tr\/index.php\/wp-json\/wp\/v2\/types\/product"}],"wp:attachment":[{"href":"https:\/\/roveyayinevi.com.tr\/index.php\/wp-json\/wp\/v2\/media?parent=718780"}],"wp:term":[{"taxonomy":"product_brand","embeddable":true,"href":"https:\/\/roveyayinevi.com.tr\/index.php\/wp-json\/wp\/v2\/product_brand?post=718780"},{"taxonomy":"product_cat","embeddable":true,"href":"https:\/\/roveyayinevi.com.tr\/index.php\/wp-json\/wp\/v2\/product_cat?post=718780"},{"taxonomy":"product_tag","embeddable":true,"href":"https:\/\/roveyayinevi.com.tr\/index.php\/wp-json\/wp\/v2\/product_tag?post=718780"}],"curies":[{"name":"wp","href":"https:\/\/api.w.org\/{rel}","templated":true}]}}