{"id":718778,"date":"2025-08-27T18:13:31","date_gmt":"2025-08-27T15:13:31","guid":{"rendered":"https:\/\/roveyayinevi.com.tr\/index.php\/urun\/kalkinma-ajanslarinda-ic-denetim\/"},"modified":"2026-04-16T02:26:49","modified_gmt":"2026-04-15T23:26:49","slug":"kalkinma-ajanslarinda-ic-denetim","status":"publish","type":"product","link":"https:\/\/roveyayinevi.com.tr\/index.php\/urun\/kalkinma-ajanslarinda-ic-denetim\/","title":{"rendered":"Kalk\u0131nma Ajanslar\u0131nda \u0130\u00e7 Denetim"},"content":{"rendered":"<p>Bu eser, T\u00fcrkiye\u2019de faaliyet g\u00f6stermekte olan kalk\u0131nma ajanslar\u0131ndaki i\u00e7 denetim sistemi ve uygulamalar\u0131n\u0131n Uluslararas\u0131 \u0130\u00e7 Denetim Standartlar\u0131na uyum d\u00fczeyi ile AB akreditasyonlar\u0131na haz\u0131rl\u0131k durumunu de\u011ferlendirmek ve bu kapsamda \u00f6ne \u00e7\u0131kan g\u00fcncel i\u00e7 denetim sorunlar\u0131na uluslararas\u0131 standartlara uygun \u00e7\u00f6z\u00fcm \u00f6nerileri geli\u015ftirmek amac\u0131yla kaleme al\u0131nm\u0131\u015ft\u0131r. Uzun ve zorlu bir \u00e7al\u0131\u015fman\u0131n sonucu ortaya \u00e7\u0131kan ve yakla\u015f\u0131k alt\u0131 y\u0131l\u0131 kalk\u0131nma ajans\u0131 i\u00e7 denet\u00e7ili\u011fi olmak \u00fczere, toplam yirmi d\u00f6rt y\u0131la yak\u0131n mesleki tecr\u00fcbenin sonucu olan bu \u00e7al\u0131\u015fman\u0131n, teoriyi pratikle birle\u015ftiren bir \u00e7al\u0131\u015fma olmas\u0131 nedeniyle, bu alanda yap\u0131lacak y\u00f6netsel ve akademik \u00e7al\u0131\u015fmalara katk\u0131 verebilece\u011fi d\u00fc\u015f\u00fcn\u00fclm\u00fc\u015ft\u00fcr.<\/p>\n","protected":false},"excerpt":{"rendered":"<p>Bu eser, T\u00fcrkiye\u2019de faaliyet g\u00f6stermekte olan kalk\u0131nma ajanslar\u0131ndaki i\u00e7 denetim sistemi ve uygulamalar\u0131n\u0131n Uluslararas\u0131 \u0130\u00e7 Denetim Standartlar\u0131na uyum d\u00fczeyi ile AB akreditasyonlar\u0131na haz\u0131rl\u0131k durumunu de\u011ferlendirmek ve<span class=\"excerpt-hellip\"> [\u2026]<\/span><\/p>\n","protected":false},"featured_media":0,"template":"","meta":{"_monsterinsights_skip_tracking":false,"_monsterinsights_sitenote_active":false,"_monsterinsights_sitenote_note":"","_monsterinsights_sitenote_category":0},"product_brand":[],"product_cat":[12337,14706],"product_tag":[],"class_list":{"0":"post-718778","1":"product","2":"type-product","3":"status-publish","5":"product_cat-politika-siyaset","6":"product_cat-siyaset-bilimi","7":"pa_cilt-ciltsiz","8":"pa_tur-kitap","9":"pa_yayinevi-astana-yayinlari","10":"pa_yazar-idris-kologlu","12":"first","13":"instock","14":"sale","15":"shipping-taxable","16":"purchasable","17":"product-type-simple"},"_links":{"self":[{"href":"https:\/\/roveyayinevi.com.tr\/index.php\/wp-json\/wp\/v2\/product\/718778","targetHints":{"allow":["GET"]}}],"collection":[{"href":"https:\/\/roveyayinevi.com.tr\/index.php\/wp-json\/wp\/v2\/product"}],"about":[{"href":"https:\/\/roveyayinevi.com.tr\/index.php\/wp-json\/wp\/v2\/types\/product"}],"wp:attachment":[{"href":"https:\/\/roveyayinevi.com.tr\/index.php\/wp-json\/wp\/v2\/media?parent=718778"}],"wp:term":[{"taxonomy":"product_brand","embeddable":true,"href":"https:\/\/roveyayinevi.com.tr\/index.php\/wp-json\/wp\/v2\/product_brand?post=718778"},{"taxonomy":"product_cat","embeddable":true,"href":"https:\/\/roveyayinevi.com.tr\/index.php\/wp-json\/wp\/v2\/product_cat?post=718778"},{"taxonomy":"product_tag","embeddable":true,"href":"https:\/\/roveyayinevi.com.tr\/index.php\/wp-json\/wp\/v2\/product_tag?post=718778"}],"curies":[{"name":"wp","href":"https:\/\/api.w.org\/{rel}","templated":true}]}}