{"id":718777,"date":"2025-08-27T18:13:30","date_gmt":"2025-08-27T15:13:30","guid":{"rendered":"https:\/\/roveyayinevi.com.tr\/index.php\/urun\/kanayak\/"},"modified":"2026-04-16T02:26:49","modified_gmt":"2026-04-15T23:26:49","slug":"kanayak","status":"publish","type":"product","link":"https:\/\/roveyayinevi.com.tr\/index.php\/urun\/kanayak\/","title":{"rendered":"Kanayak"},"content":{"rendered":"<p>\u201cBuraday\u0131z! Size \u00e7i\u00e7ek isimleri say\u0131p, romantizmi, oradan a\u015fk\u0131, oradan ba\u011fr\u0131 yan\u0131k yan\u0131k s\u0131zlatan sevday\u0131, hadi hi\u00e7 olmad\u0131 belki sevgiyi anlatmak i\u00e7in de\u011fil! Hay\u0131r! Size burada \u00e7i\u00e7ekleri de hayvanlar\u0131 da anlatmayaca\u011f\u0131z. G\u00f6r\u00fclmemi\u015f  bir \u00e7i\u00e7ek a\u00e7madan bahsedece\u011fiz. G\u00fczel bir ad se\u00e7tik bizce. \u2018G\u00f6r\u00fclmemi\u015f bir \u00e7i\u00e7ek a\u00e7ma.\u2019\u201d Zorlu ana k\u0131z ili\u015fkisi; kad\u0131n olmak; yak\u0131c\u0131 tutkular; sahibine de tarihe de sahip \u00e7\u0131kan giysiler; i\u015f\u00e7ilerin hakk\u0131n\u0131 kollayan fabrikalar; kimsenin u\u011framad\u0131\u011f\u0131 kasabalarda ya\u015fananlar ve sokaklar\u0131nda hakk\u0131n\u0131 arayan uzuvlar\u0131n gezindi\u011fi b\u00fcy\u00fck\u015fehirler&#8230; Toprak alt\u0131nda yatanlardan, r\u00fcyada yank\u0131lananlardan ve otopsi masas\u0131ndaki art\u0131klardan yola \u00e7\u0131k\u0131p yeniden kurgulanan hayatlar bunlar&#8230; \u00d6l\u00fcleri \u00f6ld\u00fcrmeyen, cans\u0131za ses veren, etin, kemi\u011fin, kan\u0131n, topra\u011f\u0131n ve d\u00fc\u015f\u00fcn diliyle direnmeye, isyana ve \u00f6zg\u00fcrle\u015fmeye \u00e7a\u011f\u0131ran \u00f6yk\u00fcler. \u0130lk \u00f6yk\u00fc derlemesi \u00c7er\u00e7ialan\u2019la 2016 Ya\u015far Nabi Nay\u0131r \u00d6yk\u00fc \u00d6d\u00fcl\u00fc\u2019ne lay\u0131k g\u00f6r\u00fclen Gamze Arslan yine \u015fa\u015f\u0131rt\u0131c\u0131 ve \u00f6zg\u00fcn bir \u00f6yk\u00fc kitab\u0131yla okurlar\u0131n kar\u015f\u0131s\u0131na \u00e7\u0131k\u0131yor. Kanayak duru bir dil ve alabildi\u011fine yarat\u0131c\u0131 bir kurguyla k\u0131rsaldan b\u00fcy\u00fck\u015fehirlere geni\u015f bir co\u011frafyay\u0131 kat ederek en ac\u0131mas\u0131z ger\u00e7eklere terc\u00fcman oluyor. <\/p>\n","protected":false},"excerpt":{"rendered":"<p>\u201cBuraday\u0131z! Size \u00e7i\u00e7ek isimleri say\u0131p, romantizmi, oradan a\u015fk\u0131, oradan ba\u011fr\u0131 yan\u0131k yan\u0131k s\u0131zlatan sevday\u0131, hadi hi\u00e7 olmad\u0131 belki sevgiyi anlatmak i\u00e7in de\u011fil! Hay\u0131r! Size burada \u00e7i\u00e7ekleri<span class=\"excerpt-hellip\"> [\u2026]<\/span><\/p>\n","protected":false},"featured_media":0,"template":"","meta":{"_monsterinsights_skip_tracking":false,"_monsterinsights_sitenote_active":false,"_monsterinsights_sitenote_note":"","_monsterinsights_sitenote_category":0},"product_brand":[],"product_cat":[12291,12711],"product_tag":[],"class_list":{"0":"post-718777","1":"product","2":"type-product","3":"status-publish","5":"product_cat-edebiyat","6":"product_cat-roman-oyku","7":"pa_cilt-ciltsiz","8":"pa_tur-kitap","9":"pa_yayinevi-can-yayinlari","10":"pa_yazar-gamze-arslan","12":"first","13":"instock","14":"sale","15":"shipping-taxable","16":"purchasable","17":"product-type-simple"},"_links":{"self":[{"href":"https:\/\/roveyayinevi.com.tr\/index.php\/wp-json\/wp\/v2\/product\/718777","targetHints":{"allow":["GET"]}}],"collection":[{"href":"https:\/\/roveyayinevi.com.tr\/index.php\/wp-json\/wp\/v2\/product"}],"about":[{"href":"https:\/\/roveyayinevi.com.tr\/index.php\/wp-json\/wp\/v2\/types\/product"}],"wp:attachment":[{"href":"https:\/\/roveyayinevi.com.tr\/index.php\/wp-json\/wp\/v2\/media?parent=718777"}],"wp:term":[{"taxonomy":"product_brand","embeddable":true,"href":"https:\/\/roveyayinevi.com.tr\/index.php\/wp-json\/wp\/v2\/product_brand?post=718777"},{"taxonomy":"product_cat","embeddable":true,"href":"https:\/\/roveyayinevi.com.tr\/index.php\/wp-json\/wp\/v2\/product_cat?post=718777"},{"taxonomy":"product_tag","embeddable":true,"href":"https:\/\/roveyayinevi.com.tr\/index.php\/wp-json\/wp\/v2\/product_tag?post=718777"}],"curies":[{"name":"wp","href":"https:\/\/api.w.org\/{rel}","templated":true}]}}