{"id":718776,"date":"2025-08-27T18:13:30","date_gmt":"2025-08-27T15:13:30","guid":{"rendered":"https:\/\/roveyayinevi.com.tr\/index.php\/urun\/sema-masallari\/"},"modified":"2026-04-16T02:26:49","modified_gmt":"2026-04-15T23:26:49","slug":"sema-masallari","status":"publish","type":"product","link":"https:\/\/roveyayinevi.com.tr\/index.php\/urun\/sema-masallari\/","title":{"rendered":"\u015eema Masallar\u0131"},"content":{"rendered":"<p>\u0130\u00e7imizdeki \u00c7ocuktan Yan\u0131m\u0131zdaki \u00c7ocu\u011fa\u201c\u015eemalar\u201d de\u011fi\u015ftirilmesi g\u00fc\u00e7 d\u00fc\u015f\u00fcnme, duygulanma ve davran\u0131\u015f kal\u0131plar\u0131 olarak adland\u0131r\u0131l\u0131r. Ki\u015finin t\u00fcm duygu ve davran\u0131\u015flar\u0131 k\u00fc\u00e7\u00fck ya\u015flardan itibaren \u201c\u015femalar\u201da ba\u011fl\u0131 olarak \u015fekillenir.\u015eema Masallar\u0131, \u00e7ocuklara oldu\u011fu kadar ebeveynlere de y\u00f6neliktir. Masallar arac\u0131l\u0131\u011f\u0131yla ebeveynlerin \u015femalar\u0131 tan\u0131mas\u0131 ve \u00e7ocuk yeti\u015ftirmede yeni bak\u0131\u015f a\u00e7\u0131lar\u0131 kazanmalar\u0131 ama\u00e7lanmaktad\u0131r.Kitapta 8 farkl\u0131 masal bulunuyor.<\/p>\n","protected":false},"excerpt":{"rendered":"<p>\u0130\u00e7imizdeki \u00c7ocuktan Yan\u0131m\u0131zdaki \u00c7ocu\u011fa\u201c\u015eemalar\u201d de\u011fi\u015ftirilmesi g\u00fc\u00e7 d\u00fc\u015f\u00fcnme, duygulanma ve davran\u0131\u015f kal\u0131plar\u0131 olarak adland\u0131r\u0131l\u0131r. Ki\u015finin t\u00fcm duygu ve davran\u0131\u015flar\u0131 k\u00fc\u00e7\u00fck ya\u015flardan itibaren \u201c\u015femalar\u201da ba\u011fl\u0131 olarak \u015fekillenir.\u015eema Masallar\u0131,<span class=\"excerpt-hellip\"> [\u2026]<\/span><\/p>\n","protected":false},"featured_media":0,"template":"","meta":{"_monsterinsights_skip_tracking":false,"_monsterinsights_sitenote_active":false,"_monsterinsights_sitenote_note":"","_monsterinsights_sitenote_category":0},"product_brand":[],"product_cat":[12831,12324],"product_tag":[],"class_list":{"0":"post-718776","1":"product","2":"type-product","3":"status-publish","5":"product_cat-aile-ve-cocuk","6":"product_cat-sosyoloji","7":"pa_cilt-ciltsiz","8":"pa_tur-kitap","9":"pa_yayinevi-psikonet-yayinlari","10":"pa_yazar-hasan-alp-karaosmanoglu","12":"first","13":"instock","14":"sale","15":"shipping-taxable","16":"purchasable","17":"product-type-simple"},"_links":{"self":[{"href":"https:\/\/roveyayinevi.com.tr\/index.php\/wp-json\/wp\/v2\/product\/718776","targetHints":{"allow":["GET"]}}],"collection":[{"href":"https:\/\/roveyayinevi.com.tr\/index.php\/wp-json\/wp\/v2\/product"}],"about":[{"href":"https:\/\/roveyayinevi.com.tr\/index.php\/wp-json\/wp\/v2\/types\/product"}],"wp:attachment":[{"href":"https:\/\/roveyayinevi.com.tr\/index.php\/wp-json\/wp\/v2\/media?parent=718776"}],"wp:term":[{"taxonomy":"product_brand","embeddable":true,"href":"https:\/\/roveyayinevi.com.tr\/index.php\/wp-json\/wp\/v2\/product_brand?post=718776"},{"taxonomy":"product_cat","embeddable":true,"href":"https:\/\/roveyayinevi.com.tr\/index.php\/wp-json\/wp\/v2\/product_cat?post=718776"},{"taxonomy":"product_tag","embeddable":true,"href":"https:\/\/roveyayinevi.com.tr\/index.php\/wp-json\/wp\/v2\/product_tag?post=718776"}],"curies":[{"name":"wp","href":"https:\/\/api.w.org\/{rel}","templated":true}]}}