{"id":718775,"date":"2025-08-27T18:13:29","date_gmt":"2025-08-27T15:13:29","guid":{"rendered":"https:\/\/roveyayinevi.com.tr\/index.php\/urun\/devrimcilik-uzerine\/"},"modified":"2026-04-16T02:26:49","modified_gmt":"2026-04-15T23:26:49","slug":"devrimcilik-uzerine","status":"publish","type":"product","link":"https:\/\/roveyayinevi.com.tr\/index.php\/urun\/devrimcilik-uzerine\/","title":{"rendered":"Devrimcilik \u00dczerine"},"content":{"rendered":"<p>Elinizdeki KitaptaAtat\u00fcrk&#8217;\u00fcn devrim, devrimler ve devrimcilik konular\u0131nda s\u00f6yleyip yazd\u0131klar\u0131ilk kaynaklar\u0131ndan yorumsuz olarak bir araya getirilmi\u015ftir.Atat\u00fcrk&#8217;\u00fcn devrimcili\u011fi yaln\u0131z kaleminde de\u011fildir; hayat\u0131 devrimcidir.Her vatanseverin devrimci olmak zorunda oldu\u011fu bir \u00e7a\u011fda hayata g\u00f6zlerini a\u00e7t\u0131,o zor ko\u015fullarda b\u00fcy\u00fcd\u00fc, Manast\u0131r \u0130dadisi&#8217;nden son nefesine kadar devrimci olarak ya\u015fad\u0131,d\u00fcnya \u00f6l\u00e7e\u011finde de\u011feri olan bir devrime \u00f6nderlik etti.Devrimci Atat\u00fcrk&#8217;\u00fcn hayat\u0131 bir \u00f6rg\u00fct\u00e7\u00fcn\u00fcn hayat\u0131d\u0131r.Hayat\u0131 boyunca devrim i\u00e7in \u00f6rg\u00fctlenmelere \u00f6nderlik etti.Atat\u00fcrk&#8217;e g\u00f6re:&#8221;\u0130nk\u0131lap, mevcut kurumlar\u0131 zorla de\u011fi\u015ftirmek demektir.\u0130nk\u0131lap, T\u00fcrk milletini son as\u0131rlarda geri b\u0131rakm\u0131\u015f olan kurumlar\u0131 y\u0131karak,yerlerine milletin en y\u00fcksek medeni icaplara g\u00f6re ilerlemesini sa\u011flayacakyeni kurumlar\u0131 koymu\u015f olmakt\u0131r.&#8221;Tarihsel bir zorunluluk olarak devrim hakl\u0131l\u0131\u011f\u0131n\u0131 var olan kanunlardan almaz:&#8221;Devrimin kanunu mevcut kanunlar\u0131n \u00fcst\u00fcndedir.&#8221;Devrimi terk eden ve \u00e7\u00fcr\u00fcyen devlet y\u00f6neticilerine kar\u015f\u0131 \u00e7\u00f6z\u00fcm devrimdedir.Devrimi yapacak kuvvet de halk\u0131n ve gen\u00e7li\u011fin kendisidir.Devrim, bir devlet eylemi de\u011fil, \u00f6rg\u00fctl\u00fc halk eylemidir.T\u00fcrkiye&#8217;nin tarih birikimi i\u00e7inde bug\u00fcn bize en gerekli olan miras Atat\u00fcrk&#8217;\u00fcn devrimcili\u011fidir. <\/p>\n","protected":false},"excerpt":{"rendered":"<p>Elinizdeki KitaptaAtat\u00fcrk&#8217;\u00fcn devrim, devrimler ve devrimcilik konular\u0131nda s\u00f6yleyip yazd\u0131klar\u0131ilk kaynaklar\u0131ndan yorumsuz olarak bir araya getirilmi\u015ftir.Atat\u00fcrk&#8217;\u00fcn devrimcili\u011fi yaln\u0131z kaleminde de\u011fildir; hayat\u0131 devrimcidir.Her vatanseverin devrimci olmak zorunda oldu\u011fu<span class=\"excerpt-hellip\"> [\u2026]<\/span><\/p>\n","protected":false},"featured_media":0,"template":"","meta":{"_monsterinsights_skip_tracking":false,"_monsterinsights_sitenote_active":false,"_monsterinsights_sitenote_note":"","_monsterinsights_sitenote_category":0},"product_brand":[],"product_cat":[12370,12304],"product_tag":[],"class_list":{"0":"post-718775","1":"product","2":"type-product","3":"status-publish","5":"product_cat-arastirma-inceleme","6":"product_cat-tarih","7":"pa_cilt-ciltsiz","8":"pa_tur-kitap","9":"pa_yayinevi-kaynak-yayinlari","10":"pa_yazar-mustafa-kemal-ataturk","12":"first","13":"instock","14":"sale","15":"shipping-taxable","16":"purchasable","17":"product-type-simple"},"_links":{"self":[{"href":"https:\/\/roveyayinevi.com.tr\/index.php\/wp-json\/wp\/v2\/product\/718775","targetHints":{"allow":["GET"]}}],"collection":[{"href":"https:\/\/roveyayinevi.com.tr\/index.php\/wp-json\/wp\/v2\/product"}],"about":[{"href":"https:\/\/roveyayinevi.com.tr\/index.php\/wp-json\/wp\/v2\/types\/product"}],"wp:attachment":[{"href":"https:\/\/roveyayinevi.com.tr\/index.php\/wp-json\/wp\/v2\/media?parent=718775"}],"wp:term":[{"taxonomy":"product_brand","embeddable":true,"href":"https:\/\/roveyayinevi.com.tr\/index.php\/wp-json\/wp\/v2\/product_brand?post=718775"},{"taxonomy":"product_cat","embeddable":true,"href":"https:\/\/roveyayinevi.com.tr\/index.php\/wp-json\/wp\/v2\/product_cat?post=718775"},{"taxonomy":"product_tag","embeddable":true,"href":"https:\/\/roveyayinevi.com.tr\/index.php\/wp-json\/wp\/v2\/product_tag?post=718775"}],"curies":[{"name":"wp","href":"https:\/\/api.w.org\/{rel}","templated":true}]}}