{"id":718772,"date":"2025-08-27T18:13:27","date_gmt":"2025-08-27T15:13:27","guid":{"rendered":"https:\/\/roveyayinevi.com.tr\/index.php\/urun\/sert-cocuklar-ciltli\/"},"modified":"2026-04-16T02:26:49","modified_gmt":"2026-04-15T23:26:49","slug":"sert-cocuklar-ciltli","status":"publish","type":"product","link":"https:\/\/roveyayinevi.com.tr\/index.php\/urun\/sert-cocuklar-ciltli\/","title":{"rendered":"Sert \u00c7ocuklar (Ciltli)"},"content":{"rendered":"<p>Ninjalar, korsanlar, s\u00fcper kahramanlar\u2026 Hi\u00e7bir \u015fey onlar\u0131 alt edemez gibi g\u00f6r\u00fcn\u00fcr, Ama onlar\u0131n da duygular\u0131 var, T\u0131pk\u0131 benim ve sizin gibi\u2026 Kahraman olman\u0131n, hep kazanman\u0131n, hi\u00e7 kaybetmemenin, hep \u00e7ok ama \u00e7ok g\u00fc\u00e7l\u00fc olman\u0131n y\u00fcceltildi\u011fi bir d\u00fcnyada KeithNegley, s\u00fcper kahramanlar\u0131n dahi kusursuz olmad\u0131klar\u0131n\u0131, olmamalar\u0131n\u0131n da gayet do\u011fal oldu\u011funu anlat\u0131yor bu kitapta. \u015e\u00f6valyelerin de bazen \u00fcz\u00fclebilece\u011fini biliyor musunuz? Ninjalar\u0131n kimi zamankalplerinin k\u0131r\u0131labilece\u011fini,korsanlar\u0131n g\u00f6zya\u015f\u0131 d\u00f6kebileceklerini? Ne kadar g\u00fc\u00e7l\u00fc g\u00f6r\u00fcn\u00fcrlerse g\u00f6r\u00fcns\u00fcnler sert \u00e7ocuklar\u0131n da duygular\u0131 vard\u0131r ve onlar\u0131n da hayatlar\u0131nda bazen bir \u015feyler ters gidebilir.   \u00d6d\u00fcll\u00fc yazar ve \u00e7izer KeithNegley\u2019nin hem yaz\u0131p hem resimledi\u011fi,en az hik\u00e2yesi kadar m\u00fcthi\u015f ill\u00fcstrasyonlar\u0131yla da dikkat \u00e7ekenSert \u00c7ocuklar (Onlar\u0131n Da Duygular\u0131 Var), duygular ve onlar\u0131saklamadan d\u0131\u015fa vurmak\u00fczerine dokunakl\u0131 bir kitap. \u00c7ocuklar\u0131n\u0131zla birlikte okuyabilece\u011finiz bu hik\u00e2ye, onlarla hayal k\u0131r\u0131kl\u0131\u011f\u0131, kaybetmek ve kusursuzlu\u011fun olanaks\u0131zl\u0131\u011f\u0131 \u00fczerine konu\u015fmak i\u00e7in e\u011flenceli bir f\u0131rsat sunuyor. <\/p>\n","protected":false},"excerpt":{"rendered":"<p>Ninjalar, korsanlar, s\u00fcper kahramanlar\u2026 Hi\u00e7bir \u015fey onlar\u0131 alt edemez gibi g\u00f6r\u00fcn\u00fcr, Ama onlar\u0131n da duygular\u0131 var, T\u0131pk\u0131 benim ve sizin gibi\u2026 Kahraman olman\u0131n, hep kazanman\u0131n, hi\u00e7<span class=\"excerpt-hellip\"> [\u2026]<\/span><\/p>\n","protected":false},"featured_media":0,"template":"","meta":{"_monsterinsights_skip_tracking":false,"_monsterinsights_sitenote_active":false,"_monsterinsights_sitenote_note":"","_monsterinsights_sitenote_category":0},"product_brand":[],"product_cat":[12274,12518],"product_tag":[],"class_list":{"0":"post-718772","1":"product","2":"type-product","3":"status-publish","5":"product_cat-cocuk-ve-genclik-kitaplari","6":"product_cat-okul-oncesi-kitaplar","7":"pa_cilt-ciltli","8":"pa_tur-kitap","9":"pa_yayinevi-nesin-yayinlari","10":"pa_yazar-keith-negley","12":"first","13":"instock","14":"sale","15":"shipping-taxable","16":"purchasable","17":"product-type-simple"},"_links":{"self":[{"href":"https:\/\/roveyayinevi.com.tr\/index.php\/wp-json\/wp\/v2\/product\/718772","targetHints":{"allow":["GET"]}}],"collection":[{"href":"https:\/\/roveyayinevi.com.tr\/index.php\/wp-json\/wp\/v2\/product"}],"about":[{"href":"https:\/\/roveyayinevi.com.tr\/index.php\/wp-json\/wp\/v2\/types\/product"}],"wp:attachment":[{"href":"https:\/\/roveyayinevi.com.tr\/index.php\/wp-json\/wp\/v2\/media?parent=718772"}],"wp:term":[{"taxonomy":"product_brand","embeddable":true,"href":"https:\/\/roveyayinevi.com.tr\/index.php\/wp-json\/wp\/v2\/product_brand?post=718772"},{"taxonomy":"product_cat","embeddable":true,"href":"https:\/\/roveyayinevi.com.tr\/index.php\/wp-json\/wp\/v2\/product_cat?post=718772"},{"taxonomy":"product_tag","embeddable":true,"href":"https:\/\/roveyayinevi.com.tr\/index.php\/wp-json\/wp\/v2\/product_tag?post=718772"}],"curies":[{"name":"wp","href":"https:\/\/api.w.org\/{rel}","templated":true}]}}