{"id":718770,"date":"2025-08-27T18:13:26","date_gmt":"2025-08-27T15:13:26","guid":{"rendered":"https:\/\/roveyayinevi.com.tr\/index.php\/urun\/cilgin-bir-ihtiyarin-guncesi\/"},"modified":"2026-04-03T02:33:26","modified_gmt":"2026-04-02T23:33:26","slug":"cilgin-bir-ihtiyarin-guncesi","status":"publish","type":"product","link":"https:\/\/roveyayinevi.com.tr\/index.php\/urun\/cilgin-bir-ihtiyarin-guncesi\/","title":{"rendered":"\u00c7\u0131lg\u0131n Bir \u0130htiyar\u0131n G\u00fcncesi"},"content":{"rendered":"<p>Ge\u00e7en g\u00fcn hastanede tomografi \u00e7ektirdi\u011fim zaman kanser olabilir dediklerinde bizim han\u0131m ve hem\u015firenin y\u00fcz\u00fc sapsar\u0131 olmu\u015f gibiydi, ama ben hi\u00e7 oral\u0131 olmad\u0131m. Bu kadar sakin olmama kendim de \u015fa\u015f\u0131rd\u0131m. Uzun mu uzun y\u0131llar s\u00fcren \u00f6mr\u00fcm b\u00f6ylece bitiyor demek ki, diye bir par\u00e7a rahatlad\u0131m hatta. K\u0131sacas\u0131, bu d\u00fcnyaya \u00e7ivi \u00e7akma gibi bir niyetim yok ama ya\u015fad\u0131\u011f\u0131m m\u00fcddet\u00e7e kar\u015f\u0131 cinsin cazibesine kap\u0131lmadan da edemiyorum.  Bu duygum \u00f6lece\u011fim dakikaya kadar s\u00fcrecek herhalde. Tokyolu aile reisi Utsugi seksenine merdiven dayam\u0131\u015ft\u0131r. Ya\u015fl\u0131l\u0131k y\u0131llar\u0131ndaki ihtiyar\u0131n, etraf\u0131nda pervane olan e\u015fini, \u00e7ocuklar\u0131n\u0131, bak\u0131c\u0131lar\u0131n\u0131 g\u00f6recek g\u00f6z\u00fc yoktur. Saplant\u0131 haline getirdi\u011fi gelini Satsuko\u2019nunsa bir dedi\u011fini iki etmez. Ya\u015flanan bedenine, yakas\u0131n\u0131 b\u0131rakmayan sa\u011fl\u0131k sorunlar\u0131na ve her g\u00fcn daha da yakla\u015fan \u00f6l\u00fcme ra\u011fmen  aksatmadan tuttu\u011fu g\u00fcncesinde ihtiraslar\u0131n\u0131, duygular\u0131n\u0131 h\u00fcz\u00fcnl\u00fc bir ironiyle kaydeder. \u00c7\u0131lg\u0131n Bir \u0130htiyar\u0131n G\u00fcncesi, Tanizaki\u2019nin ya\u015fl\u0131l\u0131k y\u0131llar\u0131n\u0131 duru ve mizah dolu bir kalemle ele ald\u0131\u011f\u0131 bir varolu\u015f trajikomedisi. \u201cModern Japon edebiyat\u0131n\u0131n bu b\u00fcy\u00fck ustas\u0131yla okurlar mutlaka tan\u0131\u015fmal\u0131.\u201d Anthony Burgess <\/p>\n","protected":false},"excerpt":{"rendered":"<p>Ge\u00e7en g\u00fcn hastanede tomografi \u00e7ektirdi\u011fim zaman kanser olabilir dediklerinde bizim han\u0131m ve hem\u015firenin y\u00fcz\u00fc sapsar\u0131 olmu\u015f gibiydi, ama ben hi\u00e7 oral\u0131 olmad\u0131m. Bu kadar sakin olmama<span class=\"excerpt-hellip\"> [\u2026]<\/span><\/p>\n","protected":false},"featured_media":0,"template":"","meta":{"_monsterinsights_skip_tracking":false,"_monsterinsights_sitenote_active":false,"_monsterinsights_sitenote_note":"","_monsterinsights_sitenote_category":0},"product_brand":[],"product_cat":[12291,12711],"product_tag":[],"class_list":{"0":"post-718770","1":"product","2":"type-product","3":"status-publish","5":"product_cat-edebiyat","6":"product_cat-roman-oyku","7":"pa_cilt-ciltsiz","8":"pa_tur-kitap","9":"pa_yayinevi-can-yayinlari","10":"pa_yazar-cuniciro-tanizaki","12":"first","13":"instock","14":"sale","15":"shipping-taxable","16":"purchasable","17":"product-type-simple"},"_links":{"self":[{"href":"https:\/\/roveyayinevi.com.tr\/index.php\/wp-json\/wp\/v2\/product\/718770","targetHints":{"allow":["GET"]}}],"collection":[{"href":"https:\/\/roveyayinevi.com.tr\/index.php\/wp-json\/wp\/v2\/product"}],"about":[{"href":"https:\/\/roveyayinevi.com.tr\/index.php\/wp-json\/wp\/v2\/types\/product"}],"wp:attachment":[{"href":"https:\/\/roveyayinevi.com.tr\/index.php\/wp-json\/wp\/v2\/media?parent=718770"}],"wp:term":[{"taxonomy":"product_brand","embeddable":true,"href":"https:\/\/roveyayinevi.com.tr\/index.php\/wp-json\/wp\/v2\/product_brand?post=718770"},{"taxonomy":"product_cat","embeddable":true,"href":"https:\/\/roveyayinevi.com.tr\/index.php\/wp-json\/wp\/v2\/product_cat?post=718770"},{"taxonomy":"product_tag","embeddable":true,"href":"https:\/\/roveyayinevi.com.tr\/index.php\/wp-json\/wp\/v2\/product_tag?post=718770"}],"curies":[{"name":"wp","href":"https:\/\/api.w.org\/{rel}","templated":true}]}}