{"id":718766,"date":"2025-08-27T18:13:23","date_gmt":"2025-08-27T15:13:23","guid":{"rendered":"https:\/\/roveyayinevi.com.tr\/index.php\/urun\/dagilmis-dag\/"},"modified":"2026-04-03T02:33:26","modified_gmt":"2026-04-02T23:33:26","slug":"dagilmis-dag","status":"publish","type":"product","link":"https:\/\/roveyayinevi.com.tr\/index.php\/urun\/dagilmis-dag\/","title":{"rendered":"Da\u011f\u0131lm\u0131\u015f Da\u011f"},"content":{"rendered":"<p>\u201cBen s\u0131rt\u0131na say\u0131s\u0131z hane kurulmu\u015f, nice cinsten sakine durak olmu\u015f bir da\u011f\u0131m. Sava\u015flar g\u00f6rd\u00fcm, kanlarla suland\u0131 y\u00fcz\u00fcm, canlar devrildi ba\u011fr\u0131ma ve damarlar\u0131ma canlar g\u00f6md\u00fcm. \u00c7i\u00e7ek de a\u00e7t\u0131m, dikene de d\u00f6nd\u00fcm; g\u0131da da oldum afet de\u2026 Binlerce y\u0131ld\u0131r ferah bir dinleni\u015fteyim. Civar\u0131mda ne varsa hepsinden y\u00fcceyim. Bir da\u011f\u0131m ben, ne renk ne \u015fekildir kayg\u0131m. Rahat\u0131m.Rengim varm\u0131\u015f benim de, ben de ayr\u0131l\u0131\u011f\u0131 ya\u015fayacakm\u0131\u015f\u0131m demek ki vakti gelince. \u015eunlar da insanlar\u2026 Duyard\u0131m seslerini eskiden beri. Ben onlar\u0131 sadece sesten ibaret san\u0131rd\u0131m. Ben onlar\u0131 r\u00fczg\u00e2rla karde\u015f san\u0131rd\u0131m. H\u00e2lbuki kan ve kemiktenmi\u015f cisimleri. Beni, zalimce da\u011fdan koparsalar da nazik\u00e7e sarmalad\u0131lar. Y\u00fcre\u011fim hafifledi.\u201dYazar Kudret Ay\u015fe Y\u0131lmaz\u2019\u0131n \u201chik\u00e2yesi sava\u015fla ba\u015flayan bir yazar\u0131n kendisiyle ve d\u00fcnyayla bar\u0131\u015f\u0131\u201d \u015feklinde tarif etti\u011fi bu kitap, i\u00e7indeki hik\u00e2yeler ile belki de bir yerlerde, hen\u00fcz birbirini ve hatta kendini tan\u0131mayan nicesinin de kendiyle ve d\u00fcnyayla bar\u0131\u015f\u0131 olacakt\u0131r. Kim bilir\u2026<\/p>\n","protected":false},"excerpt":{"rendered":"<p>\u201cBen s\u0131rt\u0131na say\u0131s\u0131z hane kurulmu\u015f, nice cinsten sakine durak olmu\u015f bir da\u011f\u0131m. Sava\u015flar g\u00f6rd\u00fcm, kanlarla suland\u0131 y\u00fcz\u00fcm, canlar devrildi ba\u011fr\u0131ma ve damarlar\u0131ma canlar g\u00f6md\u00fcm. \u00c7i\u00e7ek de<span class=\"excerpt-hellip\"> [\u2026]<\/span><\/p>\n","protected":false},"featured_media":0,"template":"","meta":{"_monsterinsights_skip_tracking":false,"_monsterinsights_sitenote_active":false,"_monsterinsights_sitenote_note":"","_monsterinsights_sitenote_category":0},"product_brand":[],"product_cat":[12291,12711],"product_tag":[],"class_list":{"0":"post-718766","1":"product","2":"type-product","3":"status-publish","5":"product_cat-edebiyat","6":"product_cat-roman-oyku","7":"pa_cilt-ciltsiz","8":"pa_tur-kitap","9":"pa_yayinevi-otuken-nesriyat","10":"pa_yazar-kudret-ayse-yilmaz","12":"first","13":"instock","14":"sale","15":"shipping-taxable","16":"purchasable","17":"product-type-simple"},"_links":{"self":[{"href":"https:\/\/roveyayinevi.com.tr\/index.php\/wp-json\/wp\/v2\/product\/718766","targetHints":{"allow":["GET"]}}],"collection":[{"href":"https:\/\/roveyayinevi.com.tr\/index.php\/wp-json\/wp\/v2\/product"}],"about":[{"href":"https:\/\/roveyayinevi.com.tr\/index.php\/wp-json\/wp\/v2\/types\/product"}],"wp:attachment":[{"href":"https:\/\/roveyayinevi.com.tr\/index.php\/wp-json\/wp\/v2\/media?parent=718766"}],"wp:term":[{"taxonomy":"product_brand","embeddable":true,"href":"https:\/\/roveyayinevi.com.tr\/index.php\/wp-json\/wp\/v2\/product_brand?post=718766"},{"taxonomy":"product_cat","embeddable":true,"href":"https:\/\/roveyayinevi.com.tr\/index.php\/wp-json\/wp\/v2\/product_cat?post=718766"},{"taxonomy":"product_tag","embeddable":true,"href":"https:\/\/roveyayinevi.com.tr\/index.php\/wp-json\/wp\/v2\/product_tag?post=718766"}],"curies":[{"name":"wp","href":"https:\/\/api.w.org\/{rel}","templated":true}]}}