{"id":718765,"date":"2025-08-27T18:13:22","date_gmt":"2025-08-27T15:13:22","guid":{"rendered":"https:\/\/roveyayinevi.com.tr\/index.php\/urun\/kol-tigin-unlemesi\/"},"modified":"2026-04-16T02:26:49","modified_gmt":"2026-04-15T23:26:49","slug":"kol-tigin-unlemesi","status":"publish","type":"product","link":"https:\/\/roveyayinevi.com.tr\/index.php\/urun\/kol-tigin-unlemesi\/","title":{"rendered":"K\u00f6l Tigin \u00dcnlemesi"},"content":{"rendered":"<p>Modern toplumsal tahayy\u00fcller i\u00e7erisinde bir milletin n\u00fcvesini olu\u015fturan ve gelece\u011fe aktaran, muhakkak ki yine o milletin i\u00e7erisinden \u00e7\u0131km\u0131\u015f ve m\u00fccadeleleriyle o millete ruh vermi\u015f kahramanlard\u0131r. Bizler biliyoruz ki, T\u00fcrk Milleti\u2019nin de y\u00fczlerce y\u0131ll\u0131k tarihinde nice kahramanlar bulunmaktad\u0131r. \u0130\u015fte bu kahramanlar\u0131 ya\u015fatacak olan, edeb\u00ee ve sanatsal unsurlarla icr\u00e2 edilmi\u015f destanlard\u0131r. Destanlar, bir millete kimlik kazand\u0131racak olan kanonik eserlerin ba\u015f\u0131nda de\u011ferlendirilir.Destan \u015fairleri, bir dil arkeolo\u011fu gibi as\u0131rlar \u00f6ncesinde toplum haf\u0131zas\u0131nda yer edinen ve milletlerin kendilerine ait olan s\u00f6z de\u011ferlerini bulmak i\u00e7in varl\u0131\u011f\u0131n\u0131 ortaya koymak zorundad\u0131r: Ba\u015fka bir ifade ile m\u00fcellif, kulland\u0131\u011f\u0131 dilin zenginle\u015fmesine ve geli\u015fmesine \u00f6nc\u00fcl\u00fck etmelidir. Bir yazar\u0131n, kendi edeb\u00ee alan\u0131nda kulland\u0131\u011f\u0131 dile yeni s\u00f6zc\u00fckler il\u00e2ve etmesiyle, bir destan \u015fairinin \u00e7al\u0131\u015ft\u0131\u011f\u0131 herhangi bir tarih\u00ee ki\u015finin yahut olay\u0131n d\u00f6nemi itibariyle unutulmu\u015f s\u00f6zc\u00fcklerini yahut ikilemelerini yeniden g\u00fcn\u0131\u015f\u0131\u011f\u0131na \u00e7\u0131karmas\u0131, ayn\u0131 maksada hizmettir.Hakan \u0130lhan Kurt, paslanm\u0131\u015f T\u00fcrk Destan \u015eiiri\u2019ne K\u00f6l Tigin \u00dcnlemesi eseriyle yeni bir soluk getirmi\u015ftir. Eserde, K\u00f6k-T\u00fcrk Ka\u011fanl\u0131\u011f\u0131 \u00fczerinden d\u00f6nemin olaylar\u0131na, \u015fah\u0131slar\u0131na ve geli\u015fmelerine dikkat \u00e7ekmekle kalmam\u0131\u015f, g\u00fcnl\u00fck hayatta kullan\u0131lan s\u00f6z gruplar\u0131na, tamlamalar\u0131na ve deyimlerine m\u0131sralar aras\u0131nda yer vermi\u015ftir. D\u00f6neme dair co\u011fraf\u00ee terimleri, dipnotlarla okuyucuya aktarm\u0131\u015f; kayna\u011f\u0131 Orhun Yaz\u0131tlar\u0131\u2019na dayanan tarih\u00ee realiteyi, g\u00fcn\u00fcm\u00fcz T\u00fcrk Destanc\u0131l\u0131\u011f\u0131 ile harmanlam\u0131\u015ft\u0131r.K\u00f6l Tigin\u2019i konu alan ilk destan \u00e7al\u0131\u015fmas\u0131 olan bu kitap, bizlere zengin bir T\u00fcrk\u00e7e ve zaman\u0131 a\u015fan bir i\u00e7erik sunmaktad\u0131r.<\/p>\n","protected":false},"excerpt":{"rendered":"<p>Modern toplumsal tahayy\u00fcller i\u00e7erisinde bir milletin n\u00fcvesini olu\u015fturan ve gelece\u011fe aktaran, muhakkak ki yine o milletin i\u00e7erisinden \u00e7\u0131km\u0131\u015f ve m\u00fccadeleleriyle o millete ruh vermi\u015f kahramanlard\u0131r. Bizler<span class=\"excerpt-hellip\"> [\u2026]<\/span><\/p>\n","protected":false},"featured_media":0,"template":"","meta":{"_monsterinsights_skip_tracking":false,"_monsterinsights_sitenote_active":false,"_monsterinsights_sitenote_note":"","_monsterinsights_sitenote_category":0},"product_brand":[],"product_cat":[12291,12711],"product_tag":[],"class_list":{"0":"post-718765","1":"product","2":"type-product","3":"status-publish","5":"product_cat-edebiyat","6":"product_cat-roman-oyku","7":"pa_cilt-ciltsiz","8":"pa_tur-kitap","9":"pa_yayinevi-otuken-nesriyat","10":"pa_yazar-hakan-ilhan-kurt","12":"first","13":"instock","14":"sale","15":"shipping-taxable","16":"purchasable","17":"product-type-simple"},"_links":{"self":[{"href":"https:\/\/roveyayinevi.com.tr\/index.php\/wp-json\/wp\/v2\/product\/718765","targetHints":{"allow":["GET"]}}],"collection":[{"href":"https:\/\/roveyayinevi.com.tr\/index.php\/wp-json\/wp\/v2\/product"}],"about":[{"href":"https:\/\/roveyayinevi.com.tr\/index.php\/wp-json\/wp\/v2\/types\/product"}],"wp:attachment":[{"href":"https:\/\/roveyayinevi.com.tr\/index.php\/wp-json\/wp\/v2\/media?parent=718765"}],"wp:term":[{"taxonomy":"product_brand","embeddable":true,"href":"https:\/\/roveyayinevi.com.tr\/index.php\/wp-json\/wp\/v2\/product_brand?post=718765"},{"taxonomy":"product_cat","embeddable":true,"href":"https:\/\/roveyayinevi.com.tr\/index.php\/wp-json\/wp\/v2\/product_cat?post=718765"},{"taxonomy":"product_tag","embeddable":true,"href":"https:\/\/roveyayinevi.com.tr\/index.php\/wp-json\/wp\/v2\/product_tag?post=718765"}],"curies":[{"name":"wp","href":"https:\/\/api.w.org\/{rel}","templated":true}]}}