{"id":718761,"date":"2025-08-27T18:13:19","date_gmt":"2025-08-27T15:13:19","guid":{"rendered":"https:\/\/roveyayinevi.com.tr\/index.php\/urun\/carl-ve-yasamin-anlami\/"},"modified":"2026-04-13T02:33:16","modified_gmt":"2026-04-12T23:33:16","slug":"carl-ve-yasamin-anlami","status":"publish","type":"product","link":"https:\/\/roveyayinevi.com.tr\/index.php\/urun\/carl-ve-yasamin-anlami\/","title":{"rendered":"Carl ve Ya\u015fam\u0131n Anlam\u0131"},"content":{"rendered":"<p>Solucan Carl, g\u00fcnlerini topra\u011f\u0131n alt\u0131nda ne\u015feyle t\u00fcneller kazarak ge\u00e7irmektedir. Ama bir g\u00fcn bir tarla faresinin basit bir sorusuyla \u015fa\u015f\u0131r\u0131r kal\u0131r: \u201cNi\u00e7in bunu yap\u0131yorsun?\u201d Bu sorunun pe\u015fine d\u00fc\u015fen Carl, onu t\u00fcm orman hayvanlar\u0131yla tan\u0131\u015ft\u0131racak bir maceraya at\u0131l\u0131r. Hayvanlar\u0131n her biri, merakl\u0131 Carl\u2019\u0131n aksine, bu d\u00fcnyada ne i\u015fe yarad\u0131\u011f\u0131n\u0131 kesinlikle biliyor gibidir. Carl, sonunda \u015funu anlar: Minicik bile olsa her canl\u0131, sadece varl\u0131\u011f\u0131yla d\u00fcnyaya de\u011fer katar.<\/p>\n","protected":false},"excerpt":{"rendered":"<p>Solucan Carl, g\u00fcnlerini topra\u011f\u0131n alt\u0131nda ne\u015feyle t\u00fcneller kazarak ge\u00e7irmektedir. Ama bir g\u00fcn bir tarla faresinin basit bir sorusuyla \u015fa\u015f\u0131r\u0131r kal\u0131r: \u201cNi\u00e7in bunu yap\u0131yorsun?\u201d Bu sorunun pe\u015fine<span class=\"excerpt-hellip\"> [\u2026]<\/span><\/p>\n","protected":false},"featured_media":0,"template":"","meta":{"_monsterinsights_skip_tracking":false,"_monsterinsights_sitenote_active":false,"_monsterinsights_sitenote_note":"","_monsterinsights_sitenote_category":0},"product_brand":[],"product_cat":[12274,12284],"product_tag":[],"class_list":{"0":"post-718761","1":"product","2":"type-product","3":"status-publish","5":"product_cat-cocuk-ve-genclik-kitaplari","6":"product_cat-hikayeler","7":"pa_cilt-ciltsiz","8":"pa_tur-kitap","9":"pa_yayinevi-kuraldisi-yayinevi","10":"pa_yazar-deborah-freedman","12":"first","13":"instock","14":"sale","15":"shipping-taxable","16":"purchasable","17":"product-type-simple"},"_links":{"self":[{"href":"https:\/\/roveyayinevi.com.tr\/index.php\/wp-json\/wp\/v2\/product\/718761","targetHints":{"allow":["GET"]}}],"collection":[{"href":"https:\/\/roveyayinevi.com.tr\/index.php\/wp-json\/wp\/v2\/product"}],"about":[{"href":"https:\/\/roveyayinevi.com.tr\/index.php\/wp-json\/wp\/v2\/types\/product"}],"wp:attachment":[{"href":"https:\/\/roveyayinevi.com.tr\/index.php\/wp-json\/wp\/v2\/media?parent=718761"}],"wp:term":[{"taxonomy":"product_brand","embeddable":true,"href":"https:\/\/roveyayinevi.com.tr\/index.php\/wp-json\/wp\/v2\/product_brand?post=718761"},{"taxonomy":"product_cat","embeddable":true,"href":"https:\/\/roveyayinevi.com.tr\/index.php\/wp-json\/wp\/v2\/product_cat?post=718761"},{"taxonomy":"product_tag","embeddable":true,"href":"https:\/\/roveyayinevi.com.tr\/index.php\/wp-json\/wp\/v2\/product_tag?post=718761"}],"curies":[{"name":"wp","href":"https:\/\/api.w.org\/{rel}","templated":true}]}}