{"id":718759,"date":"2025-08-27T18:13:18","date_gmt":"2025-08-27T15:13:18","guid":{"rendered":"https:\/\/roveyayinevi.com.tr\/index.php\/urun\/tarih-bilimi-ve-metodolojisi\/"},"modified":"2026-04-16T02:26:49","modified_gmt":"2026-04-15T23:26:49","slug":"tarih-bilimi-ve-metodolojisi","status":"publish","type":"product","link":"https:\/\/roveyayinevi.com.tr\/index.php\/urun\/tarih-bilimi-ve-metodolojisi\/","title":{"rendered":"Tarih Bilimi ve Metodolojisi"},"content":{"rendered":"<p>Tarih metodolojisi \u00fc\u00e7 temel bilgi alan\u0131na dayanmaktad\u0131r. Bunlar\u0131n birincisi tarihin felsefesi, ikincisi ilk \u00e7a\u011fdan itibaren tarih incelemelerinde \u00fcretilmi\u015f yakla\u015f\u0131mlar, \u00fc\u00e7\u00fcnc\u00fcs\u00fc ise ara\u015ft\u0131rma y\u00f6ntem ve teknikleridir. Tarih \u00fczerinde d\u00fc\u015f\u00fcnmek veya tarihi bir konuyu anlamaya ve a\u00e7\u0131klamaya \u00e7al\u0131\u015fmak, bu \u00fc\u00e7 alanda da belli d\u00fczeyde bir birikim gerektirir. Tarihin ne oldu\u011fu konusunda fikri olmayan, ge\u00e7mi\u015fte veya g\u00fcn\u00fcm\u00fczdeki farkl\u0131 bak\u0131\u015f a\u00e7\u0131lar\u0131n\u0131n neden ve nas\u0131l olu\u015ftu\u011funu idrak edemeyen bir ki\u015finin, ara\u015ft\u0131rma teknik ve y\u00f6ntemlerini \u00f6\u011frenmesi ve sa\u011fl\u0131kl\u0131 bir \u015fekilde uygulamas\u0131 beklenemez. Elinizdeki kitap, tarih metodolojisinin s\u00f6z\u00fc edilen \u00fc\u00e7 temel unsuru dikkate al\u0131narak tasarland\u0131. Kitab\u0131n muhtevas\u0131, \u00fcniversitelerimizde tarih e\u011fitim ve \u00f6\u011fretimi veren b\u00f6l\u00fcmlerdeki \u201cTarih Bilimine Giri\u015f\u201d, \u201cAra\u015ft\u0131rma Teknikleri\u201d, Tarih Metodolojisi\u201d ve \u201cSeminer\u201d gibi derslerin i\u00e7erikleri ve \u00f6\u011frenim \u00e7\u0131kt\u0131lar\u0131na uygun haz\u0131rland\u0131. Lisans \u00f6\u011frencilerinin, tarih ara\u015ft\u0131rmas\u0131nda bir fikrin\/sorunun olu\u015fmas\u0131ndan ara\u015ft\u0131rma ve yazma s\u00fcrecine kadar rehber edinebilece\u011fi bir nitelikte haz\u0131rlanm\u0131\u015f oan bu kitap, y\u00fcksek lisans ve doktora seviyesindeki \u00f6\u011frencilere hitap etmektedir. Ders kitab\u0131 format\u0131nda haz\u0131rlanm\u0131\u015f olsa da tarih merakl\u0131lar\u0131 da kitaptan istifade edebilecektir. Tarih Bilimi ve Merodolojisi adl\u0131 bu kitap, T\u00fcrkiye\u2019nin en deneyimli bilim insanlar\u0131n\u0131n kolektif \u00e7al\u0131\u015fmas\u0131d\u0131r. Kitaptaki b\u00f6l\u00fcmler, yurt i\u00e7i ve yurt d\u0131\u015f\u0131 deneyimleriyle b\u00fcy\u00fck bir birikime sahip olan ve alanlar\u0131nda T\u00fcrkiye\u2019nin en iyileri aras\u0131nda yer alan bilim insanlar\u0131 taraf\u0131ndan kaleme al\u0131nm\u0131\u015ft\u0131r. Dolay\u0131s\u0131yla zengin bir kadro ile haz\u0131rlad\u0131\u011f\u0131m\u0131z bu kitab\u0131n, ba\u015fta \u00f6\u011frencilerimiz olmak \u00fczere, tarihi anlamak ve tarih yazmak isteyen herkes i\u00e7in vazge\u00e7ilmez bir rehber olaca\u011f\u0131n\u0131 d\u00fc\u015f\u00fcn\u00fcyorum. <\/p>\n","protected":false},"excerpt":{"rendered":"<p>Tarih metodolojisi \u00fc\u00e7 temel bilgi alan\u0131na dayanmaktad\u0131r. Bunlar\u0131n birincisi tarihin felsefesi, ikincisi ilk \u00e7a\u011fdan itibaren tarih incelemelerinde \u00fcretilmi\u015f yakla\u015f\u0131mlar, \u00fc\u00e7\u00fcnc\u00fcs\u00fc ise ara\u015ft\u0131rma y\u00f6ntem ve teknikleridir. Tarih<span class=\"excerpt-hellip\"> [\u2026]<\/span><\/p>\n","protected":false},"featured_media":0,"template":"","meta":{"_monsterinsights_skip_tracking":false,"_monsterinsights_sitenote_active":false,"_monsterinsights_sitenote_note":"","_monsterinsights_sitenote_category":0},"product_brand":[],"product_cat":[12312,12304],"product_tag":[],"class_list":{"0":"post-718759","1":"product","2":"type-product","3":"status-publish","5":"product_cat-diger","6":"product_cat-tarih","7":"pa_cilt-ciltsiz","8":"pa_tur-kitap","9":"pa_yayinevi-ideal-kultur-akademik","10":"pa_yazar-mehmet-yasar-ertas","12":"first","13":"instock","14":"sale","15":"shipping-taxable","16":"purchasable","17":"product-type-simple"},"_links":{"self":[{"href":"https:\/\/roveyayinevi.com.tr\/index.php\/wp-json\/wp\/v2\/product\/718759","targetHints":{"allow":["GET"]}}],"collection":[{"href":"https:\/\/roveyayinevi.com.tr\/index.php\/wp-json\/wp\/v2\/product"}],"about":[{"href":"https:\/\/roveyayinevi.com.tr\/index.php\/wp-json\/wp\/v2\/types\/product"}],"wp:attachment":[{"href":"https:\/\/roveyayinevi.com.tr\/index.php\/wp-json\/wp\/v2\/media?parent=718759"}],"wp:term":[{"taxonomy":"product_brand","embeddable":true,"href":"https:\/\/roveyayinevi.com.tr\/index.php\/wp-json\/wp\/v2\/product_brand?post=718759"},{"taxonomy":"product_cat","embeddable":true,"href":"https:\/\/roveyayinevi.com.tr\/index.php\/wp-json\/wp\/v2\/product_cat?post=718759"},{"taxonomy":"product_tag","embeddable":true,"href":"https:\/\/roveyayinevi.com.tr\/index.php\/wp-json\/wp\/v2\/product_tag?post=718759"}],"curies":[{"name":"wp","href":"https:\/\/api.w.org\/{rel}","templated":true}]}}