{"id":718756,"date":"2025-08-27T18:13:16","date_gmt":"2025-08-27T15:13:16","guid":{"rendered":"https:\/\/roveyayinevi.com.tr\/index.php\/urun\/politikaya-giris\/"},"modified":"2026-04-16T02:26:49","modified_gmt":"2026-04-15T23:26:49","slug":"politikaya-giris","status":"publish","type":"product","link":"https:\/\/roveyayinevi.com.tr\/index.php\/urun\/politikaya-giris\/","title":{"rendered":"Politikaya Giri\u015f"},"content":{"rendered":"<p>Devlete neden boyun e\u011feriz?Devletin istenci, halk\u0131n istenci midir?Otoriter devlette birey kalabilmenin yolu olarak etkin talepler bir alternatif midir?E\u015fit ekonomik g\u00fc\u00e7, e\u015fit etkin talep midir?Adam Smith\u2019in \u2018g\u00f6r\u00fcnmez el\u2019 fikri, Bentham\u2019\u0131n \u2018s\u00f6zle\u015fme \u00f6zg\u00fcrl\u00fc\u011f\u00fcn\u00fcn b\u00fct\u00fcn toplumsal hastal\u0131klar\u0131n ilac\u0131 oldu\u011fu\u2019 fikri ve Hegel\u2019in \u2018tarih\u00ee evrimin verdi\u011fi dersin daha \u00e7ok \u00f6zg\u00fcrl\u00fck oldu\u011fu\u2019 \u00f6ng\u00f6r\u00fcs\u00fcnden modern devlete, hukuki emirlerin ve egemenli\u011fin do\u011fas\u0131 nedir?\u0130ngiliz politika bilimci ve devlet kuramc\u0131s\u0131 Harold Laski\u2019nin Politikaya Giri\u015f adl\u0131 veciz eseri, politikan\u0131n temel problemlerini, teknik ayr\u0131nt\u0131lardan ar\u0131nd\u0131rarak, devletin do\u011fas\u0131n\u0131 sorgulamaya, ifade ve \u00f6rg\u00fctlenme \u00f6zg\u00fcrl\u00fc\u011f\u00fcne, etkin hayat kalitesi istemine \u00e7a\u011f\u0131r\u0131yor. Ayn\u0131 zamanda elinizdeki kitap, \u201cAdil olmad\u0131k\u00e7a \u00f6zg\u00fcr olamay\u0131z ve adalet e\u015fitlikle m\u00fcmk\u00fcnd\u00fcr.\u201d mottosunu hayk\u0131r\u0131yor.<\/p>\n","protected":false},"excerpt":{"rendered":"<p>Devlete neden boyun e\u011feriz?Devletin istenci, halk\u0131n istenci midir?Otoriter devlette birey kalabilmenin yolu olarak etkin talepler bir alternatif midir?E\u015fit ekonomik g\u00fc\u00e7, e\u015fit etkin talep midir?Adam Smith\u2019in \u2018g\u00f6r\u00fcnmez<span class=\"excerpt-hellip\"> [\u2026]<\/span><\/p>\n","protected":false},"featured_media":0,"template":"","meta":{"_monsterinsights_skip_tracking":false,"_monsterinsights_sitenote_active":false,"_monsterinsights_sitenote_note":"","_monsterinsights_sitenote_category":0},"product_brand":[],"product_cat":[12388,15536],"product_tag":[],"class_list":{"0":"post-718756","1":"product","2":"type-product","3":"status-publish","5":"product_cat-felsefe","6":"product_cat-siyaset-felsefesi","7":"pa_cilt-ciltsiz","8":"pa_tur-kitap","9":"pa_yayinevi-fol-kitap","10":"pa_yazar-harold-joseph-laski","12":"first","13":"instock","14":"sale","15":"shipping-taxable","16":"purchasable","17":"product-type-simple"},"_links":{"self":[{"href":"https:\/\/roveyayinevi.com.tr\/index.php\/wp-json\/wp\/v2\/product\/718756","targetHints":{"allow":["GET"]}}],"collection":[{"href":"https:\/\/roveyayinevi.com.tr\/index.php\/wp-json\/wp\/v2\/product"}],"about":[{"href":"https:\/\/roveyayinevi.com.tr\/index.php\/wp-json\/wp\/v2\/types\/product"}],"wp:attachment":[{"href":"https:\/\/roveyayinevi.com.tr\/index.php\/wp-json\/wp\/v2\/media?parent=718756"}],"wp:term":[{"taxonomy":"product_brand","embeddable":true,"href":"https:\/\/roveyayinevi.com.tr\/index.php\/wp-json\/wp\/v2\/product_brand?post=718756"},{"taxonomy":"product_cat","embeddable":true,"href":"https:\/\/roveyayinevi.com.tr\/index.php\/wp-json\/wp\/v2\/product_cat?post=718756"},{"taxonomy":"product_tag","embeddable":true,"href":"https:\/\/roveyayinevi.com.tr\/index.php\/wp-json\/wp\/v2\/product_tag?post=718756"}],"curies":[{"name":"wp","href":"https:\/\/api.w.org\/{rel}","templated":true}]}}