{"id":718753,"date":"2025-08-27T18:13:14","date_gmt":"2025-08-27T15:13:14","guid":{"rendered":"https:\/\/roveyayinevi.com.tr\/index.php\/urun\/dil-felsefesi\/"},"modified":"2026-04-16T02:26:49","modified_gmt":"2026-04-15T23:26:49","slug":"dil-felsefesi","status":"publish","type":"product","link":"https:\/\/roveyayinevi.com.tr\/index.php\/urun\/dil-felsefesi\/","title":{"rendered":"Dil Felsefesi"},"content":{"rendered":"<p>Felsefe ve bilimde \u00f6zl\u00fc de\u011fi\u015fimlerin ya\u015fand\u0131\u011f\u0131 bir d\u00f6nem olarak 19. y\u00fczy\u0131l\u0131n, Frege\u2019nin 1884 y\u0131l\u0131nda yay\u0131mlam\u0131\u015f oldu\u011fu Aritmeti\u011fin Temelleri adl\u0131 eseri ile birlikte dil felsefesinin do\u011fumuna da \u015fahitlik etti\u011fi s\u00f6ylenebilir.Bug\u00fcn art\u0131k kli\u015fe bir hakikat olarak \u2018Kant\u2019a ra\u011fmen, Kant\u2019la birlikte felsefe\u2019 ifadesinin \u2018Kant\u2019a ra\u011fmen\u2019 taraf\u0131nda yer alan Frege ile ba\u015flayan dil felsefesi, y\u00fcz y\u0131l\u0131 a\u015fk\u0131n maceras\u0131nda \u00e7o\u011fu zaman kol kola y\u00fcr\u00fcd\u00fc\u011f\u00fc mant\u0131kla birlikte felsefenin bir\u00e7ok alan\u0131nda zengin tart\u0131\u015fmalara kaynakl\u0131k etti.T\u00fcm bu tart\u0131\u015fmalar\u0131, Frege\u2019den Wittgenstein\u2019a, Chomsky\u2019den Derrida\u2019ya dek analitik-bilimsel-k\u0131ta felsefesi \u00fc\u00e7geninde kronolojik bir s\u0131ray\u0131 takip ederek ele alan elinizdeki kitap, okurlar\u0131na dil felsefesinin kilit d\u00fc\u015f\u00fcn\u00fcrleri \u00fczerinden tarihsel ser\u00fcvenini aktar\u0131yor.<\/p>\n","protected":false},"excerpt":{"rendered":"<p>Felsefe ve bilimde \u00f6zl\u00fc de\u011fi\u015fimlerin ya\u015fand\u0131\u011f\u0131 bir d\u00f6nem olarak 19. y\u00fczy\u0131l\u0131n, Frege\u2019nin 1884 y\u0131l\u0131nda yay\u0131mlam\u0131\u015f oldu\u011fu Aritmeti\u011fin Temelleri adl\u0131 eseri ile birlikte dil felsefesinin do\u011fumuna da<span class=\"excerpt-hellip\"> [\u2026]<\/span><\/p>\n","protected":false},"featured_media":0,"template":"","meta":{"_monsterinsights_skip_tracking":false,"_monsterinsights_sitenote_active":false,"_monsterinsights_sitenote_note":"","_monsterinsights_sitenote_category":0},"product_brand":[],"product_cat":[16038,12388],"product_tag":[],"class_list":{"0":"post-718753","1":"product","2":"type-product","3":"status-publish","5":"product_cat-arastirma-inceleme-referans-felsefe","6":"product_cat-felsefe","7":"pa_cilt-ciltsiz","8":"pa_tur-kitap","9":"pa_yayinevi-fol-kitap","10":"pa_yazar-barry-lee","12":"first","13":"instock","14":"sale","15":"shipping-taxable","16":"purchasable","17":"product-type-simple"},"_links":{"self":[{"href":"https:\/\/roveyayinevi.com.tr\/index.php\/wp-json\/wp\/v2\/product\/718753","targetHints":{"allow":["GET"]}}],"collection":[{"href":"https:\/\/roveyayinevi.com.tr\/index.php\/wp-json\/wp\/v2\/product"}],"about":[{"href":"https:\/\/roveyayinevi.com.tr\/index.php\/wp-json\/wp\/v2\/types\/product"}],"wp:attachment":[{"href":"https:\/\/roveyayinevi.com.tr\/index.php\/wp-json\/wp\/v2\/media?parent=718753"}],"wp:term":[{"taxonomy":"product_brand","embeddable":true,"href":"https:\/\/roveyayinevi.com.tr\/index.php\/wp-json\/wp\/v2\/product_brand?post=718753"},{"taxonomy":"product_cat","embeddable":true,"href":"https:\/\/roveyayinevi.com.tr\/index.php\/wp-json\/wp\/v2\/product_cat?post=718753"},{"taxonomy":"product_tag","embeddable":true,"href":"https:\/\/roveyayinevi.com.tr\/index.php\/wp-json\/wp\/v2\/product_tag?post=718753"}],"curies":[{"name":"wp","href":"https:\/\/api.w.org\/{rel}","templated":true}]}}