{"id":718751,"date":"2025-08-27T18:13:13","date_gmt":"2025-08-27T15:13:13","guid":{"rendered":"https:\/\/roveyayinevi.com.tr\/index.php\/urun\/bilimsel-dusunuse-giris\/"},"modified":"2026-04-16T02:26:49","modified_gmt":"2026-04-15T23:26:49","slug":"bilimsel-dusunuse-giris","status":"publish","type":"product","link":"https:\/\/roveyayinevi.com.tr\/index.php\/urun\/bilimsel-dusunuse-giris\/","title":{"rendered":"Bilimsel D\u00fc\u015f\u00fcn\u00fc\u015fe Giri\u015f"},"content":{"rendered":"<p>Bilimsel D\u00fc\u015f\u00fcn\u00fc\u015fe Giri\u015f, okurda \u2018bilgi sevgisi\u2019 uyand\u0131rmak ve \u2018bilimsel d\u00fc\u015f\u00fcn\u00fc\u015f\u2019 al\u0131\u015fkanl\u0131\u011f\u0131 kazand\u0131rmak amac\u0131ndad\u0131r. Din, ahlak, politika ve ideolojilerin yayd\u0131\u011f\u0131 \u2018\u00f6zlemsel d\u00fc\u015f\u00fcn\u00fc\u015fler\u2019 kar\u015f\u0131s\u0131nda H\u00fcseyin Batuhan, \u2018bilgi\u2019nin ara\u00e7lar\u0131 ile ku\u015fanmay\u0131 \u00f6neriyor. Teorik felsefenin temel problemleri olarak bilgi ve inan\u00e7, soru ve sorun aras\u0131ndaki fark, bilginin Antik k\u00f6kenleri, mant\u0131k ve \u00f6nermeler; pratik felsefe ve \u00e7a\u011f\u0131m\u0131zda izd\u00fc\u015f\u00fcm\u00fc olan bilimsel, bilimd\u0131\u015f\u0131 inan\u00e7lar, belgeleme, evrim teorisi ve demokrasi tart\u0131\u015fmalar\u0131na, ele\u015ftirel ve bilimsel d\u00fc\u015f\u00fcn\u00fc\u015f ile bakabilmeyi \u00f6neriyor. Mant\u0131k\u00e7\u0131 ve bilim felsefecisi H\u00fcseyin Batuhan, anla\u015f\u0131l\u0131r ve veciz bir \u00fcslupla, felsefeye ve bilimsel d\u00fc\u015f\u00fcn\u00fc\u015fe giri\u015f yapmak isteyen okurlara sesleniyor: \u201c\u0130\u00e7inde felsefeye, daha do\u011frusu \u2018d\u00fc\u015f\u00fcnme\u2019ye kar\u015f\u0131 birazc\u0131k olsun heves uyan\u0131rsa, bu kitab\u0131 bo\u015funa yazmam\u0131\u015f olaca\u011f\u0131m. Sana ilk defa \u00e7\u0131kt\u0131\u011f\u0131n bu yeni ser\u00fcvende ba\u015far\u0131lar dilerim.\u201d <\/p>\n","protected":false},"excerpt":{"rendered":"<p>Bilimsel D\u00fc\u015f\u00fcn\u00fc\u015fe Giri\u015f, okurda \u2018bilgi sevgisi\u2019 uyand\u0131rmak ve \u2018bilimsel d\u00fc\u015f\u00fcn\u00fc\u015f\u2019 al\u0131\u015fkanl\u0131\u011f\u0131 kazand\u0131rmak amac\u0131ndad\u0131r. Din, ahlak, politika ve ideolojilerin yayd\u0131\u011f\u0131 \u2018\u00f6zlemsel d\u00fc\u015f\u00fcn\u00fc\u015fler\u2019 kar\u015f\u0131s\u0131nda H\u00fcseyin Batuhan, \u2018bilgi\u2019nin ara\u00e7lar\u0131<span class=\"excerpt-hellip\"> [\u2026]<\/span><\/p>\n","protected":false},"featured_media":0,"template":"","meta":{"_monsterinsights_skip_tracking":false,"_monsterinsights_sitenote_active":false,"_monsterinsights_sitenote_note":"","_monsterinsights_sitenote_category":0},"product_brand":[],"product_cat":[12389,12388],"product_tag":[],"class_list":{"0":"post-718751","1":"product","2":"type-product","3":"status-publish","5":"product_cat-diger-felsefe","6":"product_cat-felsefe","7":"pa_cilt-ciltsiz","8":"pa_tur-kitap","9":"pa_yayinevi-fol-kitap","10":"pa_yazar-huseyin-batuhan","12":"first","13":"instock","14":"sale","15":"shipping-taxable","16":"purchasable","17":"product-type-simple"},"_links":{"self":[{"href":"https:\/\/roveyayinevi.com.tr\/index.php\/wp-json\/wp\/v2\/product\/718751","targetHints":{"allow":["GET"]}}],"collection":[{"href":"https:\/\/roveyayinevi.com.tr\/index.php\/wp-json\/wp\/v2\/product"}],"about":[{"href":"https:\/\/roveyayinevi.com.tr\/index.php\/wp-json\/wp\/v2\/types\/product"}],"wp:attachment":[{"href":"https:\/\/roveyayinevi.com.tr\/index.php\/wp-json\/wp\/v2\/media?parent=718751"}],"wp:term":[{"taxonomy":"product_brand","embeddable":true,"href":"https:\/\/roveyayinevi.com.tr\/index.php\/wp-json\/wp\/v2\/product_brand?post=718751"},{"taxonomy":"product_cat","embeddable":true,"href":"https:\/\/roveyayinevi.com.tr\/index.php\/wp-json\/wp\/v2\/product_cat?post=718751"},{"taxonomy":"product_tag","embeddable":true,"href":"https:\/\/roveyayinevi.com.tr\/index.php\/wp-json\/wp\/v2\/product_tag?post=718751"}],"curies":[{"name":"wp","href":"https:\/\/api.w.org\/{rel}","templated":true}]}}