{"id":718748,"date":"2025-08-27T18:13:11","date_gmt":"2025-08-27T15:13:11","guid":{"rendered":"https:\/\/roveyayinevi.com.tr\/index.php\/urun\/aheste-gariplikler-adasi\/"},"modified":"2026-04-16T02:26:49","modified_gmt":"2026-04-15T23:26:49","slug":"aheste-gariplikler-adasi","status":"publish","type":"product","link":"https:\/\/roveyayinevi.com.tr\/index.php\/urun\/aheste-gariplikler-adasi\/","title":{"rendered":"Aheste &#8211; Gariplikler Adas\u0131"},"content":{"rendered":"<p>Bu ada nas\u0131l ada?Yazar kimli\u011finin yan\u0131 s\u0131ra, \u00e7eviri eserleri ve senaryo \u00e7al\u0131\u015fmalar\u0131yla tan\u0131nan It\u0131r Arda\u2019n\u0131n kaleme ald\u0131\u011f\u0131 Aheste &#8211; Gariplikler Adas\u0131, ak\u0131l almaz gibi g\u00f6r\u00fcnen olaylar\u0131n kimi zaman san\u0131ld\u0131\u011f\u0131ndan \u00e7ok daha akla yatk\u0131n gelebilece\u011fini g\u00f6zler \u00f6n\u00fcne seren bol s\u00fcrprizli bir denizci maceras\u0131.Yaratt\u0131\u011f\u0131 s\u0131rad\u0131\u015f\u0131 tiplemelerin yard\u0131m\u0131yla abs\u00fcrtten beslenen benzersiz bir mizah yaratan Arda; bu kitab\u0131yla, oyunbaz bir denizcinin, teknesiyle s\u00fcr\u00fcklendi\u011fi garip bir adada ba\u015f\u0131ndan ge\u00e7en ilgin\u00e7 ama bir o kadar da komik olaylar\u0131 anlat\u0131yor.Dokuz ya\u015f ve \u00fczeri macerasever okurlar\u0131n\u0131 f\u0131\u015f\u0131r f\u0131\u015f\u0131r dalgalar\u0131n \u00fczerinde e\u011flenceli bir ser\u00fcvene \u00e7\u0131karan Gariplikler Adas\u0131, ileti\u015fime, dayan\u0131\u015fmaya, dile ve farkl\u0131l\u0131klara vurgu yaparak ya\u015fad\u0131\u011f\u0131m\u0131z d\u00fcnyada her \u015feyin m\u00fcmk\u00fcn olabilece\u011fi ger\u00e7e\u011fini hat\u0131rlat\u0131yor.\u0130yi bir denizci ama berbat bir bal\u0131k\u00e7\u0131 olan Denizci (evet yanl\u0131\u015f okumad\u0131n\u0131z kahraman\u0131m\u0131z\u0131n ad\u0131 Denizci!) biricik teknesi Aheste ile engin mavilere do\u011fru d\u00fcmen k\u0131rarken, aniden patlayan hava y\u00fcz\u00fcnden beklenmedik bir f\u0131rt\u0131nan\u0131n g\u00f6be\u011fine s\u00fcr\u00fcklenir. Ad\u0131n\u0131n \u201cOlabilir de Olmayabilir de\u201d oldu\u011funu \u00f6\u011frenece\u011fi garip (!) bir adada a\u00e7ar g\u00f6zlerini. Aheste harap, Denizci bitapt\u0131r. \u00dcst\u00fcne \u00fcstl\u00fck Denizci\u2019nin \u015fapkas\u0131na t\u00fcneyen \u00e7okbilmi\u015f bir mart\u0131 kulu\u00e7kaya yatm\u0131\u015ft\u0131r. Tersine akan nehri, tek bir g\u00fcnde d\u00f6rt mevsimi ayn\u0131 anda ya\u015fatan havas\u0131 ve g\u00f6zleri a\u015f\u0131r\u0131 derecede bozuk oldu\u011fu i\u00e7in burnunun ucunu bile g\u00f6remeyen &#8220;karars\u0131z&#8221; sakinleriyle Gariplikler Adas\u0131 Denizci\u2019nin bundan sonraki yeni yuvas\u0131 m\u0131 olacakt\u0131r?..Zeynep \u00d6zatalay\u2019\u0131n ele avuca s\u0131\u011fmaz \u00e7izimleriyle sinematografik bir anlat\u0131m kazanan Gariplikler Adas\u0131, ola\u011fan ve ola\u011fan\u00fcst\u00fc kavramlar\u0131 \u00fczerine d\u00fc\u015f\u00fcnd\u00fcr\u00fcrken, derin konulardan e\u011flenceli meselelere bal\u0131klama dalarak alabildi\u011fine renkli bir okuma deneyimi sunuyor. <\/p>\n","protected":false},"excerpt":{"rendered":"<p>Bu ada nas\u0131l ada?Yazar kimli\u011finin yan\u0131 s\u0131ra, \u00e7eviri eserleri ve senaryo \u00e7al\u0131\u015fmalar\u0131yla tan\u0131nan It\u0131r Arda\u2019n\u0131n kaleme ald\u0131\u011f\u0131 Aheste &#8211; Gariplikler Adas\u0131, ak\u0131l almaz gibi g\u00f6r\u00fcnen olaylar\u0131n<span class=\"excerpt-hellip\"> [\u2026]<\/span><\/p>\n","protected":false},"featured_media":0,"template":"","meta":{"_monsterinsights_skip_tracking":false,"_monsterinsights_sitenote_active":false,"_monsterinsights_sitenote_note":"","_monsterinsights_sitenote_category":0},"product_brand":[],"product_cat":[12274,12284],"product_tag":[],"class_list":{"0":"post-718748","1":"product","2":"type-product","3":"status-publish","5":"product_cat-cocuk-ve-genclik-kitaplari","6":"product_cat-hikayeler","7":"pa_cilt-ciltsiz","8":"pa_tur-kitap","9":"pa_yayinevi-tudem-yayinlari","10":"pa_yazar-itir-arda","12":"first","13":"instock","14":"sale","15":"shipping-taxable","16":"purchasable","17":"product-type-simple"},"_links":{"self":[{"href":"https:\/\/roveyayinevi.com.tr\/index.php\/wp-json\/wp\/v2\/product\/718748","targetHints":{"allow":["GET"]}}],"collection":[{"href":"https:\/\/roveyayinevi.com.tr\/index.php\/wp-json\/wp\/v2\/product"}],"about":[{"href":"https:\/\/roveyayinevi.com.tr\/index.php\/wp-json\/wp\/v2\/types\/product"}],"wp:attachment":[{"href":"https:\/\/roveyayinevi.com.tr\/index.php\/wp-json\/wp\/v2\/media?parent=718748"}],"wp:term":[{"taxonomy":"product_brand","embeddable":true,"href":"https:\/\/roveyayinevi.com.tr\/index.php\/wp-json\/wp\/v2\/product_brand?post=718748"},{"taxonomy":"product_cat","embeddable":true,"href":"https:\/\/roveyayinevi.com.tr\/index.php\/wp-json\/wp\/v2\/product_cat?post=718748"},{"taxonomy":"product_tag","embeddable":true,"href":"https:\/\/roveyayinevi.com.tr\/index.php\/wp-json\/wp\/v2\/product_tag?post=718748"}],"curies":[{"name":"wp","href":"https:\/\/api.w.org\/{rel}","templated":true}]}}