{"id":718747,"date":"2025-08-27T18:13:10","date_gmt":"2025-08-27T15:13:10","guid":{"rendered":"https:\/\/roveyayinevi.com.tr\/index.php\/urun\/dahiler-okulu\/"},"modified":"2026-04-05T02:32:04","modified_gmt":"2026-04-04T23:32:04","slug":"dahiler-okulu","status":"publish","type":"product","link":"https:\/\/roveyayinevi.com.tr\/index.php\/urun\/dahiler-okulu\/","title":{"rendered":"Dahiler Okulu"},"content":{"rendered":"<p>&#8220;Sizler alan\u0131n\u0131z\u0131n en iyi \u00f6\u011frencilerisiniz. Hepiniz ya\u015fayan birer d\u00e2hisiniz. \u00dcst\u00fcn\u00fczde b\u00fcy\u00fck bir sorumluluk var. \u00dclkenin hatta d\u00fcnyan\u0131n kaderi belki de sizin elinizde ve bizler bu yolda size her t\u00fcrl\u00fc imk\u00e2n ve deste\u011fi sunaca\u011f\u0131z. Sorusu olan var m\u0131?&#8221; M\u00fcd\u00fcr konu\u015fmas\u0131n\u0131 yapt\u0131\u011f\u0131nda kimseden bir \u00e7\u0131t \u00e7\u0131km\u0131yordu. \u00d6nlerden bir k\u0131z at\u0131ld\u0131 ve &#8220;Bir yanl\u0131\u015fl\u0131k yapm\u0131\u015f olmal\u0131s\u0131n\u0131z. Bizlerin dahi oldu\u011funu s\u00f6ylediniz ama t\u00fcm notlar\u0131m\u0131 toplasan\u0131z 100 etmez.&#8221; dedi.&#8221;Evet hepinizi \u00e7ok iyi tan\u0131yorum ve notlar\u0131n\u0131n d\u00fc\u015f\u00fck oldu\u011funu biliyorum ve tabii d\u00f6v\u00fc\u015f sanatlar\u0131nda bir numara oldu\u011funu da. \u0130\u015fte bu y\u00fczden buradas\u0131n, alan\u0131nda iyi oldu\u011fun i\u00e7in. Biz sizleri buraya al\u0131\u015f\u0131lagelmi\u015f bir \u015fekilde e\u011fitmek i\u00e7in de\u011fil, i\u00e7inizdeki cevheri \u00e7\u0131karmak i\u00e7in getirdik. Hepiniz farkl\u0131 alanlarda iyisiniz ve biz bunu avantaja \u00e7evirmek i\u00e7in elimizden geleni yapaca\u011f\u0131z. Yar\u0131n sabah 8&#8217;de sizleri tekrar buraya toplayaca\u011f\u0131m. O zamana kadar hepiniz odalar\u0131n\u0131za gidip dinlenebilirsiniz.&#8221;<\/p>\n","protected":false},"excerpt":{"rendered":"<p>&#8220;Sizler alan\u0131n\u0131z\u0131n en iyi \u00f6\u011frencilerisiniz. Hepiniz ya\u015fayan birer d\u00e2hisiniz. \u00dcst\u00fcn\u00fczde b\u00fcy\u00fck bir sorumluluk var. \u00dclkenin hatta d\u00fcnyan\u0131n kaderi belki de sizin elinizde ve bizler bu yolda<span class=\"excerpt-hellip\"> [\u2026]<\/span><\/p>\n","protected":false},"featured_media":0,"template":"","meta":{"_monsterinsights_skip_tracking":false,"_monsterinsights_sitenote_active":false,"_monsterinsights_sitenote_note":"","_monsterinsights_sitenote_category":0},"product_brand":[],"product_cat":[12291,12711],"product_tag":[],"class_list":{"0":"post-718747","1":"product","2":"type-product","3":"status-publish","5":"product_cat-edebiyat","6":"product_cat-roman-oyku","7":"pa_cilt-ciltsiz","8":"pa_tur-kitap","9":"pa_yayinevi-herdem-kitap","10":"pa_yazar-aybike-oren","12":"first","13":"instock","14":"sale","15":"shipping-taxable","16":"purchasable","17":"product-type-simple"},"_links":{"self":[{"href":"https:\/\/roveyayinevi.com.tr\/index.php\/wp-json\/wp\/v2\/product\/718747","targetHints":{"allow":["GET"]}}],"collection":[{"href":"https:\/\/roveyayinevi.com.tr\/index.php\/wp-json\/wp\/v2\/product"}],"about":[{"href":"https:\/\/roveyayinevi.com.tr\/index.php\/wp-json\/wp\/v2\/types\/product"}],"wp:attachment":[{"href":"https:\/\/roveyayinevi.com.tr\/index.php\/wp-json\/wp\/v2\/media?parent=718747"}],"wp:term":[{"taxonomy":"product_brand","embeddable":true,"href":"https:\/\/roveyayinevi.com.tr\/index.php\/wp-json\/wp\/v2\/product_brand?post=718747"},{"taxonomy":"product_cat","embeddable":true,"href":"https:\/\/roveyayinevi.com.tr\/index.php\/wp-json\/wp\/v2\/product_cat?post=718747"},{"taxonomy":"product_tag","embeddable":true,"href":"https:\/\/roveyayinevi.com.tr\/index.php\/wp-json\/wp\/v2\/product_tag?post=718747"}],"curies":[{"name":"wp","href":"https:\/\/api.w.org\/{rel}","templated":true}]}}