{"id":718743,"date":"2025-08-27T18:13:08","date_gmt":"2025-08-27T15:13:08","guid":{"rendered":"https:\/\/roveyayinevi.com.tr\/index.php\/urun\/marksist-estetik\/"},"modified":"2026-04-16T02:26:49","modified_gmt":"2026-04-15T23:26:49","slug":"marksist-estetik","status":"publish","type":"product","link":"https:\/\/roveyayinevi.com.tr\/index.php\/urun\/marksist-estetik\/","title":{"rendered":"Marksist Estetik"},"content":{"rendered":"<p>Hegel diyalekti\u011fini bir \u2018mistifikasyon\u2019 olarak niteleyen Marx, onu ba\u015f a\u015fa\u011f\u0131 \u00e7evirerek bir \u2018a\u015fa\u011f\u0131dan\u2019 diyalekti\u011fe, bir materyalist diyalekti\u011fe nas\u0131l d\u00f6n\u00fc\u015ft\u00fcr\u00fcr? Marksist esteti\u011fe g\u00f6re sanat\u0131n objesi nedir ve sanat\u00e7\u0131 s\u00fcjesi ile bu obje aras\u0131ndaki ilgi nas\u0131l bir ilgidir? Sanat\u0131n yans\u0131tt\u0131\u011f\u0131 bu ger\u00e7eklik nas\u0131l bir varl\u0131kt\u0131r? Marksizm, sanat\u0131 yaln\u0131zca bir g\u00fc\u00e7, d\u00fcnyay\u0131 d\u00f6n\u00fc\u015ft\u00fcrmek i\u00e7in bir ara\u00e7sal bir g\u00fc\u00e7 olarak m\u0131 g\u00f6r\u00fcr? Do\u011faya egemen olmada bu g\u00fc\u00e7ten yararlan\u0131lamaz m\u0131? Toplumcu ger\u00e7ek\u00e7ilik bir g\u00f6r\u00fc\u015f olarak nedir ve ne yapmak istemi\u015ftir?    Marksist Estetikeserinde  \u0130smail Tunal\u0131, Marksist kuram\u0131n kurucu d\u00fc\u015f\u00fcn\u00fcrleri Marx, Engels ve Lenin ile birlikte, \u00e7a\u011fda\u015f estetik kuramc\u0131lar Luk\u00e1cs, Fischer ve HansKoch\u2019un g\u00f6r\u00fc\u015fleri \u0131\u015f\u0131\u011f\u0131nda Marksist esteti\u011fin temel tart\u0131\u015fmalar\u0131n\u0131 ele al\u0131yor.<\/p>\n","protected":false},"excerpt":{"rendered":"<p>Hegel diyalekti\u011fini bir \u2018mistifikasyon\u2019 olarak niteleyen Marx, onu ba\u015f a\u015fa\u011f\u0131 \u00e7evirerek bir \u2018a\u015fa\u011f\u0131dan\u2019 diyalekti\u011fe, bir materyalist diyalekti\u011fe nas\u0131l d\u00f6n\u00fc\u015ft\u00fcr\u00fcr? Marksist esteti\u011fe g\u00f6re sanat\u0131n objesi nedir ve<span class=\"excerpt-hellip\"> [\u2026]<\/span><\/p>\n","protected":false},"featured_media":0,"template":"","meta":{"_monsterinsights_skip_tracking":false,"_monsterinsights_sitenote_active":false,"_monsterinsights_sitenote_note":"","_monsterinsights_sitenote_category":0},"product_brand":[],"product_cat":[22741,12388],"product_tag":[],"class_list":{"0":"post-718743","1":"product","2":"type-product","3":"status-publish","5":"product_cat-estetik","6":"product_cat-felsefe","7":"pa_cilt-ciltsiz","8":"pa_tur-kitap","9":"pa_yayinevi-fol-kitap","10":"pa_yazar-ismail-tunali","12":"first","13":"instock","14":"sale","15":"shipping-taxable","16":"purchasable","17":"product-type-simple"},"_links":{"self":[{"href":"https:\/\/roveyayinevi.com.tr\/index.php\/wp-json\/wp\/v2\/product\/718743","targetHints":{"allow":["GET"]}}],"collection":[{"href":"https:\/\/roveyayinevi.com.tr\/index.php\/wp-json\/wp\/v2\/product"}],"about":[{"href":"https:\/\/roveyayinevi.com.tr\/index.php\/wp-json\/wp\/v2\/types\/product"}],"wp:attachment":[{"href":"https:\/\/roveyayinevi.com.tr\/index.php\/wp-json\/wp\/v2\/media?parent=718743"}],"wp:term":[{"taxonomy":"product_brand","embeddable":true,"href":"https:\/\/roveyayinevi.com.tr\/index.php\/wp-json\/wp\/v2\/product_brand?post=718743"},{"taxonomy":"product_cat","embeddable":true,"href":"https:\/\/roveyayinevi.com.tr\/index.php\/wp-json\/wp\/v2\/product_cat?post=718743"},{"taxonomy":"product_tag","embeddable":true,"href":"https:\/\/roveyayinevi.com.tr\/index.php\/wp-json\/wp\/v2\/product_tag?post=718743"}],"curies":[{"name":"wp","href":"https:\/\/api.w.org\/{rel}","templated":true}]}}