{"id":718741,"date":"2025-08-27T18:13:07","date_gmt":"2025-08-27T15:13:07","guid":{"rendered":"https:\/\/roveyayinevi.com.tr\/index.php\/urun\/jacques-derrida-kimdir\/"},"modified":"2026-04-16T02:26:49","modified_gmt":"2026-04-15T23:26:49","slug":"jacques-derrida-kimdir","status":"publish","type":"product","link":"https:\/\/roveyayinevi.com.tr\/index.php\/urun\/jacques-derrida-kimdir\/","title":{"rendered":"Jacques Derrida Kimdir"},"content":{"rendered":"<p>Mikics\u2019in, yol g\u00f6stericilik eden bu kitab\u0131, bir cevap niteli\u011fi ta\u015f\u0131yan ilk \u00e7al\u0131\u015fma&#8230; Bu, Derrida\u2019y\u0131 anlamak i\u00e7in olduk\u00e7a ciddi bir giri\u015fim. Martin McQuillan, Times HigherEducation   David Mikics, m\u00fckemmel bir kitap yazm\u0131\u015ft\u0131r, muhtemeldir ki bu, JacquesDerrida hakk\u0131nda \u0130ngilizcede yaz\u0131lm\u0131\u015f en iyi kitapt\u0131r. Yakla\u015f\u0131m\u0131 basit fakat \u015fahanedir: Derrida\u2019n\u0131n en \u00e7ok bilinen yaz\u0131lar\u0131nda tart\u0131\u015f\u0131lan metinleri okuyup incelemek i\u00e7in hakikaten \u00e7aba g\u00f6stermektedir. Tertemiz ve isabetlidir, \u00e7ok okunup konu\u015fulan ve pek \u00e7ok tart\u0131\u015fmaya sebebiyet veren bir kitap olacakt\u0131r. Mark Edmundson, Virginia \u00dcniversitesi   David Mikics, Frans\u0131z filozofa dair polemiklere yol a\u00e7acak apa\u00e7\u0131k bir entelekt\u00fcel biyografi sunmaktad\u0131r. Nihayetinde, JacquesDerrida Kimdir ile Derrida\u2019n\u0131n defteri kapanmam\u0131\u015f olur. Berrakl\u0131\u011f\u0131 ve gayreti ile Mikics, bir kez daha kitap sayfalar\u0131n\u0131 aralam\u0131\u015ft\u0131r. David Kaufmann, Tablet   Hem edebiyat \u00e7al\u0131\u015fmalar\u0131na hem de bilgi sosyolojisine dair genel sorulara y\u00f6nelik son derece kullan\u0131\u015fl\u0131 ve insan\u0131 i\u00e7ine \u00e7eken bir katk\u0131. John Hollander, Yale \u00dcniversitesi   Haz dolu bir vecizlik ve derin g\u00f6r\u00fc\u015fler i\u00e7eren bir kitap. StavSherez, CatholicHerald<\/p>\n","protected":false},"excerpt":{"rendered":"<p>Mikics\u2019in, yol g\u00f6stericilik eden bu kitab\u0131, bir cevap niteli\u011fi ta\u015f\u0131yan ilk \u00e7al\u0131\u015fma&#8230; Bu, Derrida\u2019y\u0131 anlamak i\u00e7in olduk\u00e7a ciddi bir giri\u015fim. Martin McQuillan, Times HigherEducation David Mikics,<span class=\"excerpt-hellip\"> [\u2026]<\/span><\/p>\n","protected":false},"featured_media":0,"template":"","meta":{"_monsterinsights_skip_tracking":false,"_monsterinsights_sitenote_active":false,"_monsterinsights_sitenote_note":"","_monsterinsights_sitenote_category":0},"product_brand":[],"product_cat":[12389,12388],"product_tag":[],"class_list":{"0":"post-718741","1":"product","2":"type-product","3":"status-publish","5":"product_cat-diger-felsefe","6":"product_cat-felsefe","7":"pa_cilt-ciltsiz","8":"pa_tur-kitap","9":"pa_yayinevi-fol-kitap","10":"pa_yazar-david-mikics","12":"first","13":"instock","14":"sale","15":"shipping-taxable","16":"purchasable","17":"product-type-simple"},"_links":{"self":[{"href":"https:\/\/roveyayinevi.com.tr\/index.php\/wp-json\/wp\/v2\/product\/718741","targetHints":{"allow":["GET"]}}],"collection":[{"href":"https:\/\/roveyayinevi.com.tr\/index.php\/wp-json\/wp\/v2\/product"}],"about":[{"href":"https:\/\/roveyayinevi.com.tr\/index.php\/wp-json\/wp\/v2\/types\/product"}],"wp:attachment":[{"href":"https:\/\/roveyayinevi.com.tr\/index.php\/wp-json\/wp\/v2\/media?parent=718741"}],"wp:term":[{"taxonomy":"product_brand","embeddable":true,"href":"https:\/\/roveyayinevi.com.tr\/index.php\/wp-json\/wp\/v2\/product_brand?post=718741"},{"taxonomy":"product_cat","embeddable":true,"href":"https:\/\/roveyayinevi.com.tr\/index.php\/wp-json\/wp\/v2\/product_cat?post=718741"},{"taxonomy":"product_tag","embeddable":true,"href":"https:\/\/roveyayinevi.com.tr\/index.php\/wp-json\/wp\/v2\/product_tag?post=718741"}],"curies":[{"name":"wp","href":"https:\/\/api.w.org\/{rel}","templated":true}]}}