{"id":718740,"date":"2025-08-27T18:13:06","date_gmt":"2025-08-27T15:13:06","guid":{"rendered":"https:\/\/roveyayinevi.com.tr\/index.php\/urun\/hegel-uzerine\/"},"modified":"2026-04-16T02:26:49","modified_gmt":"2026-04-15T23:26:49","slug":"hegel-uzerine","status":"publish","type":"product","link":"https:\/\/roveyayinevi.com.tr\/index.php\/urun\/hegel-uzerine\/","title":{"rendered":"Hegel \u00dczerine"},"content":{"rendered":"<p>Stace, kendisi bir felsefe \u00f6\u011fretmenidir, ama o, yaln\u0131zca tarafs\u0131z bir felsefe \u00f6\u011fretmeni de\u011fil, idealist bir felsefe \u00f6\u011fretmenidir. Bir idealist olarak o, Hegel\u2019in gelmi\u015f ge\u00e7mi\u015f en b\u00fcy\u00fck ve en tutarl\u0131 filozof oldu\u011funa inanmaktad\u0131r. Hegel\u2019i tamamen benimsemi\u015f bir filozof olarak onu yorumlamaya hi\u00e7 kalk\u0131\u015fmamakta, yaln\u0131zca Hegel\u2019i a\u00e7\u0131klamakta, onu tan\u0131tmaktad\u0131r. B\u00fct\u00fcn kitaplar\u0131n\u0131 taram\u0131\u015f bir ki\u015fi olarak o, bu kitaplar\u0131n b\u00fct\u00fcn\u00fcnden ortaya \u00e7\u0131kan b\u00fcy\u00fck \u2018Hegel Sistemi\u2019ni a\u00e7\u0131klamakta, bu kategoriden \u00f6tekine hangi akli \u00e7\u0131kar\u0131mlarla ge\u00e7ildi\u011fini g\u00f6stermektedir. Kitab\u0131n\u0131n yarar\u0131 da buradad\u0131r. \u00c7\u00fcnk\u00fc b\u00f6ylece, Hegel\u2019in \u015fu ya da bu konuda s\u00f6yledi\u011fi s\u00f6zden \u00f6nce, Hegelci felsefeyi, Hegelci diyalekti\u011fi meydana getiren metodoloji belirmi\u015f olmaktad\u0131r. W. T. Stace\u2019inHegel Felsefesi ve metodolojisine giri\u015f niteli\u011finde olan bu de\u011ferli \u00e7al\u0131\u015fmay\u0131, Murat Belge \u00e7evirisi ile sunuyoruz. Kitap\u00e7\u0131n\u0131zdan Hegel\u2019in \u201cDiyalektik Sistem Tablosu\u201dnu istemeyi unutmay\u0131n\u0131z.<\/p>\n","protected":false},"excerpt":{"rendered":"<p>Stace, kendisi bir felsefe \u00f6\u011fretmenidir, ama o, yaln\u0131zca tarafs\u0131z bir felsefe \u00f6\u011fretmeni de\u011fil, idealist bir felsefe \u00f6\u011fretmenidir. Bir idealist olarak o, Hegel\u2019in gelmi\u015f ge\u00e7mi\u015f en b\u00fcy\u00fck<span class=\"excerpt-hellip\"> [\u2026]<\/span><\/p>\n","protected":false},"featured_media":0,"template":"","meta":{"_monsterinsights_skip_tracking":false,"_monsterinsights_sitenote_active":false,"_monsterinsights_sitenote_note":"","_monsterinsights_sitenote_category":0},"product_brand":[],"product_cat":[12389,12388],"product_tag":[],"class_list":{"0":"post-718740","1":"product","2":"type-product","3":"status-publish","5":"product_cat-diger-felsefe","6":"product_cat-felsefe","7":"pa_cilt-ciltsiz","8":"pa_tur-kitap","9":"pa_yayinevi-fol-kitap","10":"pa_yazar-walter-terence-stace","12":"first","13":"instock","14":"sale","15":"shipping-taxable","16":"purchasable","17":"product-type-simple"},"_links":{"self":[{"href":"https:\/\/roveyayinevi.com.tr\/index.php\/wp-json\/wp\/v2\/product\/718740","targetHints":{"allow":["GET"]}}],"collection":[{"href":"https:\/\/roveyayinevi.com.tr\/index.php\/wp-json\/wp\/v2\/product"}],"about":[{"href":"https:\/\/roveyayinevi.com.tr\/index.php\/wp-json\/wp\/v2\/types\/product"}],"wp:attachment":[{"href":"https:\/\/roveyayinevi.com.tr\/index.php\/wp-json\/wp\/v2\/media?parent=718740"}],"wp:term":[{"taxonomy":"product_brand","embeddable":true,"href":"https:\/\/roveyayinevi.com.tr\/index.php\/wp-json\/wp\/v2\/product_brand?post=718740"},{"taxonomy":"product_cat","embeddable":true,"href":"https:\/\/roveyayinevi.com.tr\/index.php\/wp-json\/wp\/v2\/product_cat?post=718740"},{"taxonomy":"product_tag","embeddable":true,"href":"https:\/\/roveyayinevi.com.tr\/index.php\/wp-json\/wp\/v2\/product_tag?post=718740"}],"curies":[{"name":"wp","href":"https:\/\/api.w.org\/{rel}","templated":true}]}}