{"id":718737,"date":"2025-08-27T18:13:04","date_gmt":"2025-08-27T15:13:04","guid":{"rendered":"https:\/\/roveyayinevi.com.tr\/index.php\/urun\/cioran\/"},"modified":"2026-04-16T02:26:48","modified_gmt":"2026-04-15T23:26:48","slug":"cioran","status":"publish","type":"product","link":"https:\/\/roveyayinevi.com.tr\/index.php\/urun\/cioran\/","title":{"rendered":"Cioran"},"content":{"rendered":"<p>\u2018Her \u015fey\u2019i \u2018hi\u00e7 bir \u015fey\u2019 olarak alg\u0131layan \u00e7a\u011f\u0131m\u0131z\u0131n bu \u2018uykusuz\u2019 adam\u0131, \u2018\u00f6l\u00fcm\u00fcn, i\u00e7inde gevi\u015f getirip hayat\u0131 sindirdi\u011fini\u2019 hissederek ya\u015fad\u0131. Hayat\u0131 da umursad\u0131, \u00f6l\u00fcm\u00fc de&#8230; En iyisinin, hi\u00e7 kimsenin elinde olmayan \u2018hi\u00e7 do\u011fmamak\u2019 oldu\u011funu d\u00fc\u015f\u00fcn\u00fcyor ve aptal bir g\u00fcl\u00fcmsemeye tak\u0131l\u0131p kalaca\u011f\u0131n\u0131 da bile bile varolu\u015funa bir anlam ar\u0131yordu. Uzun gezilerinin birinde, Normandiya k\u0131rlar\u0131nda rastlad\u0131\u011f\u0131 bir cenaze t\u00f6reninde ayak\u00fcst\u00fc sohbet etti\u011fi bir k\u00f6yl\u00fc, ona hayat\u0131n da her \u015feyin de anlam\u0131n\u0131 iki s\u00f6zc\u00fckle anlat\u0131vermi\u015fti: \u201cEvet bay\u0131m, bu kadar&#8230; Hepsi bu&#8230;\u201d<\/p>\n","protected":false},"excerpt":{"rendered":"<p>\u2018Her \u015fey\u2019i \u2018hi\u00e7 bir \u015fey\u2019 olarak alg\u0131layan \u00e7a\u011f\u0131m\u0131z\u0131n bu \u2018uykusuz\u2019 adam\u0131, \u2018\u00f6l\u00fcm\u00fcn, i\u00e7inde gevi\u015f getirip hayat\u0131 sindirdi\u011fini\u2019 hissederek ya\u015fad\u0131. Hayat\u0131 da umursad\u0131, \u00f6l\u00fcm\u00fc de&#8230; En iyisinin,<span class=\"excerpt-hellip\"> [\u2026]<\/span><\/p>\n","protected":false},"featured_media":0,"template":"","meta":{"_monsterinsights_skip_tracking":false,"_monsterinsights_sitenote_active":false,"_monsterinsights_sitenote_note":"","_monsterinsights_sitenote_category":0},"product_brand":[],"product_cat":[20351,12388],"product_tag":[],"class_list":{"0":"post-718737","1":"product","2":"type-product","3":"status-publish","5":"product_cat-dusunce","6":"product_cat-felsefe","7":"pa_cilt-ciltsiz","8":"pa_tur-kitap","9":"pa_yayinevi-fol-kitap","10":"pa_yazar-kenan-sarialioglu","12":"first","13":"instock","14":"sale","15":"shipping-taxable","16":"purchasable","17":"product-type-simple"},"_links":{"self":[{"href":"https:\/\/roveyayinevi.com.tr\/index.php\/wp-json\/wp\/v2\/product\/718737","targetHints":{"allow":["GET"]}}],"collection":[{"href":"https:\/\/roveyayinevi.com.tr\/index.php\/wp-json\/wp\/v2\/product"}],"about":[{"href":"https:\/\/roveyayinevi.com.tr\/index.php\/wp-json\/wp\/v2\/types\/product"}],"wp:attachment":[{"href":"https:\/\/roveyayinevi.com.tr\/index.php\/wp-json\/wp\/v2\/media?parent=718737"}],"wp:term":[{"taxonomy":"product_brand","embeddable":true,"href":"https:\/\/roveyayinevi.com.tr\/index.php\/wp-json\/wp\/v2\/product_brand?post=718737"},{"taxonomy":"product_cat","embeddable":true,"href":"https:\/\/roveyayinevi.com.tr\/index.php\/wp-json\/wp\/v2\/product_cat?post=718737"},{"taxonomy":"product_tag","embeddable":true,"href":"https:\/\/roveyayinevi.com.tr\/index.php\/wp-json\/wp\/v2\/product_tag?post=718737"}],"curies":[{"name":"wp","href":"https:\/\/api.w.org\/{rel}","templated":true}]}}