{"id":718735,"date":"2025-08-27T18:13:03","date_gmt":"2025-08-27T15:13:03","guid":{"rendered":"https:\/\/roveyayinevi.com.tr\/index.php\/urun\/albert-einstein-2\/"},"modified":"2026-04-16T02:26:48","modified_gmt":"2026-04-15T23:26:48","slug":"albert-einstein-2","status":"publish","type":"product","link":"https:\/\/roveyayinevi.com.tr\/index.php\/urun\/albert-einstein-2\/","title":{"rendered":"Albert Einstein"},"content":{"rendered":"<p>Einstein\u2019\u0131 al\u0131\u015f\u0131lm\u0131\u015f birka\u00e7 basmakal\u0131p s\u00f6z\u00fcn \u00f6tesinde, gerek ki\u015fili\u011fi ve yarat\u0131c\u0131 bilim insan\u0131 kimli\u011fi ile tan\u0131mak, yaln\u0131z ona g\u00f6stermemiz gereken bir sayg\u0131 de\u011fildir. Bu, ayn\u0131 zamanda k\u00fclt\u00fcrel ortam\u0131m\u0131z\u0131n sa\u011fl\u0131kl\u0131 y\u00f6nde geli\u015fmesi bak\u0131m\u0131ndan hem bir g\u00f6rev hem de iyi bir f\u0131rsatt\u0131r.  Kitab\u0131n yazar\u0131 olan LeopoldInfeld, Einstein\u2019\u0131n uzun s\u00fcre yak\u0131n \u00e7al\u0131\u015fma arkada\u015fl\u0131\u011f\u0131n\u0131 yapm\u0131\u015ft\u0131r. Tan\u0131nm\u0131\u015f bir fizik\u00e7i olmas\u0131n\u0131n yan\u0131 s\u0131ra, Einstein\u2019\u0131n bilimsel \u00f6\u011fretilerini ve ki\u015fisel niteliklerini onunla do\u011frudan ili\u015fki kurmu\u015f bir bilim insan\u0131n\u0131n kaleminden \u00f6\u011frenmenin de\u011feri, okurun g\u00f6z\u00fcnden ka\u00e7mayacakt\u0131r. \u00dcstelik yazar, \u00e7a\u011fda\u015f fizikteki geli\u015fmeleri son derece a\u00e7\u0131k ve anla\u015f\u0131l\u0131r bir dille, ama hi\u00e7 bir noktada \u00fcst\u00fcnk\u00f6r\u00fcl\u00fc\u011fe ka\u00e7madan ustal\u0131kl\u0131 bir \u015fekilde verebilmi\u015ftir. Herkesin anlayabilece\u011fi, ilgiyle ve g\u00fcvenle okuyabilece\u011fi bu eseri, Cemal Y\u0131ld\u0131r\u0131m \u00e7evirisi ile sunuyoruz. <\/p>\n","protected":false},"excerpt":{"rendered":"<p>Einstein\u2019\u0131 al\u0131\u015f\u0131lm\u0131\u015f birka\u00e7 basmakal\u0131p s\u00f6z\u00fcn \u00f6tesinde, gerek ki\u015fili\u011fi ve yarat\u0131c\u0131 bilim insan\u0131 kimli\u011fi ile tan\u0131mak, yaln\u0131z ona g\u00f6stermemiz gereken bir sayg\u0131 de\u011fildir. Bu, ayn\u0131 zamanda k\u00fclt\u00fcrel<span class=\"excerpt-hellip\"> [\u2026]<\/span><\/p>\n","protected":false},"featured_media":0,"template":"","meta":{"_monsterinsights_skip_tracking":false,"_monsterinsights_sitenote_active":false,"_monsterinsights_sitenote_note":"","_monsterinsights_sitenote_category":0},"product_brand":[],"product_cat":[12389,12388],"product_tag":[],"class_list":{"0":"post-718735","1":"product","2":"type-product","3":"status-publish","5":"product_cat-diger-felsefe","6":"product_cat-felsefe","7":"pa_cilt-ciltsiz","8":"pa_tur-kitap","9":"pa_yayinevi-fol-kitap","10":"pa_yazar-leopold-infeld","12":"first","13":"instock","14":"sale","15":"shipping-taxable","16":"purchasable","17":"product-type-simple"},"_links":{"self":[{"href":"https:\/\/roveyayinevi.com.tr\/index.php\/wp-json\/wp\/v2\/product\/718735","targetHints":{"allow":["GET"]}}],"collection":[{"href":"https:\/\/roveyayinevi.com.tr\/index.php\/wp-json\/wp\/v2\/product"}],"about":[{"href":"https:\/\/roveyayinevi.com.tr\/index.php\/wp-json\/wp\/v2\/types\/product"}],"wp:attachment":[{"href":"https:\/\/roveyayinevi.com.tr\/index.php\/wp-json\/wp\/v2\/media?parent=718735"}],"wp:term":[{"taxonomy":"product_brand","embeddable":true,"href":"https:\/\/roveyayinevi.com.tr\/index.php\/wp-json\/wp\/v2\/product_brand?post=718735"},{"taxonomy":"product_cat","embeddable":true,"href":"https:\/\/roveyayinevi.com.tr\/index.php\/wp-json\/wp\/v2\/product_cat?post=718735"},{"taxonomy":"product_tag","embeddable":true,"href":"https:\/\/roveyayinevi.com.tr\/index.php\/wp-json\/wp\/v2\/product_tag?post=718735"}],"curies":[{"name":"wp","href":"https:\/\/api.w.org\/{rel}","templated":true}]}}